{"id":167,"date":"2019-11-12T20:27:46","date_gmt":"2019-11-12T22:27:46","guid":{"rendered":"https:\/\/sites.usp.br\/ppggastro\/?page_id=167"},"modified":"2020-09-02T11:05:32","modified_gmt":"2020-09-02T13:05:32","slug":"disciplinas","status":"publish","type":"page","link":"https:\/\/sites.usp.br\/ppggastro\/disciplinas\/","title":{"rendered":"Disciplinas"},"content":{"rendered":"<h4>Cr\u00e9ditos m\u00ednimos<\/h4>\n<p style=\"font-weight: 400;\">1) Para o curso de mestrado s\u00e3o exigidas, pelo menos, 96 unidades de cr\u00e9dito, compreendendo\u00a0<strong>16 cr\u00e9ditos em disciplinas<\/strong>\u00a0e 80 pelo preparo da disserta\u00e7\u00e3o.<\/p>\n<p style=\"font-weight: 400;\">\u00a02) Para o curso de doutorado direto s\u00e3o exigidas, pelo menos, 200 unidades de cr\u00e9dito, compreendendo\u00a0<strong>24 cr\u00e9ditos em disciplinas<\/strong>\u00a0e 176 pelo preparo da tese.<\/p>\n<p style=\"font-weight: 400;\">\u00a03) Para o curso de doutorado, com obten\u00e7\u00e3o pr\u00e9via do t\u00edtulo de mestre, pelo menos, 184 unidades de cr\u00e9dito,\u00a0<strong>compreendendo 8 cr\u00e9ditos em disciplinas<\/strong>\u00a0e 176 pelo preparo da tese.<\/p>\n<p><span style=\"font-size: 14pt;\"><em><strong>Lista de Disciplinas<\/strong><\/em><\/span><\/p>\n<p><a href=\"https:\/\/sites.usp.br\/ppggastro\/wp-content\/uploads\/sites\/616\/2020\/09\/Disciplinas-Credenciadas2020.pdf\">Disciplinas Credenciadas2020<\/a>","protected":false},"excerpt":{"rendered":"<p>Cr\u00e9ditos m\u00ednimos 1) Para o curso de mestrado s\u00e3o exigidas, pelo menos, 96 unidades de cr\u00e9dito, compreendendo\u00a016 cr\u00e9ditos em disciplinas\u00a0e 80 pelo preparo da disserta\u00e7\u00e3o. \u00a02) Para o curso de doutorado direto s\u00e3o exigidas, pelo menos, 200 unidades de cr\u00e9dito, compreendendo\u00a024 cr\u00e9ditos em disciplinas\u00a0e 176 pelo preparo da tese. \u00a03) Para o curso de doutorado, [&hellip;]<\/p>\n","protected":false},"author":1218,"featured_media":0,"parent":0,"menu_order":26,"comment_status":"closed","ping_status":"closed","template":"","meta":{"_monsterinsights_skip_tracking":false,"_monsterinsights_sitenote_active":false,"_monsterinsights_sitenote_note":"","_monsterinsights_sitenote_category":0,"footnotes":"","_links_to":"","_links_to_target":""},"class_list":["post-167","page","type-page","status-publish","hentry"],"_links":{"self":[{"href":"https:\/\/sites.usp.br\/ppggastro\/wp-json\/wp\/v2\/pages\/167","targetHints":{"allow":["GET"]}}],"collection":[{"href":"https:\/\/sites.usp.br\/ppggastro\/wp-json\/wp\/v2\/pages"}],"about":[{"href":"https:\/\/sites.usp.br\/ppggastro\/wp-json\/wp\/v2\/types\/page"}],"author":[{"embeddable":true,"href":"https:\/\/sites.usp.br\/ppggastro\/wp-json\/wp\/v2\/users\/1218"}],"replies":[{"embeddable":true,"href":"https:\/\/sites.usp.br\/ppggastro\/wp-json\/wp\/v2\/comments?post=167"}],"version-history":[{"count":3,"href":"https:\/\/sites.usp.br\/ppggastro\/wp-json\/wp\/v2\/pages\/167\/revisions"}],"predecessor-version":[{"id":243,"href":"https:\/\/sites.usp.br\/ppggastro\/wp-json\/wp\/v2\/pages\/167\/revisions\/243"}],"wp:attachment":[{"href":"https:\/\/sites.usp.br\/ppggastro\/wp-json\/wp\/v2\/media?parent=167"}],"curies":[{"name":"wp","href":"https:\/\/api.w.org\/{rel}","templated":true}]}}