{"id":173,"date":"2019-11-12T20:30:21","date_gmt":"2019-11-12T22:30:21","guid":{"rendered":"https:\/\/sites.usp.br\/ppggastro\/?page_id=173"},"modified":"2023-03-15T10:26:48","modified_gmt":"2023-03-15T12:26:48","slug":"apresentacao","status":"publish","type":"page","link":"https:\/\/sites.usp.br\/ppggastro\/apresentacao\/","title":{"rendered":"Avalia\u00e7\u00e3o CAPES"},"content":{"rendered":"<h4>Avalia\u00e7\u00e3o CAPES<\/h4>\n<p>A Avalia\u00e7\u00e3o do Sistema Nacional de P\u00f3s-Gradua\u00e7\u00e3o, na forma como foi estabelecida a partir de 1998\u00a0, \u00e9 orientada pela Diretoria de Avalia\u00e7\u00e3o\/Capes e realizada com a participa\u00e7\u00e3o da comunidade acad\u00eamico-cient\u00edfica por meio de consultores ad hoc. A avalia\u00e7\u00e3o \u00e9 atividade essencial para assegurar e manter a qualidade dos cursos de Mestrado e Doutorado no pa\u00eds.<\/p>\n<h4><\/h4>\n<p>&nbsp;<\/p>\n<h4><span style=\"font-family: arial, helvetica, sans-serif; font-size: 14pt; color: #993300;\"><a style=\"color: #993300;\" href=\"https:\/\/sites.usp.br\/ppggastro\/wp-content\/uploads\/sites\/616\/2020\/10\/Trienal-2010.pdf\">Avalia\u00e7\u00e3o Trienal 2010 (2007-2009)\u00a0 \u00a0 Nota 5<\/a><\/span><\/h4>\n<h4><span style=\"font-family: arial, helvetica, sans-serif; font-size: 14pt; color: #993300;\"><a style=\"color: #993300;\" href=\"https:\/\/sites.usp.br\/ppggastro\/wp-content\/uploads\/sites\/616\/2020\/10\/Trienal-2010.pdf\">Avalia\u00e7\u00e3o <\/a><a style=\"color: #993300;\" href=\"https:\/\/sites.usp.br\/ppggastro\/wp-content\/uploads\/sites\/616\/2020\/10\/Trienal-2013.pdf\">Trienal 2013 (2010-2012) \u00a0 \u00a0<\/a><a style=\"color: #993300;\" href=\"https:\/\/sites.usp.br\/ppggastro\/wp-content\/uploads\/sites\/616\/2020\/10\/Trienal-2010.pdf\">Nota 5<\/a><\/span><\/h4>\n<h4><span style=\"font-family: arial, helvetica, sans-serif; font-size: 14pt; color: #993300;\"><a style=\"color: #993300;\" href=\"https:\/\/sites.usp.br\/ppggastro\/wp-content\/uploads\/sites\/616\/2020\/10\/Trienal-2010.pdf\">Avalia\u00e7\u00e3o <\/a><a style=\"color: #993300;\" href=\"https:\/\/sites.usp.br\/ppggastro\/wp-content\/uploads\/sites\/616\/2020\/10\/Trienal-2017.pdf\">Quadrienal 2017 (2013-2016) \u00a0 <\/a><a style=\"color: #993300;\" href=\"https:\/\/sites.usp.br\/ppggastro\/wp-content\/uploads\/sites\/616\/2020\/10\/Trienal-2010.pdf\">Nota 5<\/a><\/span><\/h4>\n<p><span style=\"font-family: arial, helvetica, sans-serif; font-size: 14pt; color: #993300;\"><strong>Avalia\u00e7\u00e3o Quadrienal 2022 (2018-2021) Nota 6<\/strong><\/span><\/p>\n","protected":false},"excerpt":{"rendered":"<p>Avalia\u00e7\u00e3o CAPES A Avalia\u00e7\u00e3o do Sistema Nacional de P\u00f3s-Gradua\u00e7\u00e3o, na forma como foi estabelecida a partir de 1998\u00a0, \u00e9 orientada pela Diretoria de Avalia\u00e7\u00e3o\/Capes e realizada com a participa\u00e7\u00e3o da comunidade acad\u00eamico-cient\u00edfica por meio de consultores ad hoc. A avalia\u00e7\u00e3o \u00e9 atividade essencial para assegurar e manter a qualidade dos cursos de Mestrado e Doutorado [&hellip;]<\/p>\n","protected":false},"author":1218,"featured_media":0,"parent":0,"menu_order":17,"comment_status":"closed","ping_status":"closed","template":"","meta":{"_monsterinsights_skip_tracking":false,"_monsterinsights_sitenote_active":false,"_monsterinsights_sitenote_note":"","_monsterinsights_sitenote_category":0,"footnotes":"","_links_to":"","_links_to_target":""},"class_list":["post-173","page","type-page","status-publish","hentry"],"_links":{"self":[{"href":"https:\/\/sites.usp.br\/ppggastro\/wp-json\/wp\/v2\/pages\/173","targetHints":{"allow":["GET"]}}],"collection":[{"href":"https:\/\/sites.usp.br\/ppggastro\/wp-json\/wp\/v2\/pages"}],"about":[{"href":"https:\/\/sites.usp.br\/ppggastro\/wp-json\/wp\/v2\/types\/page"}],"author":[{"embeddable":true,"href":"https:\/\/sites.usp.br\/ppggastro\/wp-json\/wp\/v2\/users\/1218"}],"replies":[{"embeddable":true,"href":"https:\/\/sites.usp.br\/ppggastro\/wp-json\/wp\/v2\/comments?post=173"}],"version-history":[{"count":5,"href":"https:\/\/sites.usp.br\/ppggastro\/wp-json\/wp\/v2\/pages\/173\/revisions"}],"predecessor-version":[{"id":672,"href":"https:\/\/sites.usp.br\/ppggastro\/wp-json\/wp\/v2\/pages\/173\/revisions\/672"}],"wp:attachment":[{"href":"https:\/\/sites.usp.br\/ppggastro\/wp-json\/wp\/v2\/media?parent=173"}],"curies":[{"name":"wp","href":"https:\/\/api.w.org\/{rel}","templated":true}]}}