{"id":180,"date":"2019-11-12T20:33:13","date_gmt":"2019-11-12T22:33:13","guid":{"rendered":"https:\/\/sites.usp.br\/ppggastro\/?page_id=180"},"modified":"2019-11-12T20:33:56","modified_gmt":"2019-11-12T22:33:56","slug":"processo-seletivo","status":"publish","type":"page","link":"https:\/\/sites.usp.br\/ppggastro\/processo-seletivo\/","title":{"rendered":"Processo Seletivo"},"content":{"rendered":"<h4>Edital<\/h4>\n<p>&nbsp;<\/p>\n<h4><strong>\u00a0<\/strong><\/h4>\n<p style=\"font-weight: 400;\"><strong>EDITAL PARA ABERTURA DE VAGAS \u2013 PROGRAMA DE P\u00d3S-GRADUA\u00c7\u00c3O EM CI\u00caNCIAS EM GASTROENTEROLOGIA FMUSP\/2017<\/strong><\/p>\n<h4><\/h4>\n<h4>A Comiss\u00e3o Coordenadora do Programa de P\u00f3s-Gradua\u00e7\u00e3o em\u00a0<strong>Ci\u00eancias em Gastroenterologia<\/strong>\u00a0da Faculdade de Medicina da Universidade de S\u00e3o Paulo faz saber que abrir\u00e1 inscri\u00e7\u00f5es para sele\u00e7\u00e3o de candidatos a\u00a0<strong>60\u00a0(Sessenta)<\/strong>\u00a0vagas para Mestrado\/Doutorado na \u00c1rea em\u00a0<strong>Ci\u00eancias em Gastroenterologia<\/strong>, conforme abaixo discriminado:<\/h4>\n<h4><\/h4>\n<h4><strong>I. INSCRI\u00c7\u00c3O<\/strong><\/h4>\n<h4>As inscri\u00e7\u00f5es dever\u00e3o ser realizadas na secretaria do programa, \u00e0\u00a0<strong>Rua Dr. En\u00e9as de Carvalho Aguiar, 255 \u2013 9\u00ba andar \u2013 sala 9024<\/strong>\u00a0no per\u00edodo de\u00a0<strong>06\/02\/2017 a 01\/12\/2017<\/strong>, nos dias \u00fateis<strong>,\u00a0<\/strong>das\u00a0<strong>07:00 horas \u00e0s 15:00 horas.<\/strong><\/h4>\n<h4><\/h4>\n<ol>\n<li style=\"font-weight: 400;\"><strong> CONDI\u00c7\u00d5ES PARA EFETIVA\u00c7\u00c3O DA INSCRI\u00c7\u00c3O<\/strong><\/li>\n<\/ol>\n<h4>1. Formul\u00e1rio de Cadastramento de Alunos de P\u00f3s-Gradua\u00e7\u00e3o (<a href=\"http:\/\/www.fm.usp.br\/\">www.fm.usp.br<\/a>\u00a0&#8211; p\u00f3s-gradua\u00e7\u00e3o &#8211; senso estrito &#8211;\u00a0 inscri\u00e7\u00f5es)<\/h4>\n<h4>2.\u00a0 C\u00f3pia leg\u00edvel do Registro Geral (carteira de identidade); para estrangeiros: c\u00f3pia leg\u00edvel do Registro Nacional de Estrangeiros (RNE)<\/h4>\n<h4>3.\u00a0 C\u00f3pia leg\u00edvel do Cadastro de Pessoa F\u00edsica (CPF)<\/h4>\n<h4>4.\u00a0 2 fotos recentes 3 X 4<\/h4>\n<h4>5.\u00a0 C\u00f3pia leg\u00edvel do Diploma Gradua\u00e7\u00e3o, com registro do MEC (frente e verso). Na falta do diploma, apresentar declara\u00e7\u00e3o da institui\u00e7\u00e3o de origem, com data recente, constando a data em que ocorreu a cola\u00e7\u00e3o de grau.<\/h4>\n<h4>6. Hist\u00f3rico escolar, ficha de aluno, boletim ou documento equivalente, contendo eventuais reprova\u00e7\u00f5es e trancamentos, emitido por secretaria de gradua\u00e7\u00e3o, se\u00e7\u00e3o de alunos ou equivalente.<\/h4>\n<h4>7. Comprovante do pagamento de taxa de inscri\u00e7\u00e3o no valor de R$ 150,00 (cento e cinquenta reais), (a secretaria do programa fornecer\u00e1 a devida guia de recolhimento, que dever\u00e1 ser paga na Tesouraria da Faculdade de Medicina \u2013 Av. Dr. Arnaldo, 455);<\/h4>\n<h4><\/h4>\n<p style=\"font-weight: 400;\"><strong>III. PROFICI\u00caNCIA EM INGL\u00caS E PORTUGU\u00caS<\/strong><\/p>\n<h4>Ser\u00e3o aceitos os seguintes certificados de profici\u00eancia em L\u00edngua Inglesa: Reading Test in English for Candidates for Postgraduate Courses ( exame realizado pela Cultura Inglesa, exclusivamente para a Faculdade de Medicina da USP, filial Pinheiros); Pontua\u00e7\u00e3o m\u00ednima para o curso de Mestrado: 50 pontos; para o curso de Doutorado: 60 pontos; \u00a0 \u00a0 Toefl internet-based Test; Toelf Computer-based Test, ToeflPaper-based Test, IELTS, Cambridgee \u00a0Michigan.<\/h4>\n<h4>Se o candidato n\u00e3o tiver apresentado documento de profici\u00eancia na L\u00edngua Inglesa, emitido por uma das institui\u00e7\u00f5es constantes do par\u00e1grafo acima, poder\u00e1 realizar o exame de profici\u00eancia em datas previamente estipuladas pelo programa, que ocorrer\u00e1 num per\u00edodo de 6 em 6 meses. O exame de profici\u00eancia ser\u00e1 realizado por uma comiss\u00e3o presidida por um orientador pleno do Programa e por mais 2 (duas) pessoas nomeadas pela CCP.<\/h4>\n<h4>O exame constar\u00e1 da reda\u00e7\u00e3o de um resumo em ingl\u00eas, elaborada a partir de um texto em portugu\u00eas. O candidato poder\u00e1 contar com o auxilio de dicion\u00e1rio. Nota m\u00ednima de aprova\u00e7\u00e3o: 7.<\/h4>\n<h4>Os candidatos estrangeiros, al\u00e9m da profici\u00eancia em l\u00edngua inglesa, dever\u00e3o apresentar tamb\u00e9m a profici\u00eancia em L\u00edngua Portuguesa, apresentando \u00a0Certificado de Profici\u00eancia em L\u00edngua Portuguesa para Estrangeiros, emitido pela CELPE-BRAS (<a href=\"http:\/\/portal.mec.gov.br\/sesu\">http:\/\/portal.mec.gov.br\/sesu<\/a>), n\u00edvel intermedi\u00e1rio ou superior,\u00a0em at\u00e9 24 meses\u00a0 antes do prazo limite do curso\u00a0 ou poder\u00e1 se submeter a \u00a0uma\u00a0 avalia\u00e7\u00e3o da profici\u00eancia em \u00a0L\u00edngua Portuguesa a ser realizada por uma comiss\u00e3o presidida por um orientador pleno do Programa e por mais 2 (duas) pessoas nomeadas pela CCP.<\/h4>\n<h4>O exame constar\u00e1 da interpreta\u00e7\u00e3o de um artigo cientifico e da reda\u00e7\u00e3o de um resumo, elaborada a partir do\u00a0\u00a0texto em portugu\u00eas. O candidato poder\u00e1 contar com o auxilio de dicion\u00e1rio. Nota m\u00ednima de aprova\u00e7\u00e3o: 7.<\/h4>\n<h4><\/h4>\n<ol>\n<li style=\"font-weight: 400;\"><strong> SELE\u00c7\u00c3O<\/strong><\/li>\n<\/ol>\n<h4><\/h4>\n<h4><strong><u>MESTRADO<\/u><\/strong><\/h4>\n<h4>a) Avalia\u00e7\u00e3o do Projeto de Pesquisa \u2013 nota de 0 a 5 (O Projeto de Pesquisa ser\u00e1 avaliado pela CCP, ap\u00f3s o projeto ter sido aprovado pela comiss\u00e3o respons\u00e1vel por an\u00e1lise das quest\u00f5es \u00e9ticas em pesquisa CAPPESQ\/HCFMUSP ou CEP\/FMUSP).<\/h4>\n<h4>b) An\u00e1lise do Curriculum Lattes \u2013 nota de 0 a 4.<\/h4>\n<h4>Ser\u00e1 avaliada a forma\u00e7\u00e3o profissional e acad\u00eamica e a produ\u00e7\u00e3o cient\u00edfica em parecer circunstanciado realizado por um orientador pleno do Programa que atue em linha de pesquisa distinta daquela evidenciada no projeto de pesquisa.<\/h4>\n<h4>c) Prova oral de conhecimentos sobre a \u00e1rea e conceitos relativos \u00e0 pesquisa a ser realizada por membros da CCP onde ser\u00e3o realizadas cinco quest\u00f5es a serem respondidas em tempo de no m\u00e1ximo 30 minutos \u2013 nota de 0 a 1.<\/h4>\n<h4>d) O valor m\u00ednimo para aprova\u00e7\u00e3o ser\u00e1 7,0 (sete) na soma<\/h4>\n<h4><\/h4>\n<p style=\"font-weight: 400;\"><strong><u>DOUTORADO<\/u><\/strong><\/p>\n<h4>&#8211; Projeto de Pesquisa elaborado pelo candidato em tr\u00eas vias.<\/h4>\n<h4>Os candidatos ser\u00e3o avaliados, em car\u00e1ter eliminat\u00f3rio, atrav\u00e9s de processo seletivo.<\/h4>\n<h4>Crit\u00e9rios de sele\u00e7\u00e3o<\/h4>\n<h4>a) Avalia\u00e7\u00e3o do Projeto de Pesquisa \u2013 nota de 0 a 5. (O Projeto de Pesquisa ser\u00e1 avaliado pela CCP, ap\u00f3s o projeto ter sido aprovado pela comiss\u00e3o respons\u00e1vel por an\u00e1lise das quest\u00f5es<\/h4>\n<h4>\u00e9ticas em pesquisa \u2013 CAPPESQ\/HCFMUSP ou CEP\/FMUSP).<\/h4>\n<h4>b) An\u00e1lise do Curriculum Vitae \u2013 nota de 0 a 4.<\/h4>\n<h4>Ser\u00e1 avaliada a forma\u00e7\u00e3o profissional e acad\u00eamica e a produ\u00e7\u00e3o cient\u00edfica em parecer circunstanciado realizado por um orientador pleno do Programa que atue em linha de pesquisa distinta daquela evidenciada no projeto de pesquisa.<\/h4>\n<h4>c) Prova oral de conhecimentos sobre a \u00e1rea e conceitos relativos \u00e0 pesquisa a ser realizada por membros da CCP onde ser\u00e3o realizadas cinco quest\u00f5es a serem respondidas em tempo de no m\u00e1ximo 30 minutos \u2013 nota de 0 a 1.<\/h4>\n<h4>d) O valor m\u00ednimo para aprova\u00e7\u00e3o ser\u00e1 7,0 (sete) na soma das notas.<\/h4>\n<h4>O programa tem n\u00famero limitado de vagas para os ingressantes, vinculado \u00e0 disponibilidade dos orientadores.<\/h4>\n<h4><\/h4>\n<p style=\"font-weight: 400;\"><strong><u>DOUTORADO DIRETO<\/u><\/strong><\/p>\n<h4>Projeto de Pesquisa elaborado pelo candidato, com anu\u00eancia do potencial orientador, credenciado no Programa, em tr\u00eas vias.<\/h4>\n<h4>Os candidatos ser\u00e3o avaliados, em car\u00e1ter eliminat\u00f3rio, atrav\u00e9s de processo seletivo.<\/h4>\n<h4>II.4.2 Crit\u00e9rios de sele\u00e7\u00e3o<\/h4>\n<h4>a) Avalia\u00e7\u00e3o do Projeto de Pesquisa \u2013 nota de 0 a 5. (O mesmo ser\u00e1 avaliado pela CCP, ap\u00f3s o projeto ter sido aprovado pela comiss\u00e3o respons\u00e1vel por an\u00e1lise das quest\u00f5es \u00e9ticas em pesquisa \u2013 CAPPESQ\/HCFMUSP ou CEP\/FMUSP);<\/h4>\n<h4>b) An\u00e1lise do Curriculum Vitae \u2013 nota de 0 a 4.<\/h4>\n<h4>pr\u00e9via do t\u00edtulo de Mestre (Doutorado Direto) os candidatos dever\u00e3o apresentar comprova\u00e7\u00e3o de:<\/h4>\n<h4>&#8211; Inicia\u00e7\u00e3o cient\u00edfica com publica\u00e7\u00e3o de artigo como primeiro autor ou co-autor em revista indexada no ISI ou;<\/h4>\n<h4>&#8211; envolvimento pr\u00e9vio em pesquisa com pelo menos 1 artigo aceito para publica\u00e7\u00e3o como autor ou co-autor em peri\u00f3dico indexado no ISI com fator de impacto igual ou acima de 0,5<\/h4>\n<h4>&#8211; Candidatos com qualifica\u00e7\u00f5es excepcionais representadas por atividades e trabalhos realizados, reconhecimento cient\u00edfico evidenciado por palestras, apresenta\u00e7\u00f5es em congressos e participa\u00e7\u00f5es em comit\u00eas editoriais de revistas cient\u00edficas ser\u00e3o considerados<\/h4>\n<h4>c) Prova oral de conhecimentos sobre a \u00e1rea e conceitos relativos \u00e0 pesquisa a ser realizada por membros da CCP onde ser\u00e3o realizadas cinco quest\u00f5es a serem respondidas em tempo de no m\u00e1ximo 30 minutos \u2013 nota de 0 a 1.<\/h4>\n<h4>d) O valor m\u00ednimo para aprova\u00e7\u00e3o ser\u00e1 7,0 (sete) na soma das notas.<\/h4>\n<h4>O programa tem n\u00famero limitado de vagas para os ingressantes, vinculado \u00e0 disponibilidade dos orientadores.<\/h4>\n<h4><\/h4>\n<ol>\n<li style=\"font-weight: 400;\"><strong> RESULTADOS<\/strong><\/li>\n<\/ol>\n<h4>O resultado do processo seletivo ser\u00e1 divulgado na p\u00e1gina do programa na Internet (<a href=\"http:\/\/www.fm.usp.br\/\">www.fm.usp.br<\/a>\u00a0\u2013 p\u00f3s-gradua\u00e7\u00e3o \u2013 senso estrito\u00a0\u2013 programa \u2013 edital \u2013 resultado da sele\u00e7\u00e3o)<\/h4>\n<h4><\/h4>\n<h4><strong>VI. MATR\u00cdCULA<\/strong><\/h4>\n<h4>A matr\u00edcula dos candidatos selecionados dever\u00e1 ser realizada no mesmo local da inscri\u00e7\u00e3o,<\/h4>\n<h4>\u2022 O cumprimento do Artigo 55 do Regimento de P\u00f3s-Gradua\u00e7\u00e3o da USP \u00e9 obrigat\u00f3rio no ato da matr\u00edcula inicial.<\/h4>\n<h4>Informa\u00e7\u00f5es adicionais: (<a href=\"mailto:gastrousppg.ichc@hc.fm.usp.br\">gastrousppg.ichc@hc.fm.usp.br<\/a>\u00a0)<\/h4>\n<h4>Tels:\u00a0\u20132661-7561 ou 2661-6876 \u2013 Srta. Vilma<\/h4>\n<p style=\"font-weight: 400;\">\n","protected":false},"excerpt":{"rendered":"<p>Edital &nbsp; \u00a0 EDITAL PARA ABERTURA DE VAGAS \u2013 PROGRAMA DE P\u00d3S-GRADUA\u00c7\u00c3O EM CI\u00caNCIAS EM GASTROENTEROLOGIA FMUSP\/2017 A Comiss\u00e3o Coordenadora do Programa de P\u00f3s-Gradua\u00e7\u00e3o em\u00a0Ci\u00eancias em Gastroenterologia\u00a0da Faculdade de Medicina da Universidade de S\u00e3o Paulo faz saber que abrir\u00e1 inscri\u00e7\u00f5es para sele\u00e7\u00e3o de candidatos a\u00a060\u00a0(Sessenta)\u00a0vagas para Mestrado\/Doutorado na \u00c1rea em\u00a0Ci\u00eancias em Gastroenterologia, conforme abaixo discriminado: [&hellip;]<\/p>\n","protected":false},"author":1218,"featured_media":0,"parent":0,"menu_order":21,"comment_status":"closed","ping_status":"closed","template":"","meta":{"_monsterinsights_skip_tracking":false,"_monsterinsights_sitenote_active":false,"_monsterinsights_sitenote_note":"","_monsterinsights_sitenote_category":0,"footnotes":"","_links_to":"","_links_to_target":""},"class_list":["post-180","page","type-page","status-publish","hentry"],"_links":{"self":[{"href":"https:\/\/sites.usp.br\/ppggastro\/wp-json\/wp\/v2\/pages\/180","targetHints":{"allow":["GET"]}}],"collection":[{"href":"https:\/\/sites.usp.br\/ppggastro\/wp-json\/wp\/v2\/pages"}],"about":[{"href":"https:\/\/sites.usp.br\/ppggastro\/wp-json\/wp\/v2\/types\/page"}],"author":[{"embeddable":true,"href":"https:\/\/sites.usp.br\/ppggastro\/wp-json\/wp\/v2\/users\/1218"}],"replies":[{"embeddable":true,"href":"https:\/\/sites.usp.br\/ppggastro\/wp-json\/wp\/v2\/comments?post=180"}],"version-history":[{"count":2,"href":"https:\/\/sites.usp.br\/ppggastro\/wp-json\/wp\/v2\/pages\/180\/revisions"}],"predecessor-version":[{"id":182,"href":"https:\/\/sites.usp.br\/ppggastro\/wp-json\/wp\/v2\/pages\/180\/revisions\/182"}],"wp:attachment":[{"href":"https:\/\/sites.usp.br\/ppggastro\/wp-json\/wp\/v2\/media?parent=180"}],"curies":[{"name":"wp","href":"https:\/\/api.w.org\/{rel}","templated":true}]}}