{"id":254,"date":"2020-09-09T10:15:20","date_gmt":"2020-09-09T12:15:20","guid":{"rendered":"http:\/\/sites.usp.br\/ppggastro\/?page_id=254"},"modified":"2020-09-09T10:15:20","modified_gmt":"2020-09-09T12:15:20","slug":"mgt5736","status":"publish","type":"page","link":"https:\/\/sites.usp.br\/ppggastro\/mgt5736\/","title":{"rendered":"MGT5736"},"content":{"rendered":"&nbsp;<\/p>\n<h1><span style=\"font-size: 24pt;\">Relat\u00f3rio de Dados da Disciplina<\/span><\/h1>\n<p>Sigla:\u00a0 MGT5736 &#8211; 6\u00a0\u00a0\u00a0\u00a0\u00a0\u00a0 Tipo: POS<\/p>\n<p>Nome: Medicina Baseada em Evid\u00eancias: Fundamentos Cient\u00edficos e Aplicabilidade na Investiga\u00e7\u00e3o Cient\u00edfica<\/p>\n<p>\u00c1rea: Ci\u00eancias em Gastroenterologia (5168)<\/p>\n<p>&nbsp;<\/p>\n<p><strong>Datas de aprova\u00e7\u00e3o<\/strong><\/p>\n<p>CCP: 19\/12\/2016\u00a0\u00a0\u00a0\u00a0\u00a0\u00a0 CPG: 20\/12\/2016\u00a0\u00a0\u00a0\u00a0\u00a0\u00a0 CoPGr:<\/p>\n<p>Data de ativa\u00e7\u00e3o: 20\/12\/2016\u00a0\u00a0\u00a0\u00a0\u00a0\u00a0 Data de desativa\u00e7\u00e3o:<\/p>\n<p>&nbsp;<\/p>\n<p><strong>Carga hor\u00e1ria<\/strong><\/p>\n<p>Total: 60 h\u00a0\u00a0\u00a0\u00a0\u00a0\u00a0\u00a0 Te\u00f3rica: 5 h\u00a0\u00a0\u00a0\u00a0\u00a0\u00a0\u00a0 Pr\u00e1tica: 16 h\u00a0\u00a0\u00a0\u00a0\u00a0\u00a0\u00a0 Estudo: 9 h<\/p>\n<p>Cr\u00e9ditos: 4\u00a0\u00a0\u00a0\u00a0\u00a0\u00a0\u00a0 Dura\u00e7\u00e3o: 2 Semanas<\/p>\n<p>&nbsp;<\/p>\n<p><strong>Respons\u00e1veis<\/strong><\/p>\n<p>881675 &#8211; Fauze Maluf Filho &#8211; 20\/12\/2016 at\u00e9 data atual 1333806 &#8211; Paulo Herman &#8211; 20\/12\/2016 at\u00e9 data atual<\/p>\n<p>1399720 &#8211; Moacyr Roberto Cuce Nobre &#8211; 20\/12\/2016 at\u00e9 data atual<\/p>\n<p>&nbsp;<\/p>\n<p><strong>Objetivos<\/strong><\/p>\n<p>Definir medicina baseada em evid\u00eancias, suas fun\u00e7\u00f5es e limita\u00e7\u00f5es.<\/p>\n<ul>\n<li>Acessar a literatura m\u00e9dica e como procurar a melhor evid\u00eancia na literatura m\u00e9dica, em gastroenterologia cl\u00ednica e cir\u00fargica.<\/li>\n<li>Avaliar o impacto de pesquisas cient\u00edficas no manejo de pacientes portadores de afec\u00e7\u00f5es gastroenterol\u00f3gicas.<\/li>\n<li>Avaliar os pr\u00e9-requisitos m\u00ednimos para desenvolver um projeto de pesquisa cl\u00ednica em gastroenterologia cl\u00ednica e cir\u00fargica.<\/li>\n<li>Avaliar meta-an\u00e1lises em t\u00f3picos de gastroenterologia cl\u00ednica e cir\u00fargica.<\/li>\n<\/ul>\n<p>&nbsp;<\/p>\n<p><strong>Justificativa<\/strong><\/p>\n<p>Visando equipar o pesquisador e o futuro docente no estabelecimento exato da fronteira do conhecimento m\u00e9dico e fundamentar perguntas, que se respondidas dentro da metodologia adequada, motivar\u00e3o o progresso cient\u00edfico, organiza-se a atual disciplina. Com a facilidade em se acessar a literatura m\u00e9dica atrav\u00e9s da internet e a profus\u00e3o de peri\u00f3dicos, torna-se cada vez mais dif\u00edcil \u00e0 atualiza\u00e7\u00e3o m\u00e9dica. Sobretudo no que se referem \u00e0 sele\u00e7\u00e3o das pesquisas cujos resultados sejam os mais confi\u00e1veis e de maior impacto no manejo cl\u00ednico e cir\u00fargico de pacientes portadores de afec\u00e7\u00f5es gastroenterol\u00f3gicas. Utilizando-se do m\u00e9todo epidemiol\u00f3gico e conceitos da medicina baseada em evid\u00eancia, \u00e9 poss\u00edvel a avalia\u00e7\u00e3o da validade metodol\u00f3gica da pesquisa, da relev\u00e2ncia cl\u00ednica dos seus resultados, e da aplicabilidade de suas conclus\u00f5es na pr\u00e1tica cl\u00ednica-cir\u00fargica. \u00c9 tamb\u00e9m poss\u00edvel, procurar pela(s) pesquisa(s) que responde(m) melhor \u00e0 determinada pergunta. Por outro lado, a aplica\u00e7\u00e3o da \u201cmelhor evid\u00eancia\u201d na pr\u00e1tica m\u00e9dica di\u00e1ria exige cotej\u00e1-la com a experi\u00eancia adquirida ao longo dos anos. Assim, \u00e9 ideal o desenvolvimento dos conceitos de medicina baseada em evid\u00eancias em t\u00f3picos de gastroenterologia e cotej\u00e1-los com a experi\u00eancia adquirida nos v\u00e1rios servi\u00e7os da Disciplina de Cirurgia do Aparelho Digestivo da FMUSP.<\/p>\n<p>&nbsp;<\/p>\n<p><strong>Conte\u00fado<\/strong><\/p>\n<p>O que \u00e9 e o que n\u00e3o \u00e9 Medicina baseada em evid\u00eancias, hist\u00f3rico, fundamentos, m\u00e9todos e objetivos.<\/p>\n<ul>\n<li>Analise cr\u00edtica sobre os limites da contribui\u00e7\u00e3o do m\u00e9todo da medicina baseada em evid\u00eancias.<\/li>\n<li>Tipos de Estudos Epidemiol\u00f3gicos<\/li>\n<li>Conceitos B\u00e1sicos em Bioestat\u00edstica: Medidas de Associa\u00e7\u00e3o: Odds Ratio, Relative Risk, Likelihood Ratio, etc&#8230;<\/li>\n<li>Aplica\u00e7\u00e3o Pr\u00e1tica das Medidas de Associa\u00e7\u00e3o<\/li>\n<li>Conceitos B\u00e1sicos em Bioestat\u00edstica: Intervalo de Confian\u00e7a. Erro tipo I. Erro tipo II<\/li>\n<li>Aplica\u00e7\u00e3o Pr\u00e1tica dos Conceitos: Intervalo de Confian\u00e7a, Erro tipo I, tipo II.<\/li>\n<li>Como acessar a Literatura M\u00e9dica Como procurar pela \u201cmelhor evid\u00eancia\u201d na Literatura M\u00e9dica<\/li>\n<li>Revis\u00e3o Sistem\u00e1tica e MetaAn\u00e1lise<\/li>\n<li>Principais testes estat\u00edsticos utilizados. Como selecionar o teste? Quais os erros mais comuns?<\/li>\n<li>Utiliza\u00e7\u00e3o da MBE na ado\u00e7\u00e3o de novas tecnologias em sa\u00fade. O fluxo do SUS para credencimento de novas tecnologias em sa\u00fade.<\/li>\n<\/ul>\n<p>&nbsp;<\/p>\n<p><strong>Bibliografia<\/strong><\/p>\n<p>Pr\u00e1tica Cl\u00ednica Baseada em Evid\u00eancia. Autores: Moacyr Roberto Nobre &amp; Wanderley Bernardo. Ed. Elsevier, S\u00e3o Paulo, 2006<\/p>\n<p>Pocock SJ, Stone GW. The primary outcome is positive-is that good enough? NEJM 2016;375:971-9.<\/p>\n<p>Evidence based Gastroenterology and Hepatology. Eds. McDonald JWD, Burroughs AK, Feagan BG. BMJ, 557p. 1999. Sacret DL. Straus SE, Richardson WS, Rosenberg W, Haynes RB, Evidence based Medicine: How to practice and Teach EBM. 2nd ed. Churchill Livingstone: Edinburgh, 2000. 0-443-06240-4,261 pages. Includes CD-ROM.<\/p>\n<p>Sackett DL, Rosenberg WM, Gray JA, Haynes RB, Richardson WS. Evidence based medicine: what it is and what it isn&#8217;t. BMJ. 1996 Jan 13;312(7023):71-2.<\/p>\n<p>Collins R, MacMahon S. Reliable assessment of the effects of treatment on mortality and major morbidity, I: clinical trials. Lancet. 2001 Feb 3;357(9253):373-80.<\/p>\n<p>MacMahon S, Collins R. Reliable assessment of the effects of treatment on mortality and major morbidity, II: observational studies. Lancet. 2001 Feb 10;357(9254):455-62.<\/p>\n<p>Haynes RB, Devereaux PJ, Guyatt GH. Clinical expertise in the era of evidence-based medicine and patient choice. ACP J Club. 2002<\/p>\n<p>Mar-Apr;136(2):A11-4.<\/p>\n<p>Haynes RB, Sackett DL, Guyatt GH, Cook DJ, Gray JA. Transferring evidence from research into practice: 4. Overcoming barriers to application. ACP J Club. 1997May-Jun;126(3):A14-5.<\/p>\n<p>Muir Gray JA, Haynes RB, Sackett DL, Cook DJ, Guyatt GH. Transferring evidence from research into practice: 3. Developing evidence-based clinical policy. ACP J Club.1997Mar-Apr;126(2):A14-6.<\/p>\n<p>Haynes RB, Sackett DL, Gray JA, Cook DL, Guyatt GH. Transferring evidence from into practice: 2. Getting the evidence straight.<\/p>\n<p>ACP J Club. 1997 Jan-Feb;126(1):A14-6.<\/p>\n<p>Haynes RB, Sackett DL, Gray JM, Cook DJ, Guyatt GH. Transferring evidence from research into practice: 1. The role of clinical care research evidence in clinical decisions.ACP J Club. 1996, Nov-Dec;125(3):A14-6.<\/p>\n<p>Sites de Interesse.<\/p>\n<p><a href=\"http:\/\/www.evidbasedgastro.com\/\">www.evidbasedgastro.com<\/a><\/p>\n<p><a href=\"http:\/\/www.centrocochranedobrasil.org\/\">www.centrocochranedobrasil.org<\/a> <a href=\"http:\/\/www.evidence-based-gastro.com\/\">www.evidence-based-gastro.com<\/a><\/p>\n<p>&nbsp;<\/p>\n<p>&nbsp;<\/p>\n<p><strong>Forma de avalia\u00e7\u00e3o<\/strong><\/p>\n<p>Vide campo Observa\u00e7\u00e3o<\/p>\n<p>&nbsp;<\/p>\n<p><strong>Observac\u00e3o<\/strong><\/p>\n<p>CRIT\u00c9RIOS DE AVALIA\u00c7\u00c3O<\/p>\n<p>A avalia\u00e7\u00e3o ser\u00e1 feita por de crit\u00e9rios definidos por cada um dos professores: nota de participa\u00e7\u00e3o e ou prova escrita dissertativa para avalia\u00e7\u00e3o de compreens\u00e3o de conte\u00fado imediatamente ap\u00f3s o t\u00e9rmino de cada m\u00f3dulo respectivo. A m\u00e9dia destas avalia\u00e7\u00f5es ser\u00e1 a nota final atribu\u00edda pela Disciplina. Ser\u00e3o fornecidos artigos atualizados da literatura m\u00e9dica internacional, concernentes aos temas abordados.","protected":false},"excerpt":{"rendered":"<p>&nbsp; Relat\u00f3rio de Dados da Disciplina Sigla:\u00a0 MGT5736 &#8211; 6\u00a0\u00a0\u00a0\u00a0\u00a0\u00a0 Tipo: POS Nome: Medicina Baseada em Evid\u00eancias: Fundamentos Cient\u00edficos e Aplicabilidade na Investiga\u00e7\u00e3o Cient\u00edfica \u00c1rea: Ci\u00eancias em Gastroenterologia (5168) &nbsp; Datas de aprova\u00e7\u00e3o CCP: 19\/12\/2016\u00a0\u00a0\u00a0\u00a0\u00a0\u00a0 CPG: 20\/12\/2016\u00a0\u00a0\u00a0\u00a0\u00a0\u00a0 CoPGr: Data de ativa\u00e7\u00e3o: 20\/12\/2016\u00a0\u00a0\u00a0\u00a0\u00a0\u00a0 Data de desativa\u00e7\u00e3o: &nbsp; Carga hor\u00e1ria Total: 60 h\u00a0\u00a0\u00a0\u00a0\u00a0\u00a0\u00a0 Te\u00f3rica: 5 h\u00a0\u00a0\u00a0\u00a0\u00a0\u00a0\u00a0 Pr\u00e1tica: [&hellip;]<\/p>\n","protected":false},"author":21987,"featured_media":0,"parent":0,"menu_order":2,"comment_status":"closed","ping_status":"closed","template":"","meta":{"_monsterinsights_skip_tracking":false,"_monsterinsights_sitenote_active":false,"_monsterinsights_sitenote_note":"","_monsterinsights_sitenote_category":0,"footnotes":"","_links_to":"","_links_to_target":""},"class_list":["post-254","page","type-page","status-publish","hentry"],"_links":{"self":[{"href":"https:\/\/sites.usp.br\/ppggastro\/wp-json\/wp\/v2\/pages\/254","targetHints":{"allow":["GET"]}}],"collection":[{"href":"https:\/\/sites.usp.br\/ppggastro\/wp-json\/wp\/v2\/pages"}],"about":[{"href":"https:\/\/sites.usp.br\/ppggastro\/wp-json\/wp\/v2\/types\/page"}],"author":[{"embeddable":true,"href":"https:\/\/sites.usp.br\/ppggastro\/wp-json\/wp\/v2\/users\/21987"}],"replies":[{"embeddable":true,"href":"https:\/\/sites.usp.br\/ppggastro\/wp-json\/wp\/v2\/comments?post=254"}],"version-history":[{"count":4,"href":"https:\/\/sites.usp.br\/ppggastro\/wp-json\/wp\/v2\/pages\/254\/revisions"}],"predecessor-version":[{"id":283,"href":"https:\/\/sites.usp.br\/ppggastro\/wp-json\/wp\/v2\/pages\/254\/revisions\/283"}],"wp:attachment":[{"href":"https:\/\/sites.usp.br\/ppggastro\/wp-json\/wp\/v2\/media?parent=254"}],"curies":[{"name":"wp","href":"https:\/\/api.w.org\/{rel}","templated":true}]}}