{"id":262,"date":"2020-09-09T10:15:46","date_gmt":"2020-09-09T12:15:46","guid":{"rendered":"http:\/\/sites.usp.br\/ppggastro\/?page_id=262"},"modified":"2020-09-09T10:15:46","modified_gmt":"2020-09-09T12:15:46","slug":"mgt5771","status":"publish","type":"page","link":"https:\/\/sites.usp.br\/ppggastro\/mgt5771\/","title":{"rendered":"MGT5771"},"content":{"rendered":"<h1>Relat\u00f3rio de Dados da Disciplina<\/h1>\n<p><strong>\u00a0<\/strong><\/p>\n<p>Sigla:\u00a0 MGT5771 &#8211; 2\u00a0\u00a0\u00a0\u00a0\u00a0\u00a0 Tipo: POS<\/p>\n<p>Nome: Reda\u00e7\u00e3o de Trabalho Cient\u00edfico em Gastroenterologia: da Id\u00e9ia \u00e0 Publica\u00e7\u00e3o<\/p>\n<p>\u00c1rea: Ci\u00eancias em Gastroenterologia (5168)<\/p>\n<p>&nbsp;<\/p>\n<p><strong>Datas de aprova\u00e7\u00e3o<\/strong><\/p>\n<p>CCP: 27\/03\/2018\u00a0\u00a0\u00a0\u00a0\u00a0\u00a0 CPG: 10\/05\/2018\u00a0\u00a0\u00a0\u00a0\u00a0\u00a0 CoPGr:<\/p>\n<p>Data de ativa\u00e7\u00e3o: 10\/05\/2018\u00a0\u00a0\u00a0\u00a0\u00a0\u00a0 Data de desativa\u00e7\u00e3o:<\/p>\n<p>&nbsp;<\/p>\n<p><strong>Carga hor\u00e1ria<\/strong><\/p>\n<p>Total: 60 h\u00a0\u00a0\u00a0\u00a0\u00a0\u00a0\u00a0 Te\u00f3rica: 10 h\u00a0\u00a0\u00a0\u00a0\u00a0\u00a0\u00a0 Pr\u00e1tica: 12 h\u00a0\u00a0\u00a0\u00a0\u00a0\u00a0\u00a0 Estudo: 8 h<\/p>\n<p>Cr\u00e9ditos: 4\u00a0\u00a0\u00a0\u00a0\u00a0\u00a0\u00a0 Dura\u00e7\u00e3o: 2 Semanas<\/p>\n<p>&nbsp;<\/p>\n<p><strong>Respons\u00e1veis<\/strong><\/p>\n<p>79523 &#8211; Luiz Augusto Carneiro D Albuquerque &#8211; 10\/05\/2018 at\u00e9 data atual<\/p>\n<p>3259501 &#8211; Wellington Andraus &#8211; 10\/05\/2018 at\u00e9 data atual<\/p>\n<p>6013270 &#8211; Luciana Bertocco de Paiva Haddad &#8211; 10\/05\/2018 at\u00e9 data atual<\/p>\n<p>&nbsp;<\/p>\n<p><strong>Objetivos<\/strong><\/p>\n<p>Fornecer aos alunos de p\u00f3s-gradua\u00e7\u00e3o uma vis\u00e3o metodol\u00f3gica, baseada em um olhar pr\u00e1tico com aplica\u00e7\u00e3o de modelos cient\u00edficos (cl\u00ednicos e experimentais), e assim promover a analise e valida\u00e7\u00e3o de estudos e projetos em gastroenterologia cl\u00ednica e cir\u00fargica.<\/p>\n<p>Oferecer aos alunos de p\u00f3s-gradua\u00e7\u00e3o aspectos pr\u00e1ticos da produ\u00e7\u00e3o cient\u00edfica, incluindo: Como formular uma id\u00e9ia: o que \u00e9 public\u00e1vel?<\/p>\n<p>Como desenhar um estudo cl\u00ednico em cirurgia Como desenhar um estudo experimental.<\/p>\n<p>Como conseguir o melhor fomento para o estudo e para o aluno (FAPESP, CNPq, CAPES e FINEP). Como escrever um artigo cient\u00edfico.<\/p>\n<p>Como escolher a melhor revista para o seu artigo.<\/p>\n<p>&nbsp;<\/p>\n<p><strong>Justificativa<\/strong><\/p>\n<p>Promover o racioc\u00ednio do aluno de p\u00f3s-gradua\u00e7\u00e3o em rela\u00e7\u00e3o \u00e0 an\u00e1lise cr\u00edtica de trabalhos cient\u00edficos e produ\u00e7\u00e3o cient\u00edfica, oferecendo instrumentos pr\u00e1ticos para desenvolver e publicar sua pesquisa. O desenvolvimento de novas tecnologias e a ampla exposi\u00e7\u00e3o \u00e0 informa\u00e7\u00e3o exp\u00f5em os jovens pesquisadores a novas \u00e1reas de conhecimento.<\/p>\n<p>Utilizando de maneira pr\u00e1tica tais ferramentas o aluno poder\u00e1 com maior facilidade desenvolver sua pesquisa e posteriormente publicar o artigo resultante da mesma.<\/p>\n<p>&nbsp;<\/p>\n<p><strong>Conte\u00fado<\/strong><\/p>\n<p>An\u00e1lise de artigos publicados em em gastroenterologia cl\u00ednica e cir\u00fargica. Metodologia de levantamento bibliogr\u00e1fico para formula\u00e7\u00e3o de uma ideia de pesquisa. Metodologia de desenho de estudo cl\u00ednico em cirurgia<\/p>\n<p>Como desenhar um estudo experimental<\/p>\n<p>Como conseguir o melhor fomento para o estudo e para o aluno Como escrever um artigo cient\u00edfico<\/p>\n<p>Como escolher a melhor revista para o seu artigo<\/p>\n<p>Recursos tecnol\u00f3gicos e pesquisa: base de dados, telemedicina, bioinform\u00e1tica e redes sociais<\/p>\n<p>&nbsp;<\/p>\n<p><strong>Bibliografia<\/strong><\/p>\n<p>N\u00e9v\u00e9ol A, Shooshan SE, Humphrey SM, Mork JG, Aronson AR. A recent advance in the automatic indexing of the biomedical literature. ournal of Biomedical Informatics 42 (2009) 814\u2013823.<\/p>\n<p>Frank M. Access to the Scientific Literature \u2014 A Difficult Balance. N Engl J Med 354; 15 april 13, 2006.<\/p>\n<p>Romanov K and Aarnio M. A survey of the use of electronic scientific information resources among medical and dental students. BMC Medical Education 2006, 6:28.<\/p>\n<p>Durand F, Renz JF, Alkofer B, Burra P, Clavien AP ,Porte RJ, Freeman RB, Belghiti J. Report of the Paris Consensus Meeting on Expanded Criteria Donors in Liver Transplantation. Liver Transplantation 14:1694-1707, 2008.<\/p>\n<p>Zarrinpar A, Kaldas F, Busuttil RW. Liver transplantation for hepatocellular carcinoma: an update. Hepatobiliary Pancreat Dis Int. 2011 Jun; 10(3): 234-42.<\/p>\n<p>Kim SJ, Yoon YC, Yoo YK, Park JH, Kim DG. Clinical analysis of living donor liver transplantation: the role of living donor liver transplantation. Clin Transplant. 2012 May 17.<\/p>\n<p>STARDdem: Noel-Storr AH, McCleery JM, Richard E, Ritchie CW, Flicker L, Cullum SJ, Davis D, Quinn TJ, Hyde C, Rutjes AW, Smailagic N, Marcus S, Black S, Blennow K, Brayne C, Fiorivanti M, Johnson JK, K\u00f6pke S, Schneider LS, Simmons A, Mattsson N, Zetterberg H, Bossuyt PM, Wilcock G, McShane R. Reporting standards for studies of diagnostic test accuracy in dementia: The STARDdem Initiative. Neurology. 2014;83(4):364-373. PMID: 24944261<\/p>\n<p>Hoffmann T, Glasziou P, Boutron I, Milne R, Perera R, Moher D, Altman D, Barbour V, Macdonald H, Johnston M, Lamb S, Dixon-Woods M, McCulloch P, Wyatt J, Chan A, Michie S. Better reporting of interventions: template for intervention description and replication (TIDieR) checklist and guide. BMJ. 2014;348:g1687.<\/p>\n<p>&nbsp;<\/p>\n<p><strong>Forma de avalia\u00e7\u00e3o<\/strong><\/p>\n<p>Vide campo Observa\u00e7\u00e3o<\/p>\n<p>&nbsp;<\/p>\n<p><strong>Observa\u00e7\u00e3o<\/strong><\/p>\n<p><span style=\"text-decoration: underline;\">CRIT\u00c9RIOS DE AVALIA\u00c7\u00c3O<\/span><\/p>\n<p>Avaliar se o alunos obt\u00e9m uma boa busca bibliogr\u00e1fica sobre o assunto estudado; compress\u00e3o e interpreta\u00e7\u00e3o dos trabalhos cient\u00edficos; apresenta\u00e7\u00e3o de semin\u00e1rios e dos projetos ; presen\u00e7a nas aulas e participa\u00e7\u00e3o.<\/p>\n<p><span style=\"text-decoration: underline;\">OBSERVA\u00c7\u00d5ES<\/span><\/p>\n<p>Promover o estudo dos p\u00f3s graduandos com objetivo pr\u00e1tico e claro com a metodologia estabelecida.<\/p>\n<p><strong> A DISCIPLINA SER\u00c1 OFERECIDA EXCLUSIVAMENTE ONLINE<\/strong>","protected":false},"excerpt":{"rendered":"<p>Relat\u00f3rio de Dados da Disciplina \u00a0 Sigla:\u00a0 MGT5771 &#8211; 2\u00a0\u00a0\u00a0\u00a0\u00a0\u00a0 Tipo: POS Nome: Reda\u00e7\u00e3o de Trabalho Cient\u00edfico em Gastroenterologia: da Id\u00e9ia \u00e0 Publica\u00e7\u00e3o \u00c1rea: Ci\u00eancias em Gastroenterologia (5168) &nbsp; Datas de aprova\u00e7\u00e3o CCP: 27\/03\/2018\u00a0\u00a0\u00a0\u00a0\u00a0\u00a0 CPG: 10\/05\/2018\u00a0\u00a0\u00a0\u00a0\u00a0\u00a0 CoPGr: Data de ativa\u00e7\u00e3o: 10\/05\/2018\u00a0\u00a0\u00a0\u00a0\u00a0\u00a0 Data de desativa\u00e7\u00e3o: &nbsp; Carga hor\u00e1ria Total: 60 h\u00a0\u00a0\u00a0\u00a0\u00a0\u00a0\u00a0 Te\u00f3rica: 10 h\u00a0\u00a0\u00a0\u00a0\u00a0\u00a0\u00a0 Pr\u00e1tica: 12 [&hellip;]<\/p>\n","protected":false},"author":21987,"featured_media":0,"parent":0,"menu_order":2,"comment_status":"closed","ping_status":"closed","template":"","meta":{"_monsterinsights_skip_tracking":false,"_monsterinsights_sitenote_active":false,"_monsterinsights_sitenote_note":"","_monsterinsights_sitenote_category":0,"footnotes":"","_links_to":"","_links_to_target":""},"class_list":["post-262","page","type-page","status-publish","hentry"],"_links":{"self":[{"href":"https:\/\/sites.usp.br\/ppggastro\/wp-json\/wp\/v2\/pages\/262","targetHints":{"allow":["GET"]}}],"collection":[{"href":"https:\/\/sites.usp.br\/ppggastro\/wp-json\/wp\/v2\/pages"}],"about":[{"href":"https:\/\/sites.usp.br\/ppggastro\/wp-json\/wp\/v2\/types\/page"}],"author":[{"embeddable":true,"href":"https:\/\/sites.usp.br\/ppggastro\/wp-json\/wp\/v2\/users\/21987"}],"replies":[{"embeddable":true,"href":"https:\/\/sites.usp.br\/ppggastro\/wp-json\/wp\/v2\/comments?post=262"}],"version-history":[{"count":4,"href":"https:\/\/sites.usp.br\/ppggastro\/wp-json\/wp\/v2\/pages\/262\/revisions"}],"predecessor-version":[{"id":296,"href":"https:\/\/sites.usp.br\/ppggastro\/wp-json\/wp\/v2\/pages\/262\/revisions\/296"}],"wp:attachment":[{"href":"https:\/\/sites.usp.br\/ppggastro\/wp-json\/wp\/v2\/media?parent=262"}],"curies":[{"name":"wp","href":"https:\/\/api.w.org\/{rel}","templated":true}]}}