{"id":272,"date":"2020-09-09T10:16:13","date_gmt":"2020-09-09T12:16:13","guid":{"rendered":"http:\/\/sites.usp.br\/ppggastro\/?page_id=272"},"modified":"2020-09-09T10:16:13","modified_gmt":"2020-09-09T12:16:13","slug":"mgt5775","status":"publish","type":"page","link":"https:\/\/sites.usp.br\/ppggastro\/mgt5775\/","title":{"rendered":"MGT5775"},"content":{"rendered":"<h1>Relat\u00f3rio de Dados da Disciplina<\/h1>\n<p><strong>\u00a0<\/strong><\/p>\n<p>Sigla:\u00a0 MGT5775 &#8211; 1\u00a0\u00a0\u00a0\u00a0\u00a0\u00a0 Tipo: POS<\/p>\n<p>Nome: M\u00e9todos de Avalia\u00e7\u00e3o de Qualidade de Vida Relacionada a Patologias e Cirurgias do Aparelho Digestivo e Coloproctologia<\/p>\n<p>\u00c1rea: Ci\u00eancias em Gastroenterologia (5168)<\/p>\n<p>&nbsp;<\/p>\n<p><strong>Datas de aprova\u00e7\u00e3o<\/strong><\/p>\n<p>CCP: 14\/05\/2020\u00a0\u00a0\u00a0\u00a0\u00a0\u00a0 CPG: 14\/05\/2020\u00a0\u00a0\u00a0\u00a0\u00a0\u00a0 CoPGr:<\/p>\n<p>Data de ativa\u00e7\u00e3o: 14\/05\/2020\u00a0\u00a0\u00a0\u00a0\u00a0\u00a0 Data de desativa\u00e7\u00e3o:<\/p>\n<p>&nbsp;<\/p>\n<p><strong>Carga hor\u00e1ria<\/strong><\/p>\n<p>Total: 60 h\u00a0\u00a0\u00a0\u00a0\u00a0\u00a0\u00a0 Te\u00f3rica: 10 h\u00a0\u00a0\u00a0\u00a0\u00a0\u00a0\u00a0 Pr\u00e1tica: 12 h\u00a0\u00a0\u00a0\u00a0\u00a0\u00a0\u00a0 Estudo: 8 h<\/p>\n<p>Cr\u00e9ditos: 4\u00a0\u00a0\u00a0\u00a0\u00a0\u00a0\u00a0 Dura\u00e7\u00e3o: 2 Semanas<\/p>\n<p>&nbsp;<\/p>\n<p><strong>Respons\u00e1veis<\/strong><\/p>\n<p>1667653 &#8211; Sergio Carlos Nahas &#8211; 14\/05\/2020 at\u00e9 data atual<\/p>\n<p>&nbsp;<\/p>\n<p><strong>Objetivos<\/strong><\/p>\n<p>Fornecer aos alunos de p\u00f3s-gradua\u00e7\u00e3o uma vis\u00e3o global sobre os m\u00e9todos de avalia\u00e7\u00e3o da qualidade de vida nas diversas \u00e1reas da sa\u00fade, aplicadas na \u00e1rea de gastroenterologia e coloproctologia a partir de question\u00e1rios j\u00e1 validados e\/ou traduzidos na literatura, e assim promover uma an\u00e1lise cr\u00edtica sobre a import\u00e2ncia a aplica\u00e7\u00e3o dos mesmos em projetos envolvendo resultados de tratamentos cir\u00fargicos ou n\u00e3o.<\/p>\n<p>Oferecer aos alunos de p\u00f3s-gradua\u00e7\u00e3o aspectos dos m\u00e9todos de avalia\u00e7\u00e3o da qualidade de vida relacionada \u00e0 gastroenterologia e coloproctologia, utilizados em pesquisa, incluindo:<\/p>\n<p>Demonstrar a import\u00e2ncia da qualidade de vida (QOL) do paciente com rela\u00e7\u00e3o \u00e0 procedimentos cir\u00fargicos nos dias atuais<\/p>\n<p>Obter no\u00e7\u00f5es sobre como confeccionar e validar uma ferramenta de avalia\u00e7\u00e3o QOL Como avaliar a consist\u00eancia de um question\u00e1rio<\/p>\n<p>Comparar os diversos question\u00e1rios de QOL para avalia\u00e7\u00e3o em cada projeto de pesquisa Demonstrar a import\u00e2ncia da tradu\u00e7\u00e3o e adapta\u00e7\u00e3o cultural de um question\u00e1rio<\/p>\n<p>&nbsp;<\/p>\n<p><strong>Justificativa<\/strong><\/p>\n<p>Atualmente, quase todas as pesquisas relacionadas aos resultados de qualquer procedimento terap\u00eautico cir\u00fargico ou n\u00e3o, envolvem diretamente em seus processos a QOL. Nesse sentido, a disciplina visa demonstrar, conscientizar e apresentar os diversos question\u00e1rios utilizados na literatura e em outros projetos j\u00e1 desenvolvidos e em desenvolvimento pelo Programa em Ciencias em Gastroenterologia. O conhecimento do aluno sobre os processos envolvidos na elabora\u00e7\u00e3o e aplica\u00e7\u00e3o destes m\u00e9todos, facilitar\u00e1 o seu racioc\u00ednio para utiliz\u00e1-los em sua pesquisa.<\/p>\n<p>&nbsp;<\/p>\n<p><strong>Conte\u00fado<\/strong><\/p>\n<ul>\n<li>Conceitos de Qualidade de vida relacionada \u00e0 sa\u00fade.<\/li>\n<li>Crit\u00e9rios Quantitativos e Qualitativos em qualidade de vida.<\/li>\n<li>An\u00e1lises estat\u00edsticas relacionada \u00e0 avalia\u00e7\u00e3o da Qualidade de Vida Teste e re-teste.<\/li>\n<li>Valida\u00e7\u00e3o interna e externa.<\/li>\n<li>Poder de um question\u00e1rio de qualidade de vida.<\/li>\n<li>Como traduzir e validar um question\u00e1rio de qualidade de vida para a l\u00edngua portuguesa.<\/li>\n<li>Avaliar os teses existentes relacionados \u00e0 qualidade de vida na Disciplina de Cirurgia do Aparelho Digestivo Qualidade de vida em coloproctologia.<\/li>\n<li>Avalia\u00e7\u00e3o de qualidade de vida em pacientes estomizados Avalia\u00e7\u00e3o de qualidade de vida relacionada \u00e0 radioterapia.<\/li>\n<li>Avalia\u00e7\u00e3o de qualidade de vida p\u00f3s ressec\u00e7\u00e3o anterior baixa para cancer de reto Avalia\u00e7\u00e3o de qualidade de vida em colelit\u00edase.<\/li>\n<li>Avalia\u00e7\u00e3o de qualidade de vida e cirurgia de obesidade m\u00f3rbida.<\/li>\n<\/ul>\n<p>&nbsp;<\/p>\n<p><strong>Bibliografia<\/strong><\/p>\n<p>Bowling A, Brazier J. Quality of life in social science and medicine \u2013 In t roduction. Soc Sci Me d1995; 41:1337-8.<\/p>\n<p>Rogerson RJ. En v i ronmental and health-related quality of life: conceptual and methodological s i m i l a ri t i e s. Soc Sci Med 1995; 41:1373-82.<\/p>\n<p>Schuttinga JA. Quality of life from a federal regulatory perspective. In: Dimsdale JE, Baum A, editors. Quality of life in behavioral medicine research .New Je r s e y: Lawrence Erlbaum Associates; 1995.p. 31-42.<\/p>\n<p>Fleck MP, Leal OF, Louzada S, Xavier M, Cachamovich E, Vi e i ra G, et al. De senvolvimento da vers\u00e3o em portugu\u00eas do instrumento de avalia\u00e7\u00e3o de qualidade de vida da OMS (WHOQOL-100). Rev Bras Psiquiatr 1999; 21:21-8.<\/p>\n<p>Ciconelli RM, Fe r raz MB, Santos W, Mein\u00e3o I, Quaresma MR. Tradu\u00e7\u00e3o para a l\u00edngua port uguesa e valida\u00e7\u00e3o do question\u00e1rio gen\u00e9rico de avalia\u00e7\u00e3o de qualidade de vida SF-36 (Brasil SF-36). Rev Bras Reumatol 1997; 39:143-50.<\/p>\n<p>Peterson TV, Pinto RA, Davila GW, Nahas SC, Baracat EC, Haddad JM. Validation of the Brazilian Portuguese version of the pelvic floor bother questionnaire. Int Urogynecol J. 2019 Jan;30(1):81-88.<\/p>\n<p>Del Castilho LNC, Leporace G, Cardinot TM, Levy RA, Oliveira LP. A Import\u00e2ncia dos Question\u00e1rios para Avalia\u00e7\u00e3o da Qualidade de Vida. Ver H U Pedro Ernesto \u2013 UERG. 2012;11:12-17.<\/p>\n<p>Yusuf SA, Jorge JM, Habr-Gama A, Kiss DR, Gama Rodrigues J. Evaluation of quality of life in anal incontinence: validation of the questionnaire FIQL (Fecal Incontinence Quality of Life). Arq Gastroenterol. 2004 Jul-Sep;41(3):202-8.<\/p>\n<p>&nbsp;<\/p>\n<p><strong>Forma de avalia\u00e7\u00e3o<\/strong><\/p>\n<p>Vide campo Observa\u00e7\u00e3o.<\/p>\n<p>&nbsp;<\/p>\n<p><strong>Observac\u00e3o<\/strong><\/p>\n<p><span style=\"text-decoration: underline;\">CRIT\u00c9RIOS DE AVALIA\u00c7\u00c3O<\/span><\/p>\n<p>Avaliar se os alunos obt\u00eam uma boa busca bibliogr\u00e1fica sobre o assunto transmitido na Disciplina; compress\u00e3o e interpreta\u00e7\u00e3o dos trabalhos cient\u00edficos; apresenta\u00e7\u00e3o de semin\u00e1rios e dos pr\u00f3prios projetos; presen\u00e7a nas aulas e participa\u00e7\u00e3o.<\/p>\n<p>&nbsp;<\/p>\n<p><span style=\"text-decoration: underline;\">OBSERVA\u00c7\u00d5ES<\/span><\/p>\n<p>Promover o estudo dos p\u00f3s-graduandos com objetivo pr\u00e1tico e claro com a metodologia estabelecida.","protected":false},"excerpt":{"rendered":"<p>Relat\u00f3rio de Dados da Disciplina \u00a0 Sigla:\u00a0 MGT5775 &#8211; 1\u00a0\u00a0\u00a0\u00a0\u00a0\u00a0 Tipo: POS Nome: M\u00e9todos de Avalia\u00e7\u00e3o de Qualidade de Vida Relacionada a Patologias e Cirurgias do Aparelho Digestivo e Coloproctologia \u00c1rea: Ci\u00eancias em Gastroenterologia (5168) &nbsp; Datas de aprova\u00e7\u00e3o CCP: 14\/05\/2020\u00a0\u00a0\u00a0\u00a0\u00a0\u00a0 CPG: 14\/05\/2020\u00a0\u00a0\u00a0\u00a0\u00a0\u00a0 CoPGr: Data de ativa\u00e7\u00e3o: 14\/05\/2020\u00a0\u00a0\u00a0\u00a0\u00a0\u00a0 Data de desativa\u00e7\u00e3o: &nbsp; Carga hor\u00e1ria Total: [&hellip;]<\/p>\n","protected":false},"author":21987,"featured_media":0,"parent":0,"menu_order":2,"comment_status":"closed","ping_status":"closed","template":"","meta":{"_monsterinsights_skip_tracking":false,"_monsterinsights_sitenote_active":false,"_monsterinsights_sitenote_note":"","_monsterinsights_sitenote_category":0,"footnotes":"","_links_to":"","_links_to_target":""},"class_list":["post-272","page","type-page","status-publish","hentry"],"_links":{"self":[{"href":"https:\/\/sites.usp.br\/ppggastro\/wp-json\/wp\/v2\/pages\/272","targetHints":{"allow":["GET"]}}],"collection":[{"href":"https:\/\/sites.usp.br\/ppggastro\/wp-json\/wp\/v2\/pages"}],"about":[{"href":"https:\/\/sites.usp.br\/ppggastro\/wp-json\/wp\/v2\/types\/page"}],"author":[{"embeddable":true,"href":"https:\/\/sites.usp.br\/ppggastro\/wp-json\/wp\/v2\/users\/21987"}],"replies":[{"embeddable":true,"href":"https:\/\/sites.usp.br\/ppggastro\/wp-json\/wp\/v2\/comments?post=272"}],"version-history":[{"count":4,"href":"https:\/\/sites.usp.br\/ppggastro\/wp-json\/wp\/v2\/pages\/272\/revisions"}],"predecessor-version":[{"id":305,"href":"https:\/\/sites.usp.br\/ppggastro\/wp-json\/wp\/v2\/pages\/272\/revisions\/305"}],"wp:attachment":[{"href":"https:\/\/sites.usp.br\/ppggastro\/wp-json\/wp\/v2\/media?parent=272"}],"curies":[{"name":"wp","href":"https:\/\/api.w.org\/{rel}","templated":true}]}}