{"id":442,"date":"2020-09-30T11:09:38","date_gmt":"2020-09-30T13:09:38","guid":{"rendered":"http:\/\/sites.usp.br\/ppggastro\/?page_id=442"},"modified":"2023-03-29T09:08:12","modified_gmt":"2023-03-29T11:08:12","slug":"qualificacoes-agendadas","status":"publish","type":"page","link":"https:\/\/sites.usp.br\/ppggastro\/qualificacoes-agendadas\/","title":{"rendered":"Qualifica\u00e7\u00f5es e Defesas Agendadas"},"content":{"rendered":"<table>\n<tbody>\n<tr>\n<td>\n<table>\n<tbody>\n<tr>\n<th id=\"m_4877266945866593672ydp26af325byiv7452608695gmail-data-defesa\">Data<\/th>\n<th id=\"m_4877266945866593672ydp26af325byiv7452608695gmail-horario-defesa\">Hor\u00e1rio<\/th>\n<th id=\"m_4877266945866593672ydp26af325byiv7452608695gmail-matricula\">matricula<\/th>\n<th id=\"m_4877266945866593672ydp26af325byiv7452608695gmail-nome\">Nome<\/th>\n<th id=\"m_4877266945866593672ydp26af325byiv7452608695gmail-nivel\">N\u00edvel<\/th>\n<\/tr>\n<tr>\n<td id=\"m_4877266945866593672ydp26af325byiv7452608695gmail-data-defesa\">05\/04\/2023<\/td>\n<td id=\"m_4877266945866593672ydp26af325byiv7452608695gmail-horario\">08:00<\/td>\n<td id=\"m_4877266945866593672ydp26af325byiv7452608695gmail-matricula\">9854340<\/td>\n<td id=\"m_4877266945866593672ydp26af325byiv7452608695gmail-nome\">Ilario Froehner Junior<\/td>\n<td id=\"m_4877266945866593672ydp26af325byiv7452608695gmail-nivel\">DD<\/td>\n<\/tr>\n<tr>\n<th id=\"m_4877266945866593672ydp26af325byiv7452608695gmail-area\" colspan=\"5\">\u00c1rea<\/th>\n<\/tr>\n<tr>\n<td id=\"m_4877266945866593672ydp26af325byiv7452608695gmail-area\" colspan=\"5\">Ci\u00eancias em Gastroenterologia<\/td>\n<\/tr>\n<tr>\n<th id=\"m_4877266945866593672ydp26af325byiv7452608695gmail-titulo-trabalho\" colspan=\"5\">T\u00edtulo Trabalho<\/th>\n<\/tr>\n<tr>\n<td id=\"m_4877266945866593672ydp26af325byiv7452608695gmail-titulo-trabalho\" colspan=\"5\">Valida\u00e7\u00e3o do instrumento Constipation Scoring System para a l\u00edngua portuguesa na avalia\u00e7\u00e3o da gravidade da constipa\u00e7\u00e3o intestinal cr\u00f4nica<\/td>\n<\/tr>\n<tr>\n<th id=\"m_4877266945866593672ydp26af325byiv7452608695gmail-anfiteatro\" colspan=\"5\">Anfiteatro<\/th>\n<\/tr>\n<tr>\n<td id=\"m_4877266945866593672ydp26af325byiv7452608695gmail-anfiteatro\" colspan=\"5\">Anfiteatro FARMACOLOGIA<\/td>\n<\/tr>\n<tr>\n<th id=\"m_4877266945866593672ydp26af325byiv7452608695gmail-orientador\" colspan=\"5\">Orientador(es)<\/th>\n<\/tr>\n<tr>\n<td id=\"m_4877266945866593672ydp26af325byiv7452608695gmail-orientador\" colspan=\"5\">JOS\u00c9\u00a0<span class=\"il\">JUKEMURA<\/span><\/td>\n<\/tr>\n<tr>\n<th id=\"m_4877266945866593672ydp26af325byiv7452608695gmail-agendamento\" colspan=\"5\">Agendamento<\/th>\n<\/tr>\n<tr>\n<td id=\"m_4877266945866593672ydp26af325byiv7452608695gmail-agendamento\" colspan=\"5\">Confirmado<\/td>\n<\/tr>\n<\/tbody>\n<\/table>\n<\/td>\n<\/tr>\n<\/tbody>\n<\/table>\n<table>\n<thead>\n<tr>\n<th>10\/04\/2023<\/th>\n<\/tr>\n<\/thead>\n<tbody>\n<tr>\n<td>\n<table>\n<tbody>\n<tr>\n<th id=\"m_4877266945866593672ydp26af325byiv7452608695gmail-data-defesa\">Data<\/th>\n<th id=\"m_4877266945866593672ydp26af325byiv7452608695gmail-horario-defesa\">Hor\u00e1rio<\/th>\n<th id=\"m_4877266945866593672ydp26af325byiv7452608695gmail-matricula\">matricula<\/th>\n<th id=\"m_4877266945866593672ydp26af325byiv7452608695gmail-nome\">Nome<\/th>\n<th id=\"m_4877266945866593672ydp26af325byiv7452608695gmail-nivel\">N\u00edvel<\/th>\n<\/tr>\n<tr>\n<td id=\"m_4877266945866593672ydp26af325byiv7452608695gmail-data-defesa\">10\/04\/2023<\/td>\n<td id=\"m_4877266945866593672ydp26af325byiv7452608695gmail-horario\">08:00<\/td>\n<td id=\"m_4877266945866593672ydp26af325byiv7452608695gmail-matricula\">6842790<\/td>\n<td id=\"m_4877266945866593672ydp26af325byiv7452608695gmail-nome\">Christiane Satie Kobayashi Omosako<\/td>\n<td id=\"m_4877266945866593672ydp26af325byiv7452608695gmail-nivel\">ME<\/td>\n<\/tr>\n<tr>\n<th id=\"m_4877266945866593672ydp26af325byiv7452608695gmail-area\" colspan=\"5\">\u00c1rea<\/th>\n<\/tr>\n<tr>\n<td id=\"m_4877266945866593672ydp26af325byiv7452608695gmail-area\" colspan=\"5\">Ci\u00eancias em Gastroenterologia<\/td>\n<\/tr>\n<tr>\n<th id=\"m_4877266945866593672ydp26af325byiv7452608695gmail-titulo-trabalho\" colspan=\"5\">T\u00edtulo Trabalho<\/th>\n<\/tr>\n<tr>\n<td id=\"m_4877266945866593672ydp26af325byiv7452608695gmail-titulo-trabalho\" colspan=\"5\">Detec\u00e7\u00e3o de infec\u00e7\u00e3o cr\u00f4nica por hepatite C em pacientes geri\u00e1tricos e Avalia\u00e7\u00e3o do impacto na qualidade de vida.<\/td>\n<\/tr>\n<tr>\n<th id=\"m_4877266945866593672ydp26af325byiv7452608695gmail-anfiteatro\" colspan=\"5\">Anfiteatro<\/th>\n<\/tr>\n<tr>\n<td id=\"m_4877266945866593672ydp26af325byiv7452608695gmail-anfiteatro\" colspan=\"5\">Anfiteatro SPG<\/td>\n<\/tr>\n<tr>\n<th id=\"m_4877266945866593672ydp26af325byiv7452608695gmail-orientador\" colspan=\"5\">Orientador(es)<\/th>\n<\/tr>\n<tr>\n<td id=\"m_4877266945866593672ydp26af325byiv7452608695gmail-orientador\" colspan=\"5\">SUZANE KIOKO ONO<\/td>\n<\/tr>\n<tr>\n<th id=\"m_4877266945866593672ydp26af325byiv7452608695gmail-agendamento\" colspan=\"5\">Agendamento<\/th>\n<\/tr>\n<tr>\n<td id=\"m_4877266945866593672ydp26af325byiv7452608695gmail-agendamento\" colspan=\"5\">Confirmado<\/td>\n<\/tr>\n<\/tbody>\n<\/table>\n<\/td>\n<\/tr>\n<\/tbody>\n<\/table>\n<table>\n<thead>\n<tr>\n<th>05\/05\/2023<\/th>\n<\/tr>\n<\/thead>\n<tbody>\n<tr>\n<td>\n<table>\n<tbody>\n<tr>\n<th id=\"m_4877266945866593672ydp26af325byiv7452608695gmail-data-defesa\">Data<\/th>\n<th id=\"m_4877266945866593672ydp26af325byiv7452608695gmail-horario-defesa\">Hor\u00e1rio<\/th>\n<th id=\"m_4877266945866593672ydp26af325byiv7452608695gmail-matricula\">matricula<\/th>\n<th id=\"m_4877266945866593672ydp26af325byiv7452608695gmail-nome\">Nome<\/th>\n<th id=\"m_4877266945866593672ydp26af325byiv7452608695gmail-nivel\">N\u00edvel<\/th>\n<\/tr>\n<tr>\n<td id=\"m_4877266945866593672ydp26af325byiv7452608695gmail-data-defesa\">05\/05\/2023<\/td>\n<td id=\"m_4877266945866593672ydp26af325byiv7452608695gmail-horario\">13:30<\/td>\n<td id=\"m_4877266945866593672ydp26af325byiv7452608695gmail-matricula\">12113096<\/td>\n<td id=\"m_4877266945866593672ydp26af325byiv7452608695gmail-nome\">Fernanda Barros Viana Coelho<\/td>\n<td id=\"m_4877266945866593672ydp26af325byiv7452608695gmail-nivel\">ME<\/td>\n<\/tr>\n<tr>\n<th id=\"m_4877266945866593672ydp26af325byiv7452608695gmail-area\" colspan=\"5\">\u00c1rea<\/th>\n<\/tr>\n<tr>\n<td id=\"m_4877266945866593672ydp26af325byiv7452608695gmail-area\" colspan=\"5\">Ci\u00eancias em Gastroenterologia<\/td>\n<\/tr>\n<tr>\n<th id=\"m_4877266945866593672ydp26af325byiv7452608695gmail-titulo-trabalho\" colspan=\"5\">T\u00edtulo Trabalho<\/th>\n<\/tr>\n<tr>\n<td id=\"m_4877266945866593672ydp26af325byiv7452608695gmail-titulo-trabalho\" colspan=\"5\">Preval\u00eancia de esteatose hep\u00e1tica e fatores associados em pacientes com les\u00e3o medular traum\u00e1tica.<\/td>\n<\/tr>\n<tr>\n<th id=\"m_4877266945866593672ydp26af325byiv7452608695gmail-anfiteatro\" colspan=\"5\">Anfiteatro<\/th>\n<\/tr>\n<tr>\n<td id=\"m_4877266945866593672ydp26af325byiv7452608695gmail-anfiteatro\" colspan=\"5\">Anfiteatro FARMACOLOGIA<\/td>\n<\/tr>\n<tr>\n<th id=\"m_4877266945866593672ydp26af325byiv7452608695gmail-orientador\" colspan=\"5\">Orientador(es)<\/th>\n<\/tr>\n<tr>\n<td id=\"m_4877266945866593672ydp26af325byiv7452608695gmail-orientador\" colspan=\"5\">CLAUDIA PINTO MARQUES SOUZA DE OLIVEIRA<\/td>\n<\/tr>\n<tr>\n<th id=\"m_4877266945866593672ydp26af325byiv7452608695gmail-agendamento\" colspan=\"5\">Agendamento<\/th>\n<\/tr>\n<tr>\n<td id=\"m_4877266945866593672ydp26af325byiv7452608695gmail-agendamento\" colspan=\"5\">Confirmado<\/td>\n<\/tr>\n<\/tbody>\n<\/table>\n<\/td>\n<\/tr>\n<\/tbody>\n<\/table>\n<table>\n<thead>\n<tr>\n<th>17\/05\/2023<\/th>\n<\/tr>\n<\/thead>\n<tbody>\n<tr>\n<td>\n<table>\n<tbody>\n<tr>\n<th id=\"m_4877266945866593672ydp26af325byiv7452608695gmail-data-defesa\">Data<\/th>\n<th id=\"m_4877266945866593672ydp26af325byiv7452608695gmail-horario-defesa\">Hor\u00e1rio<\/th>\n<th id=\"m_4877266945866593672ydp26af325byiv7452608695gmail-matricula\">matricula<\/th>\n<th id=\"m_4877266945866593672ydp26af325byiv7452608695gmail-nome\">Nome<\/th>\n<th id=\"m_4877266945866593672ydp26af325byiv7452608695gmail-nivel\">N\u00edvel<\/th>\n<\/tr>\n<tr>\n<td id=\"m_4877266945866593672ydp26af325byiv7452608695gmail-data-defesa\">17\/05\/2023<\/td>\n<td id=\"m_4877266945866593672ydp26af325byiv7452608695gmail-horario\">13:30<\/td>\n<td id=\"m_4877266945866593672ydp26af325byiv7452608695gmail-matricula\">11350245<\/td>\n<td id=\"m_4877266945866593672ydp26af325byiv7452608695gmail-nome\">Jucilaine Cristina Messias<\/td>\n<td id=\"m_4877266945866593672ydp26af325byiv7452608695gmail-nivel\">ME<\/td>\n<\/tr>\n<tr>\n<th id=\"m_4877266945866593672ydp26af325byiv7452608695gmail-area\" colspan=\"5\">\u00c1rea<\/th>\n<\/tr>\n<tr>\n<td id=\"m_4877266945866593672ydp26af325byiv7452608695gmail-area\" colspan=\"5\">Ci\u00eancias em Gastroenterologia<\/td>\n<\/tr>\n<tr>\n<th id=\"m_4877266945866593672ydp26af325byiv7452608695gmail-titulo-trabalho\" colspan=\"5\">T\u00edtulo Trabalho<\/th>\n<\/tr>\n<tr>\n<td id=\"m_4877266945866593672ydp26af325byiv7452608695gmail-titulo-trabalho\" colspan=\"5\">Avalia\u00e7\u00e3o neuropsicol\u00f3gica na obesidade grave: compara\u00e7\u00e3o entre obesos m\u00f3rbidos versus superobesos<\/td>\n<\/tr>\n<tr>\n<th id=\"m_4877266945866593672ydp26af325byiv7452608695gmail-anfiteatro\" colspan=\"5\">Anfiteatro<\/th>\n<\/tr>\n<tr>\n<td id=\"m_4877266945866593672ydp26af325byiv7452608695gmail-anfiteatro\" colspan=\"5\">Anfiteatro FARMACOLOGIA<\/td>\n<\/tr>\n<tr>\n<th id=\"m_4877266945866593672ydp26af325byiv7452608695gmail-orientador\" colspan=\"5\">Orientador(es)<\/th>\n<\/tr>\n<tr>\n<td id=\"m_4877266945866593672ydp26af325byiv7452608695gmail-orientador\" colspan=\"5\">ROBERTO DE CLEVA<\/td>\n<\/tr>\n<tr>\n<th id=\"m_4877266945866593672ydp26af325byiv7452608695gmail-agendamento\" colspan=\"5\">Agendamento<\/th>\n<\/tr>\n<tr>\n<td id=\"m_4877266945866593672ydp26af325byiv7452608695gmail-agendamento\" colspan=\"5\">Confirmado<\/td>\n<\/tr>\n<\/tbody>\n<\/table>\n<\/td>\n<\/tr>\n<\/tbody>\n<\/table>\n<table>\n<thead>\n<tr>\n<th>22\/05\/2023<\/th>\n<\/tr>\n<\/thead>\n<tbody>\n<tr>\n<td>\n<table>\n<tbody>\n<tr>\n<th id=\"m_4877266945866593672ydp26af325byiv7452608695gmail-data-defesa\">Data<\/th>\n<th id=\"m_4877266945866593672ydp26af325byiv7452608695gmail-horario-defesa\">Hor\u00e1rio<\/th>\n<th id=\"m_4877266945866593672ydp26af325byiv7452608695gmail-matricula\">matricula<\/th>\n<th id=\"m_4877266945866593672ydp26af325byiv7452608695gmail-nome\">Nome<\/th>\n<th id=\"m_4877266945866593672ydp26af325byiv7452608695gmail-nivel\">N\u00edvel<\/th>\n<\/tr>\n<tr>\n<td id=\"m_4877266945866593672ydp26af325byiv7452608695gmail-data-defesa\">22\/05\/2023<\/td>\n<td id=\"m_4877266945866593672ydp26af325byiv7452608695gmail-horario\">08:00<\/td>\n<td id=\"m_4877266945866593672ydp26af325byiv7452608695gmail-matricula\">9722478<\/td>\n<td id=\"m_4877266945866593672ydp26af325byiv7452608695gmail-nome\">Marina Alessandra Pereira<\/td>\n<td id=\"m_4877266945866593672ydp26af325byiv7452608695gmail-nivel\">DO<\/td>\n<\/tr>\n<tr>\n<th id=\"m_4877266945866593672ydp26af325byiv7452608695gmail-area\" colspan=\"5\">\u00c1rea<\/th>\n<\/tr>\n<tr>\n<td id=\"m_4877266945866593672ydp26af325byiv7452608695gmail-area\" colspan=\"5\">Ci\u00eancias em Gastroenterologia<\/td>\n<\/tr>\n<tr>\n<th id=\"m_4877266945866593672ydp26af325byiv7452608695gmail-titulo-trabalho\" colspan=\"5\">T\u00edtulo Trabalho<\/th>\n<\/tr>\n<tr>\n<td id=\"m_4877266945866593672ydp26af325byiv7452608695gmail-titulo-trabalho\" colspan=\"5\">Avalia\u00e7\u00e3o da resposta patol\u00f3gica em pacientes com c\u00e2ncer g\u00e1strico submetidos \u00e0 quimioterapia pr\u00e9-operat\u00f3ria<\/td>\n<\/tr>\n<tr>\n<th id=\"m_4877266945866593672ydp26af325byiv7452608695gmail-anfiteatro\" colspan=\"5\">Anfiteatro<\/th>\n<\/tr>\n<tr>\n<td id=\"m_4877266945866593672ydp26af325byiv7452608695gmail-anfiteatro\" colspan=\"5\">Anfiteatro FARMACOLOGIA<\/td>\n<\/tr>\n<tr>\n<th id=\"m_4877266945866593672ydp26af325byiv7452608695gmail-orientador\" colspan=\"5\">Orientador(es)<\/th>\n<\/tr>\n<tr>\n<td id=\"m_4877266945866593672ydp26af325byiv7452608695gmail-orientador\" colspan=\"5\">ULYSSES RIBEIRO J\u00daNIOR, MARCUS FERNANDO KODAMA PERTILLE RAMOS<\/td>\n<\/tr>\n<tr>\n<th id=\"m_4877266945866593672ydp26af325byiv7452608695gmail-agendamento\" colspan=\"5\">Agendamento<\/th>\n<\/tr>\n<tr>\n<td id=\"m_4877266945866593672ydp26af325byiv7452608695gmail-agendamento\" colspan=\"5\">Confirmado<\/td>\n<\/tr>\n<\/tbody>\n<\/table>\n<\/td>\n<\/tr>\n<\/tbody>\n<\/table>\n","protected":false},"excerpt":{"rendered":"<p>Data Hor\u00e1rio matricula Nome N\u00edvel 05\/04\/2023 08:00 9854340 Ilario Froehner Junior DD \u00c1rea Ci\u00eancias em Gastroenterologia T\u00edtulo Trabalho Valida\u00e7\u00e3o do instrumento Constipation Scoring System para a l\u00edngua portuguesa na avalia\u00e7\u00e3o da gravidade da constipa\u00e7\u00e3o intestinal cr\u00f4nica Anfiteatro Anfiteatro FARMACOLOGIA Orientador(es) JOS\u00c9\u00a0JUKEMURA Agendamento Confirmado 10\/04\/2023 Data Hor\u00e1rio matricula Nome N\u00edvel 10\/04\/2023 08:00 6842790 Christiane Satie Kobayashi [&hellip;]<\/p>\n","protected":false},"author":1176,"featured_media":0,"parent":0,"menu_order":2,"comment_status":"closed","ping_status":"closed","template":"","meta":{"_monsterinsights_skip_tracking":false,"_monsterinsights_sitenote_active":false,"_monsterinsights_sitenote_note":"","_monsterinsights_sitenote_category":0,"footnotes":"","_links_to":"","_links_to_target":""},"class_list":["post-442","page","type-page","status-publish","hentry"],"_links":{"self":[{"href":"https:\/\/sites.usp.br\/ppggastro\/wp-json\/wp\/v2\/pages\/442","targetHints":{"allow":["GET"]}}],"collection":[{"href":"https:\/\/sites.usp.br\/ppggastro\/wp-json\/wp\/v2\/pages"}],"about":[{"href":"https:\/\/sites.usp.br\/ppggastro\/wp-json\/wp\/v2\/types\/page"}],"author":[{"embeddable":true,"href":"https:\/\/sites.usp.br\/ppggastro\/wp-json\/wp\/v2\/users\/1176"}],"replies":[{"embeddable":true,"href":"https:\/\/sites.usp.br\/ppggastro\/wp-json\/wp\/v2\/comments?post=442"}],"version-history":[{"count":3,"href":"https:\/\/sites.usp.br\/ppggastro\/wp-json\/wp\/v2\/pages\/442\/revisions"}],"predecessor-version":[{"id":675,"href":"https:\/\/sites.usp.br\/ppggastro\/wp-json\/wp\/v2\/pages\/442\/revisions\/675"}],"wp:attachment":[{"href":"https:\/\/sites.usp.br\/ppggastro\/wp-json\/wp\/v2\/media?parent=442"}],"curies":[{"name":"wp","href":"https:\/\/api.w.org\/{rel}","templated":true}]}}