{"id":500,"date":"2020-10-22T08:23:29","date_gmt":"2020-10-22T10:23:29","guid":{"rendered":"http:\/\/sites.usp.br\/ppggastro\/?page_id=500"},"modified":"2020-10-22T08:35:41","modified_gmt":"2020-10-22T10:35:41","slug":"nucleares","status":"publish","type":"page","link":"https:\/\/sites.usp.br\/ppggastro\/nucleares\/","title":{"rendered":"Nucleares"},"content":{"rendered":"<p>&nbsp;<\/p>\n<p>&nbsp;<\/p>\n<ul class=\"sub-menu\">\n<li class=\"menu-item menu-item-type-post_type menu-item-object-page menu-item-312\"><span style=\"font-size: 14pt;\"><a href=\"https:\/\/sites.usp.br\/ppggastro\/mgt5774\/\">Medicina Translacional em Ci\u00eancias Gastroenterol\u00f3gicas: Genoma, Epigenoma, Patologia Molecular, Vias de Sinaliza\u00e7\u00e3o e Biobanco<\/a><\/span><\/li>\n<\/ul>\n<p>&nbsp;<\/p>\n<ul class=\"sub-menu\">\n<li class=\"menu-item menu-item-type-post_type menu-item-object-page menu-item-313\"><span style=\"font-size: 14pt;\"><a href=\"https:\/\/sites.usp.br\/ppggastro\/mgt5773\/\">Desenvolvimento de Id\u00e9ias, Marcas e Patentes em Medicina<\/a><\/span><\/li>\n<\/ul>\n<p>&nbsp;<\/p>\n<ul class=\"sub-menu\">\n<li class=\"menu-item menu-item-type-post_type menu-item-object-page menu-item-314\"><span style=\"font-size: 14pt;\"><a href=\"https:\/\/sites.usp.br\/ppggastro\/mgt5771\/\">Reda\u00e7\u00e3o de Trabalho Cient\u00edfico em Gastroenterologia: da Id\u00e9ia \u00e0 Publica\u00e7\u00e3o <\/a><a href=\"https:\/\/sites.usp.br\/ppggastro\/mgt5770\/\"><em>(disciplina obrigat\u00f3ria)<\/em><\/a><\/span><\/li>\n<\/ul>\n<p>&nbsp;<\/p>\n<ul class=\"sub-menu\">\n<li class=\"menu-item menu-item-type-post_type menu-item-object-page menu-item-315\"><span style=\"font-size: 14pt;\"><a href=\"https:\/\/sites.usp.br\/ppggastro\/mgt5770\/\">An\u00e1lise Cr\u00edtica e Acompanhamento dos Projetos de Pesquisa <em>(disciplina obrigat\u00f3ria)<\/em><\/a><\/span><\/li>\n<\/ul>\n<p>&nbsp;<\/p>\n<ul class=\"sub-menu\">\n<li class=\"menu-item menu-item-type-post_type menu-item-object-page menu-item-317\"><span style=\"font-size: 14pt;\"><a href=\"https:\/\/sites.usp.br\/ppggastro\/mgt5736\/\">Medicina Baseada em Evid\u00eancias: Fundamentos Cient\u00edficos e Aplicabilidade na Investiga\u00e7\u00e3o Cient\u00edfica<\/a><\/span><\/li>\n<\/ul>\n<p>&nbsp;<\/p>\n<p>&nbsp;<\/p>\n","protected":false},"excerpt":{"rendered":"<p>&nbsp; &nbsp; Medicina Translacional em Ci\u00eancias Gastroenterol\u00f3gicas: Genoma, Epigenoma, Patologia Molecular, Vias de Sinaliza\u00e7\u00e3o e Biobanco &nbsp; Desenvolvimento de Id\u00e9ias, Marcas e Patentes em Medicina &nbsp; Reda\u00e7\u00e3o de Trabalho Cient\u00edfico em Gastroenterologia: da Id\u00e9ia \u00e0 Publica\u00e7\u00e3o (disciplina obrigat\u00f3ria) &nbsp; An\u00e1lise Cr\u00edtica e Acompanhamento dos Projetos de Pesquisa (disciplina obrigat\u00f3ria) &nbsp; Medicina Baseada em Evid\u00eancias: Fundamentos [&hellip;]<\/p>\n","protected":false},"author":21987,"featured_media":0,"parent":0,"menu_order":2,"comment_status":"closed","ping_status":"closed","template":"","meta":{"_monsterinsights_skip_tracking":false,"_monsterinsights_sitenote_active":false,"_monsterinsights_sitenote_note":"","_monsterinsights_sitenote_category":0,"footnotes":"","_links_to":"","_links_to_target":""},"class_list":["post-500","page","type-page","status-publish","hentry"],"_links":{"self":[{"href":"https:\/\/sites.usp.br\/ppggastro\/wp-json\/wp\/v2\/pages\/500","targetHints":{"allow":["GET"]}}],"collection":[{"href":"https:\/\/sites.usp.br\/ppggastro\/wp-json\/wp\/v2\/pages"}],"about":[{"href":"https:\/\/sites.usp.br\/ppggastro\/wp-json\/wp\/v2\/types\/page"}],"author":[{"embeddable":true,"href":"https:\/\/sites.usp.br\/ppggastro\/wp-json\/wp\/v2\/users\/21987"}],"replies":[{"embeddable":true,"href":"https:\/\/sites.usp.br\/ppggastro\/wp-json\/wp\/v2\/comments?post=500"}],"version-history":[{"count":4,"href":"https:\/\/sites.usp.br\/ppggastro\/wp-json\/wp\/v2\/pages\/500\/revisions"}],"predecessor-version":[{"id":511,"href":"https:\/\/sites.usp.br\/ppggastro\/wp-json\/wp\/v2\/pages\/500\/revisions\/511"}],"wp:attachment":[{"href":"https:\/\/sites.usp.br\/ppggastro\/wp-json\/wp\/v2\/media?parent=500"}],"curies":[{"name":"wp","href":"https:\/\/api.w.org\/{rel}","templated":true}]}}