{"id":522,"date":"2020-10-22T16:24:15","date_gmt":"2020-10-22T18:24:15","guid":{"rendered":"http:\/\/sites.usp.br\/ppggastro\/?page_id=522"},"modified":"2020-10-22T16:24:15","modified_gmt":"2020-10-22T18:24:15","slug":"linhas-de-pesquisa-2","status":"publish","type":"page","link":"https:\/\/sites.usp.br\/ppggastro\/linhas-de-pesquisa-2\/","title":{"rendered":"Linhas de Pesquisa"},"content":{"rendered":"<ol>\n<li><span style=\"font-size: 14pt;\"><strong>Aspectos cl\u00ednicos e moleculares sobre hist\u00f3ria natural e comportamento biol\u00f3gico do c\u00e2ncer do aparelho digestivo<\/strong><\/span><\/li>\n<\/ol>\n<p><span style=\"font-size: 14pt;\">A coleta prospectiva e retrospectiva de dados dos protocolos de pacientes com c\u00e2ncer do aparelho digestivo para avaliar a historia natural, mecanismos moleculares e comportamento biol\u00f3gico, utilizando-se t\u00e9cnicas de imunoistoquimica e de gen\u00e9tica molecular.<\/span><\/p>\n<p>&nbsp;<\/p>\n<p>&nbsp;<\/p>\n<ol start=\"2\">\n<li><span style=\"font-size: 14pt;\"><strong> Estudos epidemiol\u00f3gicos, de mecanismos inflamat\u00f3rios, infecciosos, imunol\u00f3gicos e gen\u00e9ticos das doen\u00e7as do aparelho digestivo<\/strong><\/span><\/li>\n<\/ol>\n<p><span style=\"font-size: 14pt;\">\u00a0\u00a0\u00a0\u00a0\u00a0\u00a0\u00a0\u00a0\u00a0\u00a0\u00a0 Visa a investiga\u00e7\u00e3o atrav\u00e9s de modelos cl\u00ednicos ou experimentais, do perfil epidemiol\u00f3gico, mecanismos de regula\u00e7\u00e3o da ativa\u00e7\u00e3o e modula\u00e7\u00e3o da inflama\u00e7\u00e3o, infec\u00e7\u00e3o e marcadores imunol\u00f3gicos e gen\u00e9ticos das doen\u00e7as do aparelho digestivo, incluindo efeitos da isquemia\/reperfus\u00e3o tecidual.<\/span><\/p>\n<p>&nbsp;<\/p>\n<p>&nbsp;<\/p>\n<ol start=\"3\">\n<li><span style=\"font-size: 14pt;\"><strong> Epidemiologia, metabolismo e mecanismos moleculares dos dist\u00farbios da nutri\u00e7\u00e3o e obesidade.<\/strong><\/span><\/li>\n<\/ol>\n<p><span style=\"font-size: 14pt;\">Abrange o estudo epidemiol\u00f3gico e das repercuss\u00f5es clinicas, bioqu\u00edmicas, imunol\u00f3gicas, metab\u00f3licas e celulares da nutri\u00e7\u00e3o e sua terap\u00eautica.<\/span><\/p>\n<p>&nbsp;<\/p>\n<p>&nbsp;<\/p>\n<ol start=\"4\">\n<li><span style=\"font-size: 14pt;\"><strong>Mecanismos dos Dist\u00farbios da Atividade Perist\u00e1ltica Gastrointestinal<\/strong><\/span><\/li>\n<\/ol>\n<p><span style=\"font-size: 14pt;\">\u00a0\u00a0\u00a0\u00a0\u00a0 Visa a compreens\u00e3o dos mecanismos envolvidos no peristaltismo gastrointestinal e dist\u00farbios da atividade esfincteriana.<\/span><\/p>\n<p>&nbsp;<\/p>\n<p>&nbsp;<\/p>\n<ol start=\"5\">\n<li><span style=\"font-size: 14pt;\"><strong> T\u00f3picos Avan\u00e7ados na Investiga\u00e7\u00e3o de Doen\u00e7as Hep\u00e1ticas Virais, Parasit\u00e1rias, Metab\u00f3licas e Auto-imunes e suas Complica\u00e7\u00f5es <\/strong><\/span><\/li>\n<\/ol>\n<p><span style=\"font-size: 14pt;\">Caracteriza\u00e7\u00e3o epidemiol\u00f3gica, etiopatogenica, cl\u00ednica e molecular das doen\u00e7as hep\u00e1ticas com \u00eanfase nos fatores determinantes de sua evolu\u00e7\u00e3o, impacto de tratamento cl\u00ednico e cir\u00fargico incluindo o transplante.<\/span><\/p>\n<p>&nbsp;<\/p>\n<p>&nbsp;<\/p>\n<ol start=\"6\">\n<li><span style=\"font-size: 14pt;\"><strong> \u00a0<\/strong><strong>Epidemiologia, Metabolismo e Mecanismos Moleculares:\u00a0\u00a0\u00a0\u00a0\u00a0\u00a0\u00a0\u00a0\u00a0\u00a0\u00a0\u00a0\u00a0\u00a0\u00a0 Repercuss\u00e3o nos Transplantes de \u00d3rg\u00e3os Abdominais<\/strong><\/span><\/li>\n<\/ol>\n<p><span style=\"font-size: 14pt;\">Visa a investiga\u00e7\u00e3o epidemiol\u00f3gica, as repercuss\u00f5es metab\u00f3licas e cir\u00fargicas, bioqu\u00edmicas, imunol\u00f3gicas e celulares dos transplantes de \u00f3rg\u00e3os abdominais.<\/span><\/p>\n","protected":false},"excerpt":{"rendered":"<p>Aspectos cl\u00ednicos e moleculares sobre hist\u00f3ria natural e comportamento biol\u00f3gico do c\u00e2ncer do aparelho digestivo A coleta prospectiva e retrospectiva de dados dos protocolos de pacientes com c\u00e2ncer do aparelho digestivo para avaliar a historia natural, mecanismos moleculares e comportamento biol\u00f3gico, utilizando-se t\u00e9cnicas de imunoistoquimica e de gen\u00e9tica molecular. &nbsp; &nbsp; Estudos epidemiol\u00f3gicos, de mecanismos [&hellip;]<\/p>\n","protected":false},"author":21987,"featured_media":0,"parent":0,"menu_order":2,"comment_status":"closed","ping_status":"closed","template":"","meta":{"_monsterinsights_skip_tracking":false,"_monsterinsights_sitenote_active":false,"_monsterinsights_sitenote_note":"","_monsterinsights_sitenote_category":0,"footnotes":"","_links_to":"","_links_to_target":""},"class_list":["post-522","page","type-page","status-publish","hentry"],"_links":{"self":[{"href":"https:\/\/sites.usp.br\/ppggastro\/wp-json\/wp\/v2\/pages\/522","targetHints":{"allow":["GET"]}}],"collection":[{"href":"https:\/\/sites.usp.br\/ppggastro\/wp-json\/wp\/v2\/pages"}],"about":[{"href":"https:\/\/sites.usp.br\/ppggastro\/wp-json\/wp\/v2\/types\/page"}],"author":[{"embeddable":true,"href":"https:\/\/sites.usp.br\/ppggastro\/wp-json\/wp\/v2\/users\/21987"}],"replies":[{"embeddable":true,"href":"https:\/\/sites.usp.br\/ppggastro\/wp-json\/wp\/v2\/comments?post=522"}],"version-history":[{"count":1,"href":"https:\/\/sites.usp.br\/ppggastro\/wp-json\/wp\/v2\/pages\/522\/revisions"}],"predecessor-version":[{"id":523,"href":"https:\/\/sites.usp.br\/ppggastro\/wp-json\/wp\/v2\/pages\/522\/revisions\/523"}],"wp:attachment":[{"href":"https:\/\/sites.usp.br\/ppggastro\/wp-json\/wp\/v2\/media?parent=522"}],"curies":[{"name":"wp","href":"https:\/\/api.w.org\/{rel}","templated":true}]}}