{"id":530,"date":"2020-10-27T12:13:18","date_gmt":"2020-10-27T14:13:18","guid":{"rendered":"http:\/\/sites.usp.br\/ppggastro\/?page_id=530"},"modified":"2020-10-27T12:20:16","modified_gmt":"2020-10-27T14:20:16","slug":"defesa-de-tese","status":"publish","type":"page","link":"https:\/\/sites.usp.br\/ppggastro\/defesa-de-tese\/","title":{"rendered":"Defesa de Tese"},"content":{"rendered":"<p>As teses devem ser redigidas e editadas de acordo com o <a href=\"https:\/\/sites.usp.br\/ppggastro\/guia-de-teses\/\">Guia de Apresenta\u00e7\u00e3o de Disserta\u00e7\u00f5es, Teses e Monografias da FMUSP (2011).<\/a><\/p>\n<p><a href=\"https:\/\/sites.usp.br\/ppggastro\/guia-de-teses\/\"><br \/>\n<\/a><a href=\"https:\/\/sites.usp.br\/ppggastro\/guia-de-teses\/\"><img loading=\"lazy\" decoding=\"async\" class=\"wp-image-537 aligncenter\" src=\"https:\/\/sites.usp.br\/ppggastro\/wp-content\/uploads\/sites\/616\/2020\/10\/Captura-de-Tela-2020-10-27-a\u0300s-11.15.55-191x300.png\" alt=\"\" width=\"199\" height=\"313\" srcset=\"https:\/\/sites.usp.br\/ppggastro\/wp-content\/uploads\/sites\/616\/2020\/10\/Captura-de-Tela-2020-10-27-a\u0300s-11.15.55-191x300.png 191w, https:\/\/sites.usp.br\/ppggastro\/wp-content\/uploads\/sites\/616\/2020\/10\/Captura-de-Tela-2020-10-27-a\u0300s-11.15.55-653x1024.png 653w, https:\/\/sites.usp.br\/ppggastro\/wp-content\/uploads\/sites\/616\/2020\/10\/Captura-de-Tela-2020-10-27-a\u0300s-11.15.55-768x1204.png 768w, https:\/\/sites.usp.br\/ppggastro\/wp-content\/uploads\/sites\/616\/2020\/10\/Captura-de-Tela-2020-10-27-a\u0300s-11.15.55-383x600.png 383w, https:\/\/sites.usp.br\/ppggastro\/wp-content\/uploads\/sites\/616\/2020\/10\/Captura-de-Tela-2020-10-27-a\u0300s-11.15.55.png 824w\" sizes=\"auto, (max-width: 199px) 100vw, 199px\" \/><\/a><\/p>\n","protected":false},"excerpt":{"rendered":"<p>As teses devem ser redigidas e editadas de acordo com o Guia de Apresenta\u00e7\u00e3o de Disserta\u00e7\u00f5es, Teses e Monografias da FMUSP (2011).<\/p>\n","protected":false},"author":21987,"featured_media":0,"parent":0,"menu_order":2,"comment_status":"closed","ping_status":"closed","template":"","meta":{"_monsterinsights_skip_tracking":false,"_monsterinsights_sitenote_active":false,"_monsterinsights_sitenote_note":"","_monsterinsights_sitenote_category":0,"footnotes":"","_links_to":"","_links_to_target":""},"class_list":["post-530","page","type-page","status-publish","hentry"],"_links":{"self":[{"href":"https:\/\/sites.usp.br\/ppggastro\/wp-json\/wp\/v2\/pages\/530","targetHints":{"allow":["GET"]}}],"collection":[{"href":"https:\/\/sites.usp.br\/ppggastro\/wp-json\/wp\/v2\/pages"}],"about":[{"href":"https:\/\/sites.usp.br\/ppggastro\/wp-json\/wp\/v2\/types\/page"}],"author":[{"embeddable":true,"href":"https:\/\/sites.usp.br\/ppggastro\/wp-json\/wp\/v2\/users\/21987"}],"replies":[{"embeddable":true,"href":"https:\/\/sites.usp.br\/ppggastro\/wp-json\/wp\/v2\/comments?post=530"}],"version-history":[{"count":4,"href":"https:\/\/sites.usp.br\/ppggastro\/wp-json\/wp\/v2\/pages\/530\/revisions"}],"predecessor-version":[{"id":539,"href":"https:\/\/sites.usp.br\/ppggastro\/wp-json\/wp\/v2\/pages\/530\/revisions\/539"}],"wp:attachment":[{"href":"https:\/\/sites.usp.br\/ppggastro\/wp-json\/wp\/v2\/media?parent=530"}],"curies":[{"name":"wp","href":"https:\/\/api.w.org\/{rel}","templated":true}]}}