{"id":545,"date":"2021-04-26T11:08:14","date_gmt":"2021-04-26T13:08:14","guid":{"rendered":"http:\/\/sites.usp.br\/ppggastro\/?page_id=545"},"modified":"2024-03-13T16:58:26","modified_gmt":"2024-03-13T18:58:26","slug":"formularios","status":"publish","type":"page","link":"https:\/\/sites.usp.br\/ppggastro\/formularios\/","title":{"rendered":"Formul\u00e1rios"},"content":{"rendered":"<ul>\n<li><span style=\"color: #3366ff;\"><a href=\"https:\/\/sites.usp.br\/ppggastro\/wp-content\/uploads\/sites\/616\/2024\/03\/FAPESP-Codigo_de_Boas_Praticas_Cientificas.pdf\">FAPESP-Codigo_de_Boas_Praticas_Cientificas<\/a><br \/>\n<a style=\"color: #3366ff;\" href=\"http:\/\/www.pgcardiologia.incor.usp.br\/images\/FICHA_DE_INSCRICAO_ATUALIZADO_11.03.21.docx\">Formul\u00e1rio de Inscri\u00e7\u00e3o<\/a><\/span><\/li>\n<li><span style=\"color: #3366ff;\"><a style=\"color: #3366ff;\" href=\"http:\/\/www.pgcardiologia.incor.usp.br\/images\/Matr%C3%ADcula_Inicial_Aluno_Novo_atualizado_em_22072016_2.doc\" target=\"_blank\" rel=\"noopener noreferrer\">Matr\u00edcula inicial aluno novo<\/a><\/span><\/li>\n<li><span style=\"color: #3366ff;\"><a style=\"color: #3366ff;\" href=\"http:\/\/www.pgcardiologia.incor.usp.br\/images\/docs_pcardio\/formularios\/Matr%C3%ADcula_em_disciplina_Aluno_Regularmente_Matriculado_5.doc\" target=\"_blank\" rel=\"noopener noreferrer\">Matr\u00edcula em disciplina aluno regularmente matriculado<\/a><\/span><\/li>\n<li><span style=\"color: #3366ff;\"><a style=\"color: #3366ff;\" href=\"http:\/\/www.pgcardiologia.incor.usp.br\/images\/docs_pcardio\/formularios\/Matr%C3%ADcula_de_aluno_especial.doc\" target=\"_blank\" rel=\"noopener noreferrer\">Matr\u00edcula de aluno especial<\/a><\/span><\/li>\n<li><span style=\"color: #3366ff;\"><a style=\"color: #3366ff;\" href=\"http:\/\/www.pgcardiologia.incor.usp.br\/images\/Solicita%C3%A7%C3%A3o_de_acesso_ao_HC-FMUSP.pdf\">Solicita\u00e7\u00e3o de acesso ao SIGH<\/a><\/span><\/li>\n<li><span style=\"color: #3366ff;\"><a class=\"contentpane\" style=\"color: #3366ff;\" href=\"http:\/\/sites.usp.br\/sas\/passe-escolar\/\">Instru\u00e7\u00f5es para solicita\u00e7\u00e3o de bilhete escolar (SPTrans)<\/a><\/span><\/li>\n<li><span style=\"color: #3366ff;\"><a style=\"color: #3366ff;\" href=\"http:\/\/www.pgcardiologia.incor.usp.br\/images\/Formul%C3%A1rios_Formul%C3%A1rio_bilhete_escolar.27.03.2019.docx\">Formul\u00e1rio bilhete escolar<\/a><\/span><\/li>\n<li><span style=\"color: #3366ff;\"><a style=\"color: #3366ff;\" href=\"http:\/\/www.pgcardiologia.incor.usp.br\/images\/CADASTRO.pdf\">Presta\u00e7\u00e3o de Servi\u00e7os Volunt\u00e1rios<\/a><\/span>\u00a0(atividade espont\u00e2nea n\u00e3o remunerada prestada ao HCFMUSP por pessoa f\u00edsica, n\u00e3o gerando v\u00ednculo empregat\u00edcio ou de natureza trabalhista e previdenci\u00e1ria, sendo classificado como: profissional da \u00e1rea da sa\u00fade, profissional de \u00e1rea n\u00e3o assistencial, pesquisa, a\u00e7\u00f5es ecum\u00eanicas e sociais)<\/li>\n<li><a href=\"http:\/\/www.pgcardiologia.incor.usp.br\/images\/termo_de_comprimisso_de_acesso_ao_si3_alunos_de_ps-graduao-2019-2.doc\"><span style=\"color: #3366ff;\">Termo de compromisso de acesso ao SI3 alunos de p\u00f3s-gradua\u00e7\u00e3o\u00a0<\/span><\/a>(obrigat\u00f3rio para os alunos que utilizar\u00e3o o SI3)<\/li>\n<li><span style=\"color: #3366ff;\"><a style=\"color: #3366ff;\" href=\"http:\/\/www.pgcardiologia.incor.usp.br\/images\/Formul%C3%A1rio_projeto_pesquisa_atualizado_em_12022021-1.docx\">Formul\u00e1rio Projeto de pesquisa<\/a><\/span><\/li>\n<li><span style=\"color: #3366ff;\"><a style=\"color: #3366ff;\" href=\"http:\/\/www.pgcardiologia.incor.usp.br\/images\/Formul%C3%A1rios_Aceita%C3%A7%C3%A3o_de_T%C3%ADtulo_de_Mestre.27.03.2019.docx\">Aceita\u00e7\u00e3o do t\u00edtulo de mestre<\/a><\/span><\/li>\n<\/ul>\n","protected":false},"excerpt":{"rendered":"<p>FAPESP-Codigo_de_Boas_Praticas_Cientificas Formul\u00e1rio de Inscri\u00e7\u00e3o Matr\u00edcula inicial aluno novo Matr\u00edcula em disciplina aluno regularmente matriculado Matr\u00edcula de aluno especial Solicita\u00e7\u00e3o de acesso ao SIGH Instru\u00e7\u00f5es para solicita\u00e7\u00e3o de bilhete escolar (SPTrans) Formul\u00e1rio bilhete escolar Presta\u00e7\u00e3o de Servi\u00e7os Volunt\u00e1rios\u00a0(atividade espont\u00e2nea n\u00e3o remunerada prestada ao HCFMUSP por pessoa f\u00edsica, n\u00e3o gerando v\u00ednculo empregat\u00edcio ou de natureza trabalhista e [&hellip;]<\/p>\n","protected":false},"author":1176,"featured_media":0,"parent":0,"menu_order":0,"comment_status":"closed","ping_status":"closed","template":"","meta":{"_monsterinsights_skip_tracking":false,"_monsterinsights_sitenote_active":false,"_monsterinsights_sitenote_note":"","_monsterinsights_sitenote_category":0,"footnotes":"","_links_to":"","_links_to_target":""},"class_list":["post-545","page","type-page","status-publish","hentry"],"_links":{"self":[{"href":"https:\/\/sites.usp.br\/ppggastro\/wp-json\/wp\/v2\/pages\/545","targetHints":{"allow":["GET"]}}],"collection":[{"href":"https:\/\/sites.usp.br\/ppggastro\/wp-json\/wp\/v2\/pages"}],"about":[{"href":"https:\/\/sites.usp.br\/ppggastro\/wp-json\/wp\/v2\/types\/page"}],"author":[{"embeddable":true,"href":"https:\/\/sites.usp.br\/ppggastro\/wp-json\/wp\/v2\/users\/1176"}],"replies":[{"embeddable":true,"href":"https:\/\/sites.usp.br\/ppggastro\/wp-json\/wp\/v2\/comments?post=545"}],"version-history":[{"count":3,"href":"https:\/\/sites.usp.br\/ppggastro\/wp-json\/wp\/v2\/pages\/545\/revisions"}],"predecessor-version":[{"id":681,"href":"https:\/\/sites.usp.br\/ppggastro\/wp-json\/wp\/v2\/pages\/545\/revisions\/681"}],"wp:attachment":[{"href":"https:\/\/sites.usp.br\/ppggastro\/wp-json\/wp\/v2\/media?parent=545"}],"curies":[{"name":"wp","href":"https:\/\/api.w.org\/{rel}","templated":true}]}}