{"id":648,"date":"2021-08-27T10:48:39","date_gmt":"2021-08-27T12:48:39","guid":{"rendered":"https:\/\/sites.usp.br\/ppggastro\/?page_id=648"},"modified":"2021-08-27T10:59:32","modified_gmt":"2021-08-27T12:59:32","slug":"reuniao-cientifica","status":"publish","type":"page","link":"https:\/\/sites.usp.br\/ppggastro\/reuniao-cientifica\/","title":{"rendered":"Reuni\u00e3o Cient\u00edfica"},"content":{"rendered":"<p><span style=\"font-size: 14pt;\">A reuni\u00e3o cient\u00edfica do Departamento de Gastrenterologia ocorre \u00e0s quartas-feiras, das 08:00-10:00hs.<\/span><\/p>\n<p><span style=\"font-size: 14pt;\">S\u00e3o apresentados dois projetos de pesquisa por reuni\u00e3o de candidatos ao ingresso no programa de p\u00f3s-gradua\u00e7\u00e3o do Departamento.<\/span><\/p>\n<p><span style=\"font-size: 14pt;\">Realiza-se o debate de quest\u00f5es como o desenho do estudo, an\u00e1lise estat\u00edstica, resultados preliminares, qualidade da apresenta\u00e7\u00e3o, entre outros.<\/span><\/p>\n<p><span style=\"font-size: 14pt;\">A reuni\u00e3o tem a coordena\u00e7\u00e3o do Profs. Jos\u00e9 Jukemura, Ulysses Ribeiro Jr e Claudia P. M. S. de Oliveira, com a participa\u00e7\u00e3o de epidemiologista, estat\u00edstico e orientadores do programa.\u00a0<\/span><\/p>\n","protected":false},"excerpt":{"rendered":"<p>A reuni\u00e3o cient\u00edfica do Departamento de Gastrenterologia ocorre \u00e0s quartas-feiras, das 08:00-10:00hs. S\u00e3o apresentados dois projetos de pesquisa por reuni\u00e3o de candidatos ao ingresso no programa de p\u00f3s-gradua\u00e7\u00e3o do Departamento. Realiza-se o debate de quest\u00f5es como o desenho do estudo, an\u00e1lise estat\u00edstica, resultados preliminares, qualidade da apresenta\u00e7\u00e3o, entre outros. A reuni\u00e3o tem a coordena\u00e7\u00e3o do [&hellip;]<\/p>\n","protected":false},"author":1176,"featured_media":0,"parent":0,"menu_order":0,"comment_status":"closed","ping_status":"closed","template":"","meta":{"_monsterinsights_skip_tracking":false,"_monsterinsights_sitenote_active":false,"_monsterinsights_sitenote_note":"","_monsterinsights_sitenote_category":0,"footnotes":"","_links_to":"","_links_to_target":""},"class_list":["post-648","page","type-page","status-publish","hentry"],"_links":{"self":[{"href":"https:\/\/sites.usp.br\/ppggastro\/wp-json\/wp\/v2\/pages\/648","targetHints":{"allow":["GET"]}}],"collection":[{"href":"https:\/\/sites.usp.br\/ppggastro\/wp-json\/wp\/v2\/pages"}],"about":[{"href":"https:\/\/sites.usp.br\/ppggastro\/wp-json\/wp\/v2\/types\/page"}],"author":[{"embeddable":true,"href":"https:\/\/sites.usp.br\/ppggastro\/wp-json\/wp\/v2\/users\/1176"}],"replies":[{"embeddable":true,"href":"https:\/\/sites.usp.br\/ppggastro\/wp-json\/wp\/v2\/comments?post=648"}],"version-history":[{"count":4,"href":"https:\/\/sites.usp.br\/ppggastro\/wp-json\/wp\/v2\/pages\/648\/revisions"}],"predecessor-version":[{"id":661,"href":"https:\/\/sites.usp.br\/ppggastro\/wp-json\/wp\/v2\/pages\/648\/revisions\/661"}],"wp:attachment":[{"href":"https:\/\/sites.usp.br\/ppggastro\/wp-json\/wp\/v2\/media?parent=648"}],"curies":[{"name":"wp","href":"https:\/\/api.w.org\/{rel}","templated":true}]}}