{"id":79,"date":"2014-02-24T16:51:20","date_gmt":"2014-02-24T18:51:20","guid":{"rendered":"http:\/\/sites.usp.br\/ppggastro\/?page_id=79"},"modified":"2025-05-14T11:11:10","modified_gmt":"2025-05-14T13:11:10","slug":"pagina-inicial","status":"publish","type":"page","link":"https:\/\/sites.usp.br\/ppggastro\/","title":{"rendered":"Apresenta\u00e7\u00e3o"},"content":{"rendered":"&nbsp;<\/p>\n<p><a href=\"https:\/\/www3.fm.usp.br\/fmusp\/portal\/\"><img loading=\"lazy\" decoding=\"async\" class=\"alignnone wp-image-431\" src=\"https:\/\/sites.usp.br\/ppggastro\/wp-content\/uploads\/sites\/616\/2020\/09\/faculdade-1-300x169.jpg\" alt=\"\" width=\"622\" height=\"350\" srcset=\"https:\/\/sites.usp.br\/ppggastro\/wp-content\/uploads\/sites\/616\/2020\/09\/faculdade-1-300x169.jpg 300w, https:\/\/sites.usp.br\/ppggastro\/wp-content\/uploads\/sites\/616\/2020\/09\/faculdade-1-1024x576.jpg 1024w, https:\/\/sites.usp.br\/ppggastro\/wp-content\/uploads\/sites\/616\/2020\/09\/faculdade-1-768x432.jpg 768w, https:\/\/sites.usp.br\/ppggastro\/wp-content\/uploads\/sites\/616\/2020\/09\/faculdade-1-310x174.jpg 310w, https:\/\/sites.usp.br\/ppggastro\/wp-content\/uploads\/sites\/616\/2020\/09\/faculdade-1-400x225.jpg 400w, https:\/\/sites.usp.br\/ppggastro\/wp-content\/uploads\/sites\/616\/2020\/09\/faculdade-1.jpg 1280w\" sizes=\"auto, (max-width: 622px) 100vw, 622px\" \/><\/a><\/p>\n<p>&nbsp;<\/p>\n<p>O objetivo b\u00e1sico do programa \u00e9 a forma\u00e7\u00e3o acad\u00eamica de professores e pesquisadores para profissionais com gradua\u00e7\u00e3o na \u00e1rea da sa\u00fade, m\u00e9dicos e profissionais afins, para atuar em universidades\u00a0 (p\u00fablicas e privadas) ou na \u00e1rea privada, prontos a conduzir pesquisa cl\u00ednica ou experimental na perspectiva interdisciplinar. Assim n\u00e3o tem car\u00e1ter de especializa\u00e7\u00e3o, de aperfei\u00e7oamento profissional ou de forma\u00e7\u00e3o t\u00e9cnica.<\/p>\n<p>Atua nas \u00e1reas do Departamento de Gastroenterologia (Gastroenterologia Cl\u00ednica, Hepatologia, Cirurgia do Aparelho Digestivo, Coloproctologia, Endoscopia, Nutri\u00e7\u00e3o e Transplante de \u00d3rg\u00e3os) e \u00e1reas afins.<\/p>\n<p>Em 2006, o Departamento de Gastroenterologia, com o intuito de aumentar a qualidade do seu programa de P\u00f3s-Gradua\u00e7\u00e3o\u00a0 e reformular os programas de Cirurgia do Aparelho Digestivo e Gastroenterologia Cl\u00ednica, realizou processo de fus\u00e3o dos programas potencializando \u00a0nossas vantagens institucionais. O processo de unifica\u00e7\u00e3o foi aprovado pelo Reitor da Universidade de S\u00e3o Paulo em 2009, recebendo\u00a0 pela C\u00e2mara de avalia\u00e7\u00e3o a designa\u00e7\u00e3o de Programa de P\u00f3s-Gradua\u00e7\u00e3o em Ci\u00eancia de Gastroenterologia, n\u00edvel de Mestrado e Doutorado senso estricto.<\/p>\n<p><strong>A avalia\u00e7\u00e3o Quadrienal da Coordena\u00e7\u00e3o de Aperfei\u00e7oamento de Pessoal de N\u00edvel Superior (CAPES) do quadri\u00eanio 2018-2021 elevou a nota do programa para 6.\u00a0<\/strong><\/p>\n<p><span style=\"font-size: 14pt;\"><strong>Contamos com bolsas dispon\u00edveis de Mestrado e Doutorado. Confira nosso Edital 2024 no link abaixo:<\/strong><\/span><\/p>\n<p><span style=\"font-size: 14pt; color: #000000;\"><a style=\"color: #000000;\" href=\"https:\/\/sites.usp.br\/ppggastro\/wp-content\/uploads\/sites\/616\/2024\/03\/Edital_2024.pdf\">Edital 2024 (Portugu\u00eas)<\/a><\/span><\/p>\n<p><span style=\"font-size: 14pt; color: #000000;\"><a style=\"color: #000000;\" href=\"https:\/\/sites.usp.br\/ppggastro\/wp-content\/uploads\/sites\/616\/2025\/05\/Call_for_Applications_2024-1.pdf\">Call_for_Applications_2024<\/a> (Ingl\u00eas)<\/span><\/p>\n<p><span style=\"font-size: 14pt; color: #000000;\"><a style=\"color: #000000;\" href=\"https:\/\/sites.usp.br\/ppggastro\/wp-content\/uploads\/sites\/616\/2025\/05\/Convocatoria_2024.pdf\">Convocatoria_2024 (Espanhol)<\/a><\/p>\n<p><\/span><\/p>\n<p>Confira abaixo o<strong> EDITAL 2024\/01<\/strong>: <strong>Programa Institucional de P\u00f3s-Doutorado<br \/>\n<\/strong><\/p>\n<p><a href=\"https:\/\/sites.usp.br\/ppggastro\/wp-content\/uploads\/sites\/616\/2024\/12\/EditalPos-Doc2024.pdf\">EditalP\u00f3s-Doc2024<\/a><\/p>\n<p><a href=\"https:\/\/sites.usp.br\/ppggastro\/wp-content\/uploads\/sites\/616\/2025\/05\/Convocatoria_Posdoc_2024_Espanol.pdf\">Convocatoria_Posdoc_2024_Espanol<\/a><\/p>\n<p><a href=\"https:\/\/sites.usp.br\/ppggastro\/wp-content\/uploads\/sites\/616\/2025\/05\/Postdoc_Call_2024_English.pdf\">Postdoc_Call_2024_English<\/a>","protected":false},"excerpt":{"rendered":"<p>&nbsp; &nbsp; O objetivo b\u00e1sico do programa \u00e9 a forma\u00e7\u00e3o acad\u00eamica de professores e pesquisadores para profissionais com gradua\u00e7\u00e3o na \u00e1rea da sa\u00fade, m\u00e9dicos e profissionais afins, para atuar em universidades\u00a0 (p\u00fablicas e privadas) ou na \u00e1rea privada, prontos a conduzir pesquisa cl\u00ednica ou experimental na perspectiva interdisciplinar. Assim n\u00e3o tem car\u00e1ter de especializa\u00e7\u00e3o, de [&hellip;]<\/p>\n","protected":false},"author":1,"featured_media":0,"parent":0,"menu_order":15,"comment_status":"closed","ping_status":"closed","template":"","meta":{"_monsterinsights_skip_tracking":false,"_monsterinsights_sitenote_active":false,"_monsterinsights_sitenote_note":"","_monsterinsights_sitenote_category":0,"footnotes":"","_links_to":"","_links_to_target":""},"class_list":["post-79","page","type-page","status-publish","hentry"],"_links":{"self":[{"href":"https:\/\/sites.usp.br\/ppggastro\/wp-json\/wp\/v2\/pages\/79","targetHints":{"allow":["GET"]}}],"collection":[{"href":"https:\/\/sites.usp.br\/ppggastro\/wp-json\/wp\/v2\/pages"}],"about":[{"href":"https:\/\/sites.usp.br\/ppggastro\/wp-json\/wp\/v2\/types\/page"}],"author":[{"embeddable":true,"href":"https:\/\/sites.usp.br\/ppggastro\/wp-json\/wp\/v2\/users\/1"}],"replies":[{"embeddable":true,"href":"https:\/\/sites.usp.br\/ppggastro\/wp-json\/wp\/v2\/comments?post=79"}],"version-history":[{"count":6,"href":"https:\/\/sites.usp.br\/ppggastro\/wp-json\/wp\/v2\/pages\/79\/revisions"}],"predecessor-version":[{"id":693,"href":"https:\/\/sites.usp.br\/ppggastro\/wp-json\/wp\/v2\/pages\/79\/revisions\/693"}],"wp:attachment":[{"href":"https:\/\/sites.usp.br\/ppggastro\/wp-json\/wp\/v2\/media?parent=79"}],"curies":[{"name":"wp","href":"https:\/\/api.w.org\/{rel}","templated":true}]}}