{"id":142,"date":"2024-08-11T18:11:02","date_gmt":"2024-08-11T21:11:02","guid":{"rendered":"https:\/\/sites.usp.br\/ppgllci\/?page_id=142"},"modified":"2025-08-13T17:02:34","modified_gmt":"2025-08-13T20:02:34","slug":"benvenuti","status":"publish","type":"page","link":"https:\/\/sites.usp.br\/ppgllci\/","title":{"rendered":"Benvenuti!"},"content":{"rendered":"\t\t<div data-elementor-type=\"wp-page\" data-elementor-id=\"142\" class=\"elementor elementor-142\">\n\t\t\t\t\t\t<section class=\"elementor-section elementor-top-section elementor-element elementor-element-2522c98 elementor-section-boxed elementor-section-height-default elementor-section-height-default\" data-id=\"2522c98\" data-element_type=\"section\">\n\t\t\t\t\t\t<div class=\"elementor-container elementor-column-gap-default\">\n\t\t\t\t\t<div class=\"elementor-column elementor-col-100 elementor-top-column elementor-element elementor-element-b26a80e\" data-id=\"b26a80e\" data-element_type=\"column\">\n\t\t\t<div class=\"elementor-widget-wrap elementor-element-populated\">\n\t\t\t\t\t\t<div class=\"elementor-element elementor-element-5e9c2a6 elementor-widget elementor-widget-image\" data-id=\"5e9c2a6\" data-element_type=\"widget\" data-widget_type=\"image.default\">\n\t\t\t\t<div class=\"elementor-widget-container\">\n\t\t\t\t\t\t\t\t\t\t\t\t\t<img fetchpriority=\"high\" decoding=\"async\" width=\"1536\" height=\"384\" src=\"https:\/\/sites.usp.br\/ppgllci\/wp-content\/uploads\/sites\/1522\/2025\/08\/Capa-Benvenuti-1536x384.jpg\" class=\"attachment-1536x1536 size-1536x1536 wp-image-536\" alt=\"\" srcset=\"https:\/\/sites.usp.br\/ppgllci\/wp-content\/uploads\/sites\/1522\/2025\/08\/Capa-Benvenuti-1536x384.jpg 1536w, https:\/\/sites.usp.br\/ppgllci\/wp-content\/uploads\/sites\/1522\/2025\/08\/Capa-Benvenuti-300x75.jpg 300w, https:\/\/sites.usp.br\/ppgllci\/wp-content\/uploads\/sites\/1522\/2025\/08\/Capa-Benvenuti-1024x256.jpg 1024w, https:\/\/sites.usp.br\/ppgllci\/wp-content\/uploads\/sites\/1522\/2025\/08\/Capa-Benvenuti-768x192.jpg 768w, https:\/\/sites.usp.br\/ppgllci\/wp-content\/uploads\/sites\/1522\/2025\/08\/Capa-Benvenuti.jpg 1920w\" sizes=\"(max-width: 1536px) 100vw, 1536px\" \/>\t\t\t\t\t\t\t\t\t\t\t\t\t<\/div>\n\t\t\t\t<\/div>\n\t\t\t\t\t<\/div>\n\t\t<\/div>\n\t\t\t\t\t<\/div>\n\t\t<\/section>\n\t\t\t\t<section class=\"elementor-section elementor-top-section elementor-element elementor-element-843da61 elementor-section-boxed elementor-section-height-default elementor-section-height-default\" data-id=\"843da61\" data-element_type=\"section\">\n\t\t\t\t\t\t<div class=\"elementor-container elementor-column-gap-default\">\n\t\t\t\t\t<div class=\"elementor-column elementor-col-100 elementor-top-column elementor-element elementor-element-8961a9e\" data-id=\"8961a9e\" data-element_type=\"column\">\n\t\t\t<div class=\"elementor-widget-wrap elementor-element-populated\">\n\t\t\t\t\t\t<div class=\"elementor-element elementor-element-b835ee9 elementor-widget elementor-widget-text-editor\" data-id=\"b835ee9\" data-element_type=\"widget\" data-widget_type=\"text-editor.default\">\n\t\t\t\t<div class=\"elementor-widget-container\">\n\t\t\t\t\t\t\t<p style=\"text-align: center;\"><span style=\"font-size: 12pt; font-family: georgia, palatino, serif;\"><b>APRESENTA\u00c7\u00c3O<\/b><\/span><\/p><p style=\"text-align: justify;\"><span style=\"font-size: 12pt; font-family: georgia, palatino, serif;\">O XI Encontro de P\u00f3s-Graduandos em L\u00edngua, Literatura e Cultura Italianas \u00e9 promovido pelo Programa de P\u00f3s-Gradua\u00e7\u00e3o em Letras &#8211; L\u00edngua, Literatura e Cultura Italianas da Universidade de S\u00e3o Paulo (PPG LLCI\/USP). <\/span><\/p><p style=\"text-align: justify;\"><span style=\"font-size: 12pt; font-family: georgia, palatino, serif;\">O evento tem como objetivo reunir discentes de mestrado, doutorado e egressos do referido Programa de P\u00f3s-Gradua\u00e7\u00e3o para compartilhar e discutir os diferentes projetos de pesquisas conclu\u00eddos e em andamento, al\u00e9m de experi\u00eancias did\u00e1ticas.<\/span><\/p><p style=\"text-align: justify;\"><span style=\"font-size: 12pt; font-family: georgia, palatino, serif;\">O XI Encontro recebe tamb\u00e9m graduandas e graduandos da \u00c1rea da Habilita\u00e7\u00e3o em Italiano da Faculdade de Filosofia, Letras e Ci\u00eancias Humanas (FFLCH\/USP) para compartilharem as suas pesquisas realizadas durante a Inicia\u00e7\u00e3o Cient\u00edfica (IC) e o Trabalho de Gradua\u00e7\u00e3o Individual (TGI).<\/span><\/p><p style=\"text-align: justify;\"><span style=\"font-size: 12pt; font-family: georgia, palatino, serif;\">A participa\u00e7\u00e3o do p\u00fablico presente, com perguntas e sugest\u00f5es de leituras, <i>enriquece <\/i>a troca de experi\u00eancias na \u00e1rea.<\/span><\/p><p style=\"text-align: justify;\"><span style=\"font-size: 12pt; font-family: georgia, palatino, serif;\">Neste ano de 2025, inclusive, comemoramos os <b><i>50 anos do Programa de P\u00f3s-Gradua\u00e7\u00e3o em Letras &#8211; L\u00edngua, Literatura e Cultura Italianas<\/i><\/b>. Por isso, teremos momentos comemorativos para celebrar\u00a0<\/span><span style=\"font-size: 12pt; font-family: georgia, palatino, serif;\">um Programa de P\u00f3s-Gradua\u00e7\u00e3o t\u00e3o importante e significativo para o Brasil e para a Italian\u00edstica.<\/span><\/p>\t\t\t\t\t\t<\/div>\n\t\t\t\t<\/div>\n\t\t\t\t\t<\/div>\n\t\t<\/div>\n\t\t\t\t\t<\/div>\n\t\t<\/section>\n\t\t\t\t<section class=\"elementor-section elementor-top-section elementor-element elementor-element-f82fbb3 elementor-section-boxed elementor-section-height-default elementor-section-height-default\" data-id=\"f82fbb3\" data-element_type=\"section\">\n\t\t\t\t\t\t<div class=\"elementor-container elementor-column-gap-default\">\n\t\t\t\t\t<div class=\"elementor-column elementor-col-100 elementor-top-column elementor-element elementor-element-1a0023e\" data-id=\"1a0023e\" data-element_type=\"column\">\n\t\t\t<div class=\"elementor-widget-wrap elementor-element-populated\">\n\t\t\t\t\t\t<div class=\"elementor-element elementor-element-cea9a93 elementor-widget elementor-widget-text-editor\" data-id=\"cea9a93\" data-element_type=\"widget\" data-widget_type=\"text-editor.default\">\n\t\t\t\t<div class=\"elementor-widget-container\">\n\t\t\t\t\t\t\t<p style=\"text-align: center;\"><strong><span style=\"font-family: georgia, palatino, serif; font-size: 12pt;\">Coordena\u00e7\u00e3o do Programa de P\u00f3s-Gradua\u00e7\u00e3o em Letras &#8211; L\u00edngua, Literatura e Cultura Italianas<\/span><\/strong><\/p><ul><li style=\"text-align: center;\"><span style=\"font-family: georgia, palatino, serif; font-size: 12pt;\">Prof.\u00aa Dra. Angela Maria Tenorio Zucchi (coordenadora)<\/span><\/li><li style=\"text-align: center;\"><span style=\"font-family: georgia, palatino, serif; font-size: 12pt;\">Prof.\u00aa Dra. Lucia Wataghin (vice-coordenadora)<\/span><\/li><\/ul>\t\t\t\t\t\t<\/div>\n\t\t\t\t<\/div>\n\t\t\t\t\t<\/div>\n\t\t<\/div>\n\t\t\t\t\t<\/div>\n\t\t<\/section>\n\t\t\t\t<section class=\"elementor-section elementor-top-section elementor-element elementor-element-69ccaf9 elementor-section-boxed elementor-section-height-default elementor-section-height-default\" data-id=\"69ccaf9\" data-element_type=\"section\" data-settings=\"{&quot;background_background&quot;:&quot;classic&quot;}\">\n\t\t\t\t\t\t<div class=\"elementor-container elementor-column-gap-default\">\n\t\t\t\t\t<div class=\"elementor-column elementor-col-50 elementor-top-column elementor-element elementor-element-5ee9a76\" data-id=\"5ee9a76\" data-element_type=\"column\">\n\t\t\t<div class=\"elementor-widget-wrap elementor-element-populated\">\n\t\t\t\t\t\t<div class=\"elementor-element elementor-element-3aee16f elementor-widget elementor-widget-text-editor\" data-id=\"3aee16f\" data-element_type=\"widget\" data-widget_type=\"text-editor.default\">\n\t\t\t\t<div class=\"elementor-widget-container\">\n\t\t\t\t\t\t\t<ul><li style=\"text-align: center;\"><strong><span style=\"font-family: georgia, palatino, serif; font-size: 12pt;\">Comiss\u00e3o Organizadora<\/span><\/strong><\/li><li style=\"text-align: center;\"><span style=\"font-family: georgia, palatino, serif; font-size: 12pt;\">Anne Caroline do Nascimento Ribeiro (Doutoranda\/USP)<\/span><\/li><li style=\"text-align: center;\"><span style=\"font-family: georgia, palatino, serif; font-size: 12pt;\">Beatriz Santos do Nascimento (Monitora\/USP)<\/span><\/li><li style=\"text-align: center;\"><span style=\"font-family: georgia, palatino, serif; font-size: 12pt;\">Carolina Grandino Pereira de Morais (Doutoranda\/USP)<\/span><\/li><li style=\"text-align: center;\"><span style=\"font-family: georgia, palatino, serif; font-size: 12pt;\">Cristiane de Souza Silva (Mestranda\/USP)<\/span><\/li><li style=\"text-align: center;\"><span style=\"font-family: georgia, palatino, serif; font-size: 12pt;\">Giuliana Matiuzzi Seerig (Mestranda\/USP)<\/span><\/li><li style=\"text-align: center;\"><span style=\"font-family: georgia, palatino, serif; font-size: 12pt;\">Isabella Lafratta Amado (Mestra\/USP)<\/span><\/li><li style=\"text-align: center;\"><span style=\"font-family: georgia, palatino, serif; font-size: 12pt;\">Ivan Aparecido Gotardelo Pacheco Junior (Doutorando\/USP)<\/span><\/li><li style=\"text-align: center;\"><span style=\"font-family: georgia, palatino, serif; font-size: 12pt;\">Jade Mariam Vaccari Carvalho Silva (Doutoranda\/USP)<\/span><\/li><li style=\"text-align: center;\"><span style=\"font-family: georgia, palatino, serif; font-size: 12pt;\">Luiza Del Poz dos Santos (Doutoranda\/USP)<\/span><\/li><li style=\"text-align: center;\"><span style=\"font-family: georgia, palatino, serif; font-size: 12pt;\">Maria Clara Martho Betti (Mestranda\/USP)<\/span><\/li><li style=\"text-align: center;\"><span style=\"font-family: georgia, palatino, serif; font-size: 12pt;\">Mauro Pescetelli (Mestrando\/USP)<\/span><\/li><li style=\"text-align: center;\"><span style=\"font-family: georgia, palatino, serif; font-size: 12pt; text-align: center;\">Wellington Rodrigues (Doutorando\/USP)<\/span><\/li><\/ul>\t\t\t\t\t\t<\/div>\n\t\t\t\t<\/div>\n\t\t\t\t\t<\/div>\n\t\t<\/div>\n\t\t\t\t<div class=\"elementor-column elementor-col-50 elementor-top-column elementor-element elementor-element-64e86f1\" data-id=\"64e86f1\" data-element_type=\"column\">\n\t\t\t<div class=\"elementor-widget-wrap elementor-element-populated\">\n\t\t\t\t\t\t<div class=\"elementor-element elementor-element-307768d elementor-widget elementor-widget-text-editor\" data-id=\"307768d\" data-element_type=\"widget\" data-widget_type=\"text-editor.default\">\n\t\t\t\t<div class=\"elementor-widget-container\">\n\t\t\t\t\t\t\t<ul><li style=\"text-align: center;\"><strong><span style=\"font-family: georgia, palatino, serif; font-size: 12pt;\">Comiss\u00e3o Cient\u00edfica<\/span><\/strong><\/li><li style=\"text-align: center;\"><span style=\"font-family: georgia, palatino, serif; font-size: 12pt;\">Adriana Mendes Porcellato (Professora Doutora\/USP)<\/span><\/li><li style=\"text-align: center;\"><span style=\"font-family: georgia, palatino, serif; font-size: 12pt;\">Angela Maria Tenorio Zucchi (Professora Doutora\/USP)<\/span><\/li><li style=\"text-align: center;\"><span style=\"font-family: georgia, palatino, serif; font-size: 12pt;\">Anne Caroline do Nascimento Ribeiro (Doutoranda\/USP)<\/span><\/li><li style=\"text-align: center;\"><span style=\"font-family: georgia, palatino, serif; font-size: 12pt;\">Carolina Grandino Pereira de Morais (Doutoranda\/USP)<\/span><\/li><li style=\"text-align: center;\"><span style=\"font-family: georgia, palatino, serif; font-size: 12pt;\">Ivan Aparecido Gotardelo Pacheco Junior (Doutorando\/USP)<\/span><\/li><li style=\"text-align: center;\"><span style=\"font-family: georgia, palatino, serif; font-size: 12pt;\">Lucia Wataghin (Professora Doutora\/USP)<\/span><\/li><li style=\"text-align: center;\"><span style=\"font-family: georgia, palatino, serif; font-size: 12pt;\">Luciane Nascimento Spadotto (Professora Doutora\/USP)<\/span><\/li><li style=\"text-align: center;\"><span style=\"font-family: georgia, palatino, serif; font-size: 12pt;\">Luiza Del Poz dos Santos (Doutoranda\/USP)<\/span><\/li><li style=\"text-align: center;\"><span style=\"font-family: georgia, palatino, serif; font-size: 12pt;\">Valentina Cantori (Professora Doutora\/USP)<\/span><\/li><li style=\"text-align: center;\"><span style=\"font-family: georgia, palatino, serif; font-size: 12pt; text-align: center;\">Wellington Rodrigues (Doutorando\/USP)<\/span><\/li><\/ul>\t\t\t\t\t\t<\/div>\n\t\t\t\t<\/div>\n\t\t\t\t\t<\/div>\n\t\t<\/div>\n\t\t\t\t\t<\/div>\n\t\t<\/section>\n\t\t\t\t<section class=\"elementor-section elementor-top-section elementor-element elementor-element-cb2fbd0 elementor-section-boxed elementor-section-height-default elementor-section-height-default\" data-id=\"cb2fbd0\" data-element_type=\"section\">\n\t\t\t\t\t\t<div class=\"elementor-container elementor-column-gap-default\">\n\t\t\t\t\t<div class=\"elementor-column elementor-col-33 elementor-top-column elementor-element elementor-element-f28b0f6\" data-id=\"f28b0f6\" data-element_type=\"column\">\n\t\t\t<div class=\"elementor-widget-wrap elementor-element-populated\">\n\t\t\t\t\t\t<div class=\"elementor-element elementor-element-bec7bab elementor-align-center elementor-widget elementor-widget-button\" data-id=\"bec7bab\" data-element_type=\"widget\" data-widget_type=\"button.default\">\n\t\t\t\t<div class=\"elementor-widget-container\">\n\t\t\t\t\t\t\t<div class=\"elementor-button-wrapper\">\n\t\t\t\t\t<a class=\"elementor-button elementor-button-link elementor-size-sm\" href=\"https:\/\/italiano.fflch.usp.br\/\" target=\"_blank\">\n\t\t\t\t\t\t<span class=\"elementor-button-content-wrapper\">\n\t\t\t\t\t\t<span class=\"elementor-button-icon\">\n\t\t\t\t<i aria-hidden=\"true\" class=\"fas fa-link\"><\/i>\t\t\t<\/span>\n\t\t\t\t\t\t\t\t\t<span class=\"elementor-button-text\">Site Oficial<\/span>\n\t\t\t\t\t<\/span>\n\t\t\t\t\t<\/a>\n\t\t\t\t<\/div>\n\t\t\t\t\t\t<\/div>\n\t\t\t\t<\/div>\n\t\t\t\t\t<\/div>\n\t\t<\/div>\n\t\t\t\t<div class=\"elementor-column elementor-col-33 elementor-top-column elementor-element elementor-element-5409734\" data-id=\"5409734\" data-element_type=\"column\">\n\t\t\t<div class=\"elementor-widget-wrap elementor-element-populated\">\n\t\t\t\t\t\t<div class=\"elementor-element elementor-element-c6a8fed elementor-align-center elementor-widget elementor-widget-button\" data-id=\"c6a8fed\" data-element_type=\"widget\" data-widget_type=\"button.default\">\n\t\t\t\t<div class=\"elementor-widget-container\">\n\t\t\t\t\t\t\t<div class=\"elementor-button-wrapper\">\n\t\t\t\t\t<a class=\"elementor-button elementor-button-link elementor-size-sm\" href=\"https:\/\/www.instagram.com\/pos.usp.italiano\/\">\n\t\t\t\t\t\t<span class=\"elementor-button-content-wrapper\">\n\t\t\t\t\t\t<span class=\"elementor-button-icon\">\n\t\t\t\t<i aria-hidden=\"true\" class=\"fab fa-instagram\"><\/i>\t\t\t<\/span>\n\t\t\t\t\t\t\t\t\t<span class=\"elementor-button-text\">Instagram<\/span>\n\t\t\t\t\t<\/span>\n\t\t\t\t\t<\/a>\n\t\t\t\t<\/div>\n\t\t\t\t\t\t<\/div>\n\t\t\t\t<\/div>\n\t\t\t\t\t<\/div>\n\t\t<\/div>\n\t\t\t\t<div class=\"elementor-column elementor-col-33 elementor-top-column elementor-element elementor-element-3af72fc\" data-id=\"3af72fc\" data-element_type=\"column\">\n\t\t\t<div class=\"elementor-widget-wrap elementor-element-populated\">\n\t\t\t\t\t\t<div class=\"elementor-element elementor-element-d39b713 elementor-align-center elementor-widget elementor-widget-button\" data-id=\"d39b713\" data-element_type=\"widget\" data-widget_type=\"button.default\">\n\t\t\t\t<div class=\"elementor-widget-container\">\n\t\t\t\t\t\t\t<div class=\"elementor-button-wrapper\">\n\t\t\t\t\t<a class=\"elementor-button elementor-button-link elementor-size-sm\" href=\"https:\/\/www.youtube.com\/@pos-graduacaoitalianouspof7162\">\n\t\t\t\t\t\t<span class=\"elementor-button-content-wrapper\">\n\t\t\t\t\t\t<span class=\"elementor-button-icon\">\n\t\t\t\t<i aria-hidden=\"true\" class=\"fab fa-youtube\"><\/i>\t\t\t<\/span>\n\t\t\t\t\t\t\t\t\t<span class=\"elementor-button-text\">YouTube<\/span>\n\t\t\t\t\t<\/span>\n\t\t\t\t\t<\/a>\n\t\t\t\t<\/div>\n\t\t\t\t\t\t<\/div>\n\t\t\t\t<\/div>\n\t\t\t\t\t<\/div>\n\t\t<\/div>\n\t\t\t\t\t<\/div>\n\t\t<\/section>\n\t\t\t\t<section class=\"elementor-section elementor-top-section elementor-element elementor-element-8d8958f elementor-section-boxed elementor-section-height-default elementor-section-height-default\" data-id=\"8d8958f\" data-element_type=\"section\">\n\t\t\t\t\t\t<div class=\"elementor-container elementor-column-gap-default\">\n\t\t\t\t\t<div class=\"elementor-column elementor-col-100 elementor-top-column elementor-element elementor-element-57dc327\" data-id=\"57dc327\" data-element_type=\"column\">\n\t\t\t<div class=\"elementor-widget-wrap elementor-element-populated\">\n\t\t\t\t\t\t<div class=\"elementor-element elementor-element-c727603 elementor-widget elementor-widget-text-editor\" data-id=\"c727603\" data-element_type=\"widget\" data-widget_type=\"text-editor.default\">\n\t\t\t\t<div class=\"elementor-widget-container\">\n\t\t\t\t\t\t\t<p style=\"text-align: center;\"><span style=\"font-family: georgia, palatino, serif; font-size: 12pt;\">FFLCH &#8211; Endere\u00e7o: Av. Prof. Luciano Gualberto, 403 &#8211; Butant\u00e3, S\u00e3o Paulo &#8211; SP, 05508-010<\/span><\/p>\t\t\t\t\t\t<\/div>\n\t\t\t\t<\/div>\n\t\t\t\t\t<\/div>\n\t\t<\/div>\n\t\t\t\t\t<\/div>\n\t\t<\/section>\n\t\t\t\t<section class=\"elementor-section elementor-top-section elementor-element elementor-element-4a0aa12 elementor-section-boxed elementor-section-height-default elementor-section-height-default\" data-id=\"4a0aa12\" data-element_type=\"section\">\n\t\t\t\t\t\t<div class=\"elementor-container elementor-column-gap-default\">\n\t\t\t\t\t<div class=\"elementor-column elementor-col-100 elementor-top-column elementor-element elementor-element-8f412a5\" data-id=\"8f412a5\" data-element_type=\"column\">\n\t\t\t<div class=\"elementor-widget-wrap elementor-element-populated\">\n\t\t\t\t\t\t<div class=\"elementor-element elementor-element-e700133 elementor-widget elementor-widget-text-editor\" data-id=\"e700133\" data-element_type=\"widget\" data-widget_type=\"text-editor.default\">\n\t\t\t\t<div class=\"elementor-widget-container\">\n\t\t\t\t\t\t\t<ul><li><span style=\"font-family: georgia, palatino, serif; font-size: 12pt;\">Cria\u00e7\u00e3o do site: Isabella Sozza (2024)<\/span><\/li><li><span style=\"font-family: georgia, palatino, serif; font-size: 12pt;\">Capa: Wellington Rodrigues (2025)<\/span><\/li><\/ul>\t\t\t\t\t\t<\/div>\n\t\t\t\t<\/div>\n\t\t\t\t\t<\/div>\n\t\t<\/div>\n\t\t\t\t\t<\/div>\n\t\t<\/section>\n\t\t\t\t<\/div>\n\t\t","protected":false},"excerpt":{"rendered":"<p>APRESENTA\u00c7\u00c3O O XI Encontro de P\u00f3s-Graduandos em L\u00edngua, Literatura e Cultura Italianas \u00e9 promovido pelo Programa de P\u00f3s-Gradua\u00e7\u00e3o em Letras &#8211; L\u00edngua, Literatura e Cultura Italianas da Universidade de S\u00e3o Paulo (PPG LLCI\/USP). O evento tem como objetivo reunir discentes de mestrado, doutorado e egressos do referido Programa de P\u00f3s-Gradua\u00e7\u00e3o para compartilhar e discutir os [&hellip;]<\/p>\n","protected":false},"author":24164,"featured_media":0,"parent":0,"menu_order":0,"comment_status":"closed","ping_status":"closed","template":"elementor_header_footer","meta":{"_acf_changed":false,"footnotes":"","_links_to":"","_links_to_target":""},"class_list":["post-142","page","type-page","status-publish","hentry"],"acf":[],"_links":{"self":[{"href":"https:\/\/sites.usp.br\/ppgllci\/wp-json\/wp\/v2\/pages\/142","targetHints":{"allow":["GET"]}}],"collection":[{"href":"https:\/\/sites.usp.br\/ppgllci\/wp-json\/wp\/v2\/pages"}],"about":[{"href":"https:\/\/sites.usp.br\/ppgllci\/wp-json\/wp\/v2\/types\/page"}],"author":[{"embeddable":true,"href":"https:\/\/sites.usp.br\/ppgllci\/wp-json\/wp\/v2\/users\/24164"}],"replies":[{"embeddable":true,"href":"https:\/\/sites.usp.br\/ppgllci\/wp-json\/wp\/v2\/comments?post=142"}],"version-history":[{"count":4,"href":"https:\/\/sites.usp.br\/ppgllci\/wp-json\/wp\/v2\/pages\/142\/revisions"}],"predecessor-version":[{"id":630,"href":"https:\/\/sites.usp.br\/ppgllci\/wp-json\/wp\/v2\/pages\/142\/revisions\/630"}],"wp:attachment":[{"href":"https:\/\/sites.usp.br\/ppgllci\/wp-json\/wp\/v2\/media?parent=142"}],"curies":[{"name":"wp","href":"https:\/\/api.w.org\/{rel}","templated":true}]}}