{"id":223,"date":"2024-09-24T20:54:12","date_gmt":"2024-09-24T23:54:12","guid":{"rendered":"https:\/\/sites.usp.br\/ppgllci\/?page_id=223"},"modified":"2025-08-14T23:00:23","modified_gmt":"2025-08-15T02:00:23","slug":"programacao","status":"publish","type":"page","link":"https:\/\/sites.usp.br\/ppgllci\/programacao\/","title":{"rendered":"Programa\u00e7\u00e3o"},"content":{"rendered":"\t\t<div data-elementor-type=\"wp-page\" data-elementor-id=\"223\" class=\"elementor elementor-223\">\n\t\t\t\t\t\t<section class=\"elementor-section elementor-top-section elementor-element elementor-element-35f593e elementor-section-boxed elementor-section-height-default elementor-section-height-default\" data-id=\"35f593e\" data-element_type=\"section\">\n\t\t\t\t\t\t<div class=\"elementor-container elementor-column-gap-default\">\n\t\t\t\t\t<div class=\"elementor-column elementor-col-100 elementor-top-column elementor-element elementor-element-666289d\" data-id=\"666289d\" data-element_type=\"column\">\n\t\t\t<div class=\"elementor-widget-wrap elementor-element-populated\">\n\t\t\t\t\t\t<div class=\"elementor-element elementor-element-1743812 elementor-widget elementor-widget-text-editor\" data-id=\"1743812\" data-element_type=\"widget\" data-widget_type=\"text-editor.default\">\n\t\t\t\t<div class=\"elementor-widget-container\">\n\t\t\t\t\t\t\t<ul>\n<li style=\"text-align: left;\"><span style=\"font-family: georgia, palatino, serif; font-size: 12pt;\">Mestrandas(os) e Doutorandas(os) ter\u00e3o de <strong>15 a 20 minutos<\/strong> para realizar a sua comunica\u00e7\u00e3o oral. O uso de slides n\u00e3o \u00e9 obrigat\u00f3rio, mas recomend\u00e1vel.<\/span><\/li>\n<li style=\"text-align: left;\"><span style=\"font-family: georgia, palatino, serif; font-size: 12pt;\">As(Os) discentes da Gradua\u00e7\u00e3o s\u00e3o convidadas(os) a participar com a apresenta\u00e7\u00e3o de p\u00f4ster.<\/span><\/li>\n<\/ul>\t\t\t\t\t\t<\/div>\n\t\t\t\t<\/div>\n\t\t\t\t\t<\/div>\n\t\t<\/div>\n\t\t\t\t\t<\/div>\n\t\t<\/section>\n\t\t\t\t<section class=\"elementor-section elementor-top-section elementor-element elementor-element-8137ce1 elementor-section-boxed elementor-section-height-default elementor-section-height-default\" data-id=\"8137ce1\" data-element_type=\"section\">\n\t\t\t\t\t\t<div class=\"elementor-container elementor-column-gap-default\">\n\t\t\t\t\t<div class=\"elementor-column elementor-col-50 elementor-top-column elementor-element elementor-element-7a63e16\" data-id=\"7a63e16\" data-element_type=\"column\">\n\t\t\t<div class=\"elementor-widget-wrap elementor-element-populated\">\n\t\t\t\t\t\t<div class=\"elementor-element elementor-element-64f7f4b elementor-align-center elementor-widget elementor-widget-button\" data-id=\"64f7f4b\" data-element_type=\"widget\" data-widget_type=\"button.default\">\n\t\t\t\t<div class=\"elementor-widget-container\">\n\t\t\t\t\t\t\t<div class=\"elementor-button-wrapper\">\n\t\t\t\t\t<a class=\"elementor-button elementor-button-link elementor-size-sm\" href=\"https:\/\/docs.google.com\/presentation\/d\/1DDh6SmF24pC-Adq87oUAosy_mxLMFNqNDnZYvipBGuU\/edit?usp=sharing\" target=\"_blank\">\n\t\t\t\t\t\t<span class=\"elementor-button-content-wrapper\">\n\t\t\t\t\t\t\t\t\t<span class=\"elementor-button-text\">Template - Comunica\u00e7\u00e3o Oral<\/span>\n\t\t\t\t\t<\/span>\n\t\t\t\t\t<\/a>\n\t\t\t\t<\/div>\n\t\t\t\t\t\t<\/div>\n\t\t\t\t<\/div>\n\t\t\t\t\t<\/div>\n\t\t<\/div>\n\t\t\t\t<div class=\"elementor-column elementor-col-50 elementor-top-column elementor-element elementor-element-ee5bd46\" data-id=\"ee5bd46\" data-element_type=\"column\">\n\t\t\t<div class=\"elementor-widget-wrap elementor-element-populated\">\n\t\t\t\t\t\t<div class=\"elementor-element elementor-element-a88c223 elementor-align-center elementor-widget elementor-widget-button\" data-id=\"a88c223\" data-element_type=\"widget\" data-widget_type=\"button.default\">\n\t\t\t\t<div class=\"elementor-widget-container\">\n\t\t\t\t\t\t\t<div class=\"elementor-button-wrapper\">\n\t\t\t\t\t<a class=\"elementor-button elementor-button-link elementor-size-sm\" href=\"https:\/\/docs.google.com\/presentation\/d\/1tvfeaRc9vdJ30zI1nf0eWbz7wdjKw89c4kktGgs-Hyk\/edit?usp=sharing\" target=\"_blank\">\n\t\t\t\t\t\t<span class=\"elementor-button-content-wrapper\">\n\t\t\t\t\t\t\t\t\t<span class=\"elementor-button-text\">Template - P\u00f4ster<\/span>\n\t\t\t\t\t<\/span>\n\t\t\t\t\t<\/a>\n\t\t\t\t<\/div>\n\t\t\t\t\t\t<\/div>\n\t\t\t\t<\/div>\n\t\t\t\t\t<\/div>\n\t\t<\/div>\n\t\t\t\t\t<\/div>\n\t\t<\/section>\n\t\t\t\t<section class=\"elementor-section elementor-top-section elementor-element elementor-element-553e9ee elementor-section-boxed elementor-section-height-default elementor-section-height-default\" data-id=\"553e9ee\" data-element_type=\"section\">\n\t\t\t\t\t\t<div class=\"elementor-container elementor-column-gap-default\">\n\t\t\t\t\t<div class=\"elementor-column elementor-col-100 elementor-top-column elementor-element elementor-element-d36d986\" data-id=\"d36d986\" data-element_type=\"column\">\n\t\t\t<div class=\"elementor-widget-wrap elementor-element-populated\">\n\t\t\t\t\t\t<div class=\"elementor-element elementor-element-0ab7da7 elementor-widget elementor-widget-image\" data-id=\"0ab7da7\" data-element_type=\"widget\" data-widget_type=\"image.default\">\n\t\t\t\t<div class=\"elementor-widget-container\">\n\t\t\t\t\t\t\t\t\t\t\t\t\t\t<a href=\"https:\/\/drive.google.com\/file\/d\/1q85KgWthWht2fL3vU-trEPMP5-zdOOiy\/view?usp=sharing\" target=\"_blank\">\n\t\t\t\t\t\t\t<img fetchpriority=\"high\" decoding=\"async\" width=\"904\" height=\"1280\" src=\"https:\/\/sites.usp.br\/ppgllci\/wp-content\/uploads\/sites\/1522\/2025\/08\/Capa-Programacao.jpeg\" class=\"attachment-2048x2048 size-2048x2048 wp-image-598\" alt=\"\" srcset=\"https:\/\/sites.usp.br\/ppgllci\/wp-content\/uploads\/sites\/1522\/2025\/08\/Capa-Programacao.jpeg 904w, https:\/\/sites.usp.br\/ppgllci\/wp-content\/uploads\/sites\/1522\/2025\/08\/Capa-Programacao-212x300.jpeg 212w, https:\/\/sites.usp.br\/ppgllci\/wp-content\/uploads\/sites\/1522\/2025\/08\/Capa-Programacao-723x1024.jpeg 723w, https:\/\/sites.usp.br\/ppgllci\/wp-content\/uploads\/sites\/1522\/2025\/08\/Capa-Programacao-768x1087.jpeg 768w\" sizes=\"(max-width: 904px) 100vw, 904px\" \/>\t\t\t\t\t\t\t\t<\/a>\n\t\t\t\t\t\t\t\t\t\t\t\t\t<\/div>\n\t\t\t\t<\/div>\n\t\t\t\t\t<\/div>\n\t\t<\/div>\n\t\t\t\t\t<\/div>\n\t\t<\/section>\n\t\t\t\t<section class=\"elementor-section elementor-top-section elementor-element elementor-element-0b3165f elementor-section-boxed elementor-section-height-default elementor-section-height-default\" data-id=\"0b3165f\" data-element_type=\"section\">\n\t\t\t\t\t\t<div class=\"elementor-container elementor-column-gap-default\">\n\t\t\t\t\t<div class=\"elementor-column elementor-col-100 elementor-top-column elementor-element elementor-element-f8b7351\" data-id=\"f8b7351\" data-element_type=\"column\">\n\t\t\t<div class=\"elementor-widget-wrap elementor-element-populated\">\n\t\t\t\t\t\t<div class=\"elementor-element elementor-element-2490387 elementor-align-center elementor-widget elementor-widget-button\" data-id=\"2490387\" data-element_type=\"widget\" data-widget_type=\"button.default\">\n\t\t\t\t<div class=\"elementor-widget-container\">\n\t\t\t\t\t\t\t<div class=\"elementor-button-wrapper\">\n\t\t\t\t\t<a class=\"elementor-button elementor-button-link elementor-size-sm\" href=\"https:\/\/drive.google.com\/file\/d\/1q85KgWthWht2fL3vU-trEPMP5-zdOOiy\/view?usp=sharing\" target=\"_blank\">\n\t\t\t\t\t\t<span class=\"elementor-button-content-wrapper\">\n\t\t\t\t\t\t\t\t\t<span class=\"elementor-button-text\">Programa\u00e7\u00e3o Completa - XI Encontro de P\u00f3s-Graduandos<\/span>\n\t\t\t\t\t<\/span>\n\t\t\t\t\t<\/a>\n\t\t\t\t<\/div>\n\t\t\t\t\t\t<\/div>\n\t\t\t\t<\/div>\n\t\t\t\t\t<\/div>\n\t\t<\/div>\n\t\t\t\t\t<\/div>\n\t\t<\/section>\n\t\t\t\t<section class=\"elementor-section elementor-top-section elementor-element elementor-element-7cf4a9c elementor-section-boxed elementor-section-height-default elementor-section-height-default\" data-id=\"7cf4a9c\" data-element_type=\"section\">\n\t\t\t\t\t\t<div class=\"elementor-container elementor-column-gap-default\">\n\t\t\t\t\t<div class=\"elementor-column elementor-col-100 elementor-top-column elementor-element elementor-element-ce3339c\" data-id=\"ce3339c\" data-element_type=\"column\">\n\t\t\t<div class=\"elementor-widget-wrap elementor-element-populated\">\n\t\t\t\t\t\t<div class=\"elementor-element elementor-element-abdabcd elementor-widget elementor-widget-text-editor\" data-id=\"abdabcd\" data-element_type=\"widget\" data-widget_type=\"text-editor.default\">\n\t\t\t\t<div class=\"elementor-widget-container\">\n\t\t\t\t\t\t\t<p style=\"text-align: center;\"><span style=\"font-family: georgia, palatino, serif; font-size: 12pt;\">Publicado em 08 de agosto de 2025. &#8211; Atualizado em 11 de agosto de 2025.<\/span><\/p>\t\t\t\t\t\t<\/div>\n\t\t\t\t<\/div>\n\t\t\t\t\t<\/div>\n\t\t<\/div>\n\t\t\t\t\t<\/div>\n\t\t<\/section>\n\t\t\t\t<\/div>\n\t\t","protected":false},"excerpt":{"rendered":"<p>Mestrandas(os) e Doutorandas(os) ter\u00e3o de 15 a 20 minutos para realizar a sua comunica\u00e7\u00e3o oral. O uso de slides n\u00e3o \u00e9 obrigat\u00f3rio, mas recomend\u00e1vel. As(Os) discentes da Gradua\u00e7\u00e3o s\u00e3o convidadas(os) a participar com a apresenta\u00e7\u00e3o de p\u00f4ster. Template &#8211; Comunica\u00e7\u00e3o Oral Template &#8211; P\u00f4ster Programa\u00e7\u00e3o Completa &#8211; XI Encontro de P\u00f3s-Graduandos Publicado em 08 de [&hellip;]<\/p>\n","protected":false},"author":24164,"featured_media":0,"parent":0,"menu_order":0,"comment_status":"closed","ping_status":"closed","template":"","meta":{"_acf_changed":false,"footnotes":"","_links_to":"","_links_to_target":""},"class_list":["post-223","page","type-page","status-publish","hentry"],"acf":[],"_links":{"self":[{"href":"https:\/\/sites.usp.br\/ppgllci\/wp-json\/wp\/v2\/pages\/223","targetHints":{"allow":["GET"]}}],"collection":[{"href":"https:\/\/sites.usp.br\/ppgllci\/wp-json\/wp\/v2\/pages"}],"about":[{"href":"https:\/\/sites.usp.br\/ppgllci\/wp-json\/wp\/v2\/types\/page"}],"author":[{"embeddable":true,"href":"https:\/\/sites.usp.br\/ppgllci\/wp-json\/wp\/v2\/users\/24164"}],"replies":[{"embeddable":true,"href":"https:\/\/sites.usp.br\/ppgllci\/wp-json\/wp\/v2\/comments?post=223"}],"version-history":[{"count":4,"href":"https:\/\/sites.usp.br\/ppgllci\/wp-json\/wp\/v2\/pages\/223\/revisions"}],"predecessor-version":[{"id":642,"href":"https:\/\/sites.usp.br\/ppgllci\/wp-json\/wp\/v2\/pages\/223\/revisions\/642"}],"wp:attachment":[{"href":"https:\/\/sites.usp.br\/ppgllci\/wp-json\/wp\/v2\/media?parent=223"}],"curies":[{"name":"wp","href":"https:\/\/api.w.org\/{rel}","templated":true}]}}