{"id":1257,"date":"2016-08-02T11:24:34","date_gmt":"2016-08-02T14:24:34","guid":{"rendered":"http:\/\/sites.usp.br\/ppgmip\/?page_id=1257"},"modified":"2016-12-09T14:31:51","modified_gmt":"2016-12-09T16:31:51","slug":"formularios-2","status":"publish","type":"page","link":"https:\/\/sites.usp.br\/ppgmip\/en\/formularios-2\/","title":{"rendered":"Forms"},"content":{"rendered":"<p><\/p>\n<h3>Form for students<\/h3>\n<ul>\n<li><a href=\"http:\/\/sites.usp.br\/ppgmip\/wp-content\/uploads\/sites\/221\/2016\/08\/Aceita\u00e7\u00e3o-do-T\u00edtulo-de-Mestre.doc\" target=\"_blank\">Aceita\u00e7\u00e3o do T\u00edtulo de Mestre<\/a><\/li>\n<li><a href=\"http:\/\/sites.usp.br\/ppgmip\/wp-content\/uploads\/sites\/221\/2016\/08\/Carta-de-dep\u00f3sito-NOVA-VERS\u00c3O-2.doc\" target=\"_blank\">Carta de dep\u00f3sito\u00a0<\/a><\/li>\n<li><a href=\"http:\/\/sites.usp.br\/ppgmip\/wp-content\/uploads\/sites\/221\/2016\/08\/FORMUL\u00c1RIO-PARA-APROVEITAMENTO-DE-CREDITOS-ESPECIAIS.doc\" target=\"_blank\">Formul\u00e1rio para aproveitamento de creditos especiais<\/a><\/li>\n<li><a href=\"http:\/\/sites.usp.br\/ppgmip\/wp-content\/uploads\/sites\/221\/2016\/08\/Formul\u00e1rio-Prorroga\u00e7\u00e3o-de-Prazo.doc\" target=\"_blank\">Formul\u00e1rio Prorroga\u00e7\u00e3o de Prazo<\/a><\/li>\n<li><a href=\"http:\/\/sites.usp.br\/ppgmip\/wp-content\/uploads\/sites\/221\/2016\/08\/Formul\u00e1rio-Trancamento-Matr\u00edcula_FM-1.doc\" target=\"_blank\">Formul\u00e1rio Trancamento Matr\u00edcula<\/a><\/li>\n<li><a href=\"http:\/\/sites.usp.br\/ppgmip\/wp-content\/uploads\/sites\/221\/2016\/08\/V\u00e1rias-Op\u00e7\u00f5es_2.doc\" target=\"_blank\">Formul\u00e1rio de V\u00e1rias Op\u00e7\u00f5es<\/a><\/li>\n<li><a href=\"http:\/\/sites.usp.br\/ppgmip\/wp-content\/uploads\/sites\/221\/2016\/08\/Matr\u00edcula-em-disciplina_Aluno-Regularmente-Matriculado-2.doc\" target=\"_blank\">Matr\u00edcula em disciplina aluno regularmente matriculado<\/a><\/li>\n<li><a href=\"http:\/\/sites.usp.br\/ppgmip\/wp-content\/uploads\/sites\/221\/2016\/08\/Mudan\u00e7a-T\u00edtulo-novo-formulario-aprovado-em-FEV2015-1.doc\" target=\"_blank\">Formul\u00e1rio de Mudan\u00e7a T\u00edtulo<\/a><\/li>\n<\/ul>\n<p><\/p>","protected":false},"excerpt":{"rendered":"<p>Form for students Aceita\u00e7\u00e3o do T\u00edtulo de Mestre Carta de dep\u00f3sito\u00a0 Formul\u00e1rio para aproveitamento de [&hellip;]<\/p>\n","protected":false},"author":148,"featured_media":0,"parent":0,"menu_order":0,"comment_status":"closed","ping_status":"closed","template":"","meta":{"footnotes":"","_links_to":"","_links_to_target":""},"class_list":["post-1257","page","type-page","status-publish","hentry"],"_links":{"self":[{"href":"https:\/\/sites.usp.br\/ppgmip\/en\/wp-json\/wp\/v2\/pages\/1257","targetHints":{"allow":["GET"]}}],"collection":[{"href":"https:\/\/sites.usp.br\/ppgmip\/en\/wp-json\/wp\/v2\/pages"}],"about":[{"href":"https:\/\/sites.usp.br\/ppgmip\/en\/wp-json\/wp\/v2\/types\/page"}],"author":[{"embeddable":true,"href":"https:\/\/sites.usp.br\/ppgmip\/en\/wp-json\/wp\/v2\/users\/148"}],"replies":[{"embeddable":true,"href":"https:\/\/sites.usp.br\/ppgmip\/en\/wp-json\/wp\/v2\/comments?post=1257"}],"version-history":[{"count":6,"href":"https:\/\/sites.usp.br\/ppgmip\/en\/wp-json\/wp\/v2\/pages\/1257\/revisions"}],"predecessor-version":[{"id":1906,"href":"https:\/\/sites.usp.br\/ppgmip\/en\/wp-json\/wp\/v2\/pages\/1257\/revisions\/1906"}],"wp:attachment":[{"href":"https:\/\/sites.usp.br\/ppgmip\/en\/wp-json\/wp\/v2\/media?parent=1257"}],"curies":[{"name":"wp","href":"https:\/\/api.w.org\/{rel}","templated":true}]}}