{"id":1162,"date":"2016-07-27T17:09:04","date_gmt":"2016-07-27T20:09:04","guid":{"rendered":"http:\/\/sites.usp.br\/ppgmip\/?page_id=1162"},"modified":"2019-09-03T09:26:47","modified_gmt":"2019-09-03T12:26:47","slug":"1162-2","status":"publish","type":"page","link":"https:\/\/sites.usp.br\/ppgmip\/es\/","title":{"rendered":"ind"},"content":{"rendered":"<p class=\"qtranxs-available-languages-message qtranxs-available-languages-message-es\">Disculpa, pero esta entrada est\u00e1 disponible s\u00f3lo en <a href=\"https:\/\/sites.usp.br\/ppgmip\/pt\/wp-json\/wp\/v2\/pages\/1162\" class=\"qtranxs-available-language-link qtranxs-available-language-link-pt\" title=\"Portugu\u00eas\">Portugu\u00eas<\/a>.<\/p>","protected":false},"excerpt":{"rendered":"<p>Disculpa, pero esta entrada est\u00e1 disponible s\u00f3lo en Portugu\u00eas.<\/p>\n","protected":false},"author":148,"featured_media":0,"parent":0,"menu_order":0,"comment_status":"closed","ping_status":"closed","template":"","meta":{"footnotes":"","_links_to":"","_links_to_target":""},"class_list":["post-1162","page","type-page","status-publish","hentry"],"_links":{"self":[{"href":"https:\/\/sites.usp.br\/ppgmip\/es\/wp-json\/wp\/v2\/pages\/1162","targetHints":{"allow":["GET"]}}],"collection":[{"href":"https:\/\/sites.usp.br\/ppgmip\/es\/wp-json\/wp\/v2\/pages"}],"about":[{"href":"https:\/\/sites.usp.br\/ppgmip\/es\/wp-json\/wp\/v2\/types\/page"}],"author":[{"embeddable":true,"href":"https:\/\/sites.usp.br\/ppgmip\/es\/wp-json\/wp\/v2\/users\/148"}],"replies":[{"embeddable":true,"href":"https:\/\/sites.usp.br\/ppgmip\/es\/wp-json\/wp\/v2\/comments?post=1162"}],"version-history":[{"count":4,"href":"https:\/\/sites.usp.br\/ppgmip\/es\/wp-json\/wp\/v2\/pages\/1162\/revisions"}],"predecessor-version":[{"id":1959,"href":"https:\/\/sites.usp.br\/ppgmip\/es\/wp-json\/wp\/v2\/pages\/1162\/revisions\/1959"}],"wp:attachment":[{"href":"https:\/\/sites.usp.br\/ppgmip\/es\/wp-json\/wp\/v2\/media?parent=1162"}],"curies":[{"name":"wp","href":"https:\/\/api.w.org\/{rel}","templated":true}]}}