{"id":1195,"date":"2016-08-01T15:39:07","date_gmt":"2016-08-01T18:39:07","guid":{"rendered":"http:\/\/sites.usp.br\/ppgmip\/?page_id=1195"},"modified":"2019-09-03T10:06:37","modified_gmt":"2019-09-03T13:06:37","slug":"apresentacao-2","status":"publish","type":"page","link":"https:\/\/sites.usp.br\/ppgmip\/es\/apresentacao-2\/","title":{"rendered":"(Portugu\u00eas) Apresenta\u00e7\u00e3o"},"content":{"rendered":"<p>Ofrecemos cursos de Maestria (que duran 2-3 a\u00f1os) y Doctorado (3-4 a\u00f1os) para graduados sanitarios (m\u00e9dicos y no m\u00e9dicos).<\/p>\n<p>Nuestro objetivo es formar a los estudiantes para asumir diferentes funciones:<\/p>\n<ol>\n<li>Como investigadores activos en el mundo acad\u00e9mico y en la investigaci\u00f3n y desarrollo en empresas privadas;<\/li>\n<li>Como profesores de universidades p\u00fablicas y privadas<\/li>\n<li>Como profesionales con visi\u00f3n cr\u00edtica de resultados de investigaci\u00f3n cient\u00edfica y su aplicaci\u00f3n en su actividad profesional cotidiana;<\/li>\n<li>Para actuar en la vida p\u00fablica com meta al mejoramiento de la sociedad porque las enfermedades infecciosas todav\u00eda tienen un gran impacto social en nuestro pa\u00eds.<\/li>\n<\/ol>\n<p><\/p>","protected":false},"excerpt":{"rendered":"<p>Ofrecemos cursos de Maestria (que duran 2-3 a\u00f1os) y Doctorado (3-4 a\u00f1os) para graduados sanitarios [&hellip;]<\/p>\n","protected":false},"author":148,"featured_media":0,"parent":0,"menu_order":0,"comment_status":"closed","ping_status":"closed","template":"","meta":{"footnotes":"","_links_to":"","_links_to_target":""},"class_list":["post-1195","page","type-page","status-publish","hentry"],"_links":{"self":[{"href":"https:\/\/sites.usp.br\/ppgmip\/es\/wp-json\/wp\/v2\/pages\/1195","targetHints":{"allow":["GET"]}}],"collection":[{"href":"https:\/\/sites.usp.br\/ppgmip\/es\/wp-json\/wp\/v2\/pages"}],"about":[{"href":"https:\/\/sites.usp.br\/ppgmip\/es\/wp-json\/wp\/v2\/types\/page"}],"author":[{"embeddable":true,"href":"https:\/\/sites.usp.br\/ppgmip\/es\/wp-json\/wp\/v2\/users\/148"}],"replies":[{"embeddable":true,"href":"https:\/\/sites.usp.br\/ppgmip\/es\/wp-json\/wp\/v2\/comments?post=1195"}],"version-history":[{"count":4,"href":"https:\/\/sites.usp.br\/ppgmip\/es\/wp-json\/wp\/v2\/pages\/1195\/revisions"}],"predecessor-version":[{"id":1964,"href":"https:\/\/sites.usp.br\/ppgmip\/es\/wp-json\/wp\/v2\/pages\/1195\/revisions\/1964"}],"wp:attachment":[{"href":"https:\/\/sites.usp.br\/ppgmip\/es\/wp-json\/wp\/v2\/media?parent=1195"}],"curies":[{"name":"wp","href":"https:\/\/api.w.org\/{rel}","templated":true}]}}