{"id":1211,"date":"2016-08-01T15:41:30","date_gmt":"2016-08-01T18:41:30","guid":{"rendered":"http:\/\/sites.usp.br\/ppgmip\/?page_id=1211"},"modified":"2016-12-09T13:59:13","modified_gmt":"2016-12-09T15:59:13","slug":"disciplinas","status":"publish","type":"page","link":"https:\/\/sites.usp.br\/ppgmip\/es\/disciplinas\/","title":{"rendered":"(Portugu\u00eas) Disciplinas"},"content":{"rendered":"<p class=\"qtranxs-available-languages-message qtranxs-available-languages-message-es\">Disculpa, pero esta entrada est\u00e1 disponible s\u00f3lo en <a href=\"https:\/\/sites.usp.br\/ppgmip\/pt\/wp-json\/wp\/v2\/pages\/1211\" class=\"qtranxs-available-language-link qtranxs-available-language-link-pt\" title=\"Portugu\u00eas\">Portugu\u00eas<\/a> y <a href=\"https:\/\/sites.usp.br\/ppgmip\/en\/wp-json\/wp\/v2\/pages\/1211\" class=\"qtranxs-available-language-link qtranxs-available-language-link-en\" title=\"English\">English<\/a>.<\/p>","protected":false},"excerpt":{"rendered":"<p>Disculpa, pero esta entrada est\u00e1 disponible s\u00f3lo en Portugu\u00eas y English.<\/p>\n","protected":false},"author":148,"featured_media":0,"parent":0,"menu_order":0,"comment_status":"closed","ping_status":"closed","template":"page-full.php","meta":{"footnotes":"","_links_to":"","_links_to_target":""},"class_list":["post-1211","page","type-page","status-publish","hentry"],"_links":{"self":[{"href":"https:\/\/sites.usp.br\/ppgmip\/es\/wp-json\/wp\/v2\/pages\/1211","targetHints":{"allow":["GET"]}}],"collection":[{"href":"https:\/\/sites.usp.br\/ppgmip\/es\/wp-json\/wp\/v2\/pages"}],"about":[{"href":"https:\/\/sites.usp.br\/ppgmip\/es\/wp-json\/wp\/v2\/types\/page"}],"author":[{"embeddable":true,"href":"https:\/\/sites.usp.br\/ppgmip\/es\/wp-json\/wp\/v2\/users\/148"}],"replies":[{"embeddable":true,"href":"https:\/\/sites.usp.br\/ppgmip\/es\/wp-json\/wp\/v2\/comments?post=1211"}],"version-history":[{"count":6,"href":"https:\/\/sites.usp.br\/ppgmip\/es\/wp-json\/wp\/v2\/pages\/1211\/revisions"}],"predecessor-version":[{"id":1905,"href":"https:\/\/sites.usp.br\/ppgmip\/es\/wp-json\/wp\/v2\/pages\/1211\/revisions\/1905"}],"wp:attachment":[{"href":"https:\/\/sites.usp.br\/ppgmip\/es\/wp-json\/wp\/v2\/media?parent=1211"}],"curies":[{"name":"wp","href":"https:\/\/api.w.org\/{rel}","templated":true}]}}