{"id":1283,"date":"2016-08-03T11:17:10","date_gmt":"2016-08-03T14:17:10","guid":{"rendered":"http:\/\/sites.usp.br\/ppgmip\/?page_id=1283"},"modified":"2016-11-29T14:28:40","modified_gmt":"2016-11-29T16:28:40","slug":"informacoes-gerais","status":"publish","type":"page","link":"https:\/\/sites.usp.br\/ppgmip\/es\/informacoes-gerais\/","title":{"rendered":"(Portugu\u00eas) Informa\u00e7\u00f5es Gerais"},"content":{"rendered":"<p class=\"qtranxs-available-languages-message qtranxs-available-languages-message-es\">Disculpa, pero esta entrada est\u00e1 disponible s\u00f3lo en <a href=\"https:\/\/sites.usp.br\/ppgmip\/pt\/wp-json\/wp\/v2\/pages\/1283\" class=\"qtranxs-available-language-link qtranxs-available-language-link-pt\" title=\"Portugu\u00eas\">Portugu\u00eas<\/a>.<\/p>","protected":false},"excerpt":{"rendered":"<p>Disculpa, pero esta entrada est\u00e1 disponible s\u00f3lo en Portugu\u00eas.<\/p>\n","protected":false},"author":148,"featured_media":0,"parent":0,"menu_order":0,"comment_status":"closed","ping_status":"closed","template":"","meta":{"footnotes":"","_links_to":"","_links_to_target":""},"class_list":["post-1283","page","type-page","status-publish","hentry"],"_links":{"self":[{"href":"https:\/\/sites.usp.br\/ppgmip\/es\/wp-json\/wp\/v2\/pages\/1283","targetHints":{"allow":["GET"]}}],"collection":[{"href":"https:\/\/sites.usp.br\/ppgmip\/es\/wp-json\/wp\/v2\/pages"}],"about":[{"href":"https:\/\/sites.usp.br\/ppgmip\/es\/wp-json\/wp\/v2\/types\/page"}],"author":[{"embeddable":true,"href":"https:\/\/sites.usp.br\/ppgmip\/es\/wp-json\/wp\/v2\/users\/148"}],"replies":[{"embeddable":true,"href":"https:\/\/sites.usp.br\/ppgmip\/es\/wp-json\/wp\/v2\/comments?post=1283"}],"version-history":[{"count":6,"href":"https:\/\/sites.usp.br\/ppgmip\/es\/wp-json\/wp\/v2\/pages\/1283\/revisions"}],"predecessor-version":[{"id":1681,"href":"https:\/\/sites.usp.br\/ppgmip\/es\/wp-json\/wp\/v2\/pages\/1283\/revisions\/1681"}],"wp:attachment":[{"href":"https:\/\/sites.usp.br\/ppgmip\/es\/wp-json\/wp\/v2\/media?parent=1283"}],"curies":[{"name":"wp","href":"https:\/\/api.w.org\/{rel}","templated":true}]}}