{"id":1162,"date":"2016-07-27T17:09:04","date_gmt":"2016-07-27T20:09:04","guid":{"rendered":"http:\/\/sites.usp.br\/ppgmip\/?page_id=1162"},"modified":"2019-09-03T09:26:47","modified_gmt":"2019-09-03T12:26:47","slug":"1162-2","status":"publish","type":"page","link":"https:\/\/sites.usp.br\/ppgmip\/","title":{"rendered":"Mestrado Profissional em Infec\u00e7\u00f5es Relacionadas \u00e0 Assist\u00eancia \u00e0 Sa\u00fade &#8211; 2020"},"content":{"rendered":"<p><a href=\"https:\/\/sites.usp.br\/ppgmip\/wp-content\/uploads\/sites\/221\/2019\/09\/Mestrado-Profissional-2020.pdf\">Mestrado Profissional &#8211; 2020<\/a><\/p>","protected":false},"excerpt":{"rendered":"<p>Mestrado Profissional &#8211; 2020<\/p>\n","protected":false},"author":148,"featured_media":0,"parent":0,"menu_order":0,"comment_status":"closed","ping_status":"closed","template":"","meta":{"footnotes":"","_links_to":"","_links_to_target":""},"class_list":["post-1162","page","type-page","status-publish","hentry"],"_links":{"self":[{"href":"https:\/\/sites.usp.br\/ppgmip\/wp-json\/wp\/v2\/pages\/1162","targetHints":{"allow":["GET"]}}],"collection":[{"href":"https:\/\/sites.usp.br\/ppgmip\/wp-json\/wp\/v2\/pages"}],"about":[{"href":"https:\/\/sites.usp.br\/ppgmip\/wp-json\/wp\/v2\/types\/page"}],"author":[{"embeddable":true,"href":"https:\/\/sites.usp.br\/ppgmip\/wp-json\/wp\/v2\/users\/148"}],"replies":[{"embeddable":true,"href":"https:\/\/sites.usp.br\/ppgmip\/wp-json\/wp\/v2\/comments?post=1162"}],"version-history":[{"count":4,"href":"https:\/\/sites.usp.br\/ppgmip\/wp-json\/wp\/v2\/pages\/1162\/revisions"}],"predecessor-version":[{"id":1959,"href":"https:\/\/sites.usp.br\/ppgmip\/wp-json\/wp\/v2\/pages\/1162\/revisions\/1959"}],"wp:attachment":[{"href":"https:\/\/sites.usp.br\/ppgmip\/wp-json\/wp\/v2\/media?parent=1162"}],"curies":[{"name":"wp","href":"https:\/\/api.w.org\/{rel}","templated":true}]}}