{"id":1195,"date":"2016-08-01T15:39:07","date_gmt":"2016-08-01T18:39:07","guid":{"rendered":"http:\/\/sites.usp.br\/ppgmip\/?page_id=1195"},"modified":"2019-09-03T10:06:37","modified_gmt":"2019-09-03T13:06:37","slug":"apresentacao-2","status":"publish","type":"page","link":"https:\/\/sites.usp.br\/ppgmip\/apresentacao-2\/","title":{"rendered":"Apresenta\u00e7\u00e3o"},"content":{"rendered":"<p>O Programa de P\u00f3s-gradua\u00e7\u00e3o senso estrito em Doen\u00e7as Infecciosas e Parasit\u00e1rias oferece cursos de Mestrado Profissional e Acad\u00eamico (com dura\u00e7\u00e3o de 2 a 3 anos) e Doutorado (3 a 4 anos) para graduados m\u00e9dicos e n\u00e3o m\u00e9dicos.<\/p>\n<p><span style=\"color: #ff6600;\"><strong>Mestrado e Doutorado Acad\u00eamico<\/strong><\/span><\/p>\n<p>O objetivo do programa de p\u00f3s-gradua\u00e7\u00e3o senso estrito \u00e9 formar alunos para assumir fun\u00e7\u00f5es diversas:<\/p>\n<ol>\n<li>pesquisadores atuantes no meio acad\u00eamico e em pesquisa e desenvolvimento\u00a0\u00a0 em empresas privadas;<\/li>\n<li>docentes de universidades p\u00fablicas e privadas;<\/li>\n<li>profissionais cr\u00edticos na avalia\u00e7\u00e3o de resultados de pesquisa e a sua aplica\u00e7\u00e3o na sua atua\u00e7\u00e3o di\u00e1ria profissional;<\/li>\n<li>pessoas que podem atuar na sa\u00fade p\u00fablica de modo eficaz para a melhora da coletividade, pois as doen\u00e7as infecciosas ainda t\u00eam um grande impacto social no nosso pa\u00eds.<\/li>\n<\/ol>\n<p>As atividades envolvidas visam proporcionar aos alunos uma experi\u00eancia acad\u00eamica rica garantindo uma forma\u00e7\u00e3o te\u00f3rica s\u00f3lida, al\u00e9m da oportunidade de elaborar e executar pesquisa cient\u00edfica de alto n\u00edvel.<\/p>\n<p><span style=\"text-decoration: underline;\">Linhas de Pesquisa<\/span><\/p>\n<ol>\n<li>Avalia\u00e7\u00e3o da din\u00e2mica de transmiss\u00e3o de agentes infecciosos<\/li>\n<li>Desenvolvimento, padroniza\u00e7\u00e3o e an\u00e1lise \u00a0de t\u00e9cnicas para identifica\u00e7\u00e3o de agentes<\/li>\n<li>Estrat\u00e9gias de interven\u00e7\u00e3o para o manejo, controle e preven\u00e7\u00e3o das doen\u00e7as infecciosas<\/li>\n<li>Investiga\u00e7\u00e3o dos mecanismos patogen\u00e9ticos das doen\u00e7as infecciosas e parasit\u00e1rias<\/li>\n<\/ol>\n<p>&nbsp;<\/p>\n<p>&nbsp;<\/p>\n<p><span style=\"color: #ff6600;\"><strong>Mestrado Profissional<\/strong><\/span><\/p>\n<p><u>Objetivos do Mestrado Profissional:<\/u><\/p>\n<ol>\n<li>\u00a0Oferecer aos profissionais de sa\u00fade as bases conceituais das IRAS<\/li>\n<li>\u00a0Capacitar profissionais da sa\u00fade para atua\u00e7\u00e3o na preven\u00e7\u00e3o e controle das IRAS<\/li>\n<li>\u00a0Capacitar profissionais da sa\u00fade para avalia\u00e7\u00e3o cr\u00edtica da literatura especializada da \u00e1rea do conhecimento, para a sua utiliza\u00e7\u00e3o para implanta\u00e7\u00e3o de a\u00e7\u00f5es na pr\u00e1tica profissional<\/li>\n<\/ol>\n<p><span style=\"text-decoration: underline;\">Perfil do profissional formado: <\/span><\/p>\n<p>Profissional da sa\u00fade capacitado para a atua\u00e7\u00e3o na preven\u00e7\u00e3o e controle das IRAS e para a avalia\u00e7\u00e3o cr\u00edtica da literatura especializada da \u00e1rea do conhecimento, para a sua utiliza\u00e7\u00e3o para implanta\u00e7\u00e3o de a\u00e7\u00f5es na pr\u00e1tica profissional<\/p>\n<p>O Mestrado Profissionalizante em Infec\u00e7\u00f5es Relacionadas \u00e0 Assist\u00eancia \u00e0 Sa\u00fade dever\u00e1 articular atividades de ensino, pr\u00e1ticas e de pesquisa ao longo de 18 meses, com 30 horas semanais. Ser\u00e1 destinado a profissionais graduados na \u00e1rea de sa\u00fade (Medicina, Enfermagem, Ci\u00eancias Farmac\u00eauticas, Ci\u00eancias Biol\u00f3gicas, Ci\u00eancias Biom\u00e9dicas e \u00e1reas semelhantes) Ser\u00e3o ministradas seis disciplinas obrigat\u00f3rias, em forma de semin\u00e1rios, per\u00edodos de estudo e aulas te\u00f3ricas. Os alunos\u00a0ter\u00e3o atividades pr\u00e1ticas de meio per\u00edodo (20 horas semanais) durante 12 meses em diversos servi\u00e7os de sa\u00fade e institui\u00e7\u00f5es.\u00a0Por fim, os alunos dever\u00e3o apresentar uma Disserta\u00e7\u00e3o para defesa p\u00fablica.<\/p>\n<p><span style=\"text-decoration: underline;\">Linhas de Pesquisa<\/span><\/p>\n<p>1- Resist\u00eancia microbiana e seu controle<\/p>\n<p>2- Interven\u00e7\u00f5es para redu\u00e7\u00e3o de IRAS<\/p>\n<p>3- Sistemas dirigidos para avalia\u00e7\u00e3o e controle de IRAS<\/p>\n<p>4- Comunica\u00e7\u00e3o e educa\u00e7\u00e3o para redu\u00e7\u00e3o de IRAS<\/p>\n<p>5- Seguran\u00e7a do paciente<\/p>\n<p><a href=\"https:\/\/sites.usp.br\/ppgmip\/wp-content\/uploads\/sites\/221\/2019\/09\/Mestrado-Profissional-2020-1.pdf\">Mestrado Profissional &#8211; 2020<\/a><\/p>","protected":false},"excerpt":{"rendered":"<p>O Programa de P\u00f3s-gradua\u00e7\u00e3o senso estrito em Doen\u00e7as Infecciosas e Parasit\u00e1rias oferece cursos de Mestrado [&hellip;]<\/p>\n","protected":false},"author":148,"featured_media":0,"parent":0,"menu_order":0,"comment_status":"closed","ping_status":"closed","template":"","meta":{"footnotes":"","_links_to":"","_links_to_target":""},"class_list":["post-1195","page","type-page","status-publish","hentry"],"_links":{"self":[{"href":"https:\/\/sites.usp.br\/ppgmip\/wp-json\/wp\/v2\/pages\/1195","targetHints":{"allow":["GET"]}}],"collection":[{"href":"https:\/\/sites.usp.br\/ppgmip\/wp-json\/wp\/v2\/pages"}],"about":[{"href":"https:\/\/sites.usp.br\/ppgmip\/wp-json\/wp\/v2\/types\/page"}],"author":[{"embeddable":true,"href":"https:\/\/sites.usp.br\/ppgmip\/wp-json\/wp\/v2\/users\/148"}],"replies":[{"embeddable":true,"href":"https:\/\/sites.usp.br\/ppgmip\/wp-json\/wp\/v2\/comments?post=1195"}],"version-history":[{"count":4,"href":"https:\/\/sites.usp.br\/ppgmip\/wp-json\/wp\/v2\/pages\/1195\/revisions"}],"predecessor-version":[{"id":1964,"href":"https:\/\/sites.usp.br\/ppgmip\/wp-json\/wp\/v2\/pages\/1195\/revisions\/1964"}],"wp:attachment":[{"href":"https:\/\/sites.usp.br\/ppgmip\/wp-json\/wp\/v2\/media?parent=1195"}],"curies":[{"name":"wp","href":"https:\/\/api.w.org\/{rel}","templated":true}]}}