{"id":1197,"date":"2016-08-01T15:39:23","date_gmt":"2016-08-01T18:39:23","guid":{"rendered":"http:\/\/sites.usp.br\/ppgmip\/?page_id=1197"},"modified":"2017-03-03T16:01:33","modified_gmt":"2017-03-03T19:01:33","slug":"historico","status":"publish","type":"page","link":"https:\/\/sites.usp.br\/ppgmip\/historico\/","title":{"rendered":"Hist\u00f3rico"},"content":{"rendered":"<p><\/p>\n<h5><span style=\"color: #ff6600\">Parte 1 &#8211; Hist\u00f3ria<\/span><\/h5>\n<h5><a href=\"http:\/\/sites.usp.br\/ppgmip\/wp-content\/uploads\/sites\/221\/2016\/08\/BIM0193.jpg\"><img loading=\"lazy\" decoding=\"async\" class=\"alignnone wp-image-1846 size-medium\" src=\"http:\/\/sites.usp.br\/ppgmip\/wp-content\/uploads\/sites\/221\/2016\/08\/BIM0193-300x172.jpg\" alt=\"\" width=\"300\" height=\"172\" srcset=\"https:\/\/sites.usp.br\/ppgmip\/wp-content\/uploads\/sites\/221\/2016\/08\/BIM0193-300x172.jpg 300w, https:\/\/sites.usp.br\/ppgmip\/wp-content\/uploads\/sites\/221\/2016\/08\/BIM0193-1024x586.jpg 1024w, https:\/\/sites.usp.br\/ppgmip\/wp-content\/uploads\/sites\/221\/2016\/08\/BIM0193.jpg 1920w\" sizes=\"auto, (max-width: 300px) 100vw, 300px\" \/><\/a><\/h5>\n<p>Nos anos 1950 foram criados cursos de especializa\u00e7\u00e3o. No entanto, a p\u00f3s-gradua\u00e7\u00e3o somente come\u00e7ou a tomar forma\u00a0 nos anos 1960, ainda sem as configura\u00e7\u00f5es atuais.<\/p>\n<p>Em 1968 houve a Reforma Universit\u00e1ria da Universidade de S\u00e3o Paulo e que foram criados os departamentos. Pelo Decreto-Lei 465 (11\/2\/1969) foi definida a indissociabilidade entre Ensino e Pesquisa. Com isso\u00a0 houve a formaliza\u00e7\u00e3o da p\u00f3s-gradua\u00e7\u00e3o strictu sensu, com normas de organiza\u00e7\u00e3o, funcionamento e credenciamento.<\/p>\n<p>A P\u00f3s-gradua\u00e7\u00e3o estrito senso foi criada voltada para a gera\u00e7\u00e3o\u00a0 do conhecimento, e destinada\u00a0 \u00e0 forma\u00e7\u00e3o de docentes e pesquisadores com amplo dom\u00ednio de seu campo do saber.<\/p>\n<p>Em 1973 houve a implanta\u00e7\u00e3o do Programa de Mestrado em Doen\u00e7as Infecciosas e Parasit\u00e1rias (DIP). A primeira aluna titulada como Mestre foi a atual professora titular Maria Aparecida Shikanai. Em 1978 implantou-se o Doutorado em DIP.<\/p>\n<p>No final dos anos 1980 foi criada a Pr\u00f3-Reitoria de P\u00f3s-Gradua\u00e7\u00e3o da USP e em 1998 foi aprovado\u00a0 o primeiro regimento de p\u00f3s-gradua\u00e7\u00e3o. Este regimento foi atualizado em 2008 e novamente em 2013-4.<\/p>\n<p>A titula\u00e7\u00e3o de p\u00f3s-graduandos ao longo do tempo da USP\u00a0 apresentou um crescimento de titula\u00e7\u00f5es de Mestrado at\u00e9 o ano 1999 quando houve estabiliza\u00e7\u00e3o. Em 1992 houve 8.728 mestrados conclu\u00eddos na USP e, em 1999, este n\u00famero foi de 12.508. Desde ent\u00e3o o n\u00famero de Mestrados tem se mantido por volta de 11.000 a 12000 anualmente. Por outro lado houve um cont\u00ednuo crescimento de titula\u00e7\u00f5es de doutorado. Em 1992 foram conclu\u00eddos 5.893 doutorados e, em 2009, este n\u00famero foi de 10.805.<\/p>\n<p>O nosso programa titulou, at\u00e9 o final do ano de 2016, 118 alunos de Mestrado e 86 de Doutorado.<\/p>","protected":false},"excerpt":{"rendered":"<p>Parte 1 &#8211; Hist\u00f3ria Nos anos 1950 foram criados cursos de especializa\u00e7\u00e3o. No entanto, a [&hellip;]<\/p>\n","protected":false},"author":148,"featured_media":0,"parent":0,"menu_order":0,"comment_status":"closed","ping_status":"closed","template":"","meta":{"footnotes":"","_links_to":"","_links_to_target":""},"class_list":["post-1197","page","type-page","status-publish","hentry"],"_links":{"self":[{"href":"https:\/\/sites.usp.br\/ppgmip\/wp-json\/wp\/v2\/pages\/1197","targetHints":{"allow":["GET"]}}],"collection":[{"href":"https:\/\/sites.usp.br\/ppgmip\/wp-json\/wp\/v2\/pages"}],"about":[{"href":"https:\/\/sites.usp.br\/ppgmip\/wp-json\/wp\/v2\/types\/page"}],"author":[{"embeddable":true,"href":"https:\/\/sites.usp.br\/ppgmip\/wp-json\/wp\/v2\/users\/148"}],"replies":[{"embeddable":true,"href":"https:\/\/sites.usp.br\/ppgmip\/wp-json\/wp\/v2\/comments?post=1197"}],"version-history":[{"count":6,"href":"https:\/\/sites.usp.br\/ppgmip\/wp-json\/wp\/v2\/pages\/1197\/revisions"}],"predecessor-version":[{"id":1918,"href":"https:\/\/sites.usp.br\/ppgmip\/wp-json\/wp\/v2\/pages\/1197\/revisions\/1918"}],"wp:attachment":[{"href":"https:\/\/sites.usp.br\/ppgmip\/wp-json\/wp\/v2\/media?parent=1197"}],"curies":[{"name":"wp","href":"https:\/\/api.w.org\/{rel}","templated":true}]}}