{"id":1199,"date":"2016-08-01T15:39:38","date_gmt":"2016-08-01T18:39:38","guid":{"rendered":"http:\/\/sites.usp.br\/ppgmip\/?page_id=1199"},"modified":"2016-12-08T14:26:48","modified_gmt":"2016-12-08T16:26:48","slug":"normas","status":"publish","type":"page","link":"https:\/\/sites.usp.br\/ppgmip\/normas\/","title":{"rendered":"Normas"},"content":{"rendered":"<p><\/p>\n<ul>\n<li><a href=\"http:\/\/www.leginf.usp.br\/?resolucao=resolucao-copgr-7081-de-13-de-julho-de-2015\" target=\"_blank\">Regulamento do Programa de P\u00f3s-Gradua\u00e7\u00e3o em Doen\u00e7as Infecciosas e Parasit\u00e1rias<\/a><\/li>\n<li><a href=\"http:\/\/www2.fm.usp.br\/gdc\/docs\/posgrad_340_cpg_fm_resolucao_copgr_6698,_de_22_de_janeiro_de_2014___normas_usp_normas.pdf\" target=\"_blank\">Regimento da Comiss\u00e3o de P\u00f3s-Gradua\u00e7\u00e3o da Faculdade de Medicina<\/a><\/li>\n<li><a href=\"http:\/\/www.leginf.usp.br\/?resolucao=resolucao-no-6542-de-18-de-abril-de-2013-2\" target=\"_blank\">Regimento de P\u00f3s-Gradua\u00e7\u00e3o da Universidade de S\u00e3o Paulo &#8211; ATUAL<\/a><\/li>\n<li><a href=\"http:\/\/www.leginf.usp.br\/?resolucao=resolucao-no-5473-de-16-de-setembro-de-2008\" target=\"_blank\">Regimento de P\u00f3s-Gradua\u00e7\u00e3o da Universidade de S\u00e3o Paulo (2008 a 2013)<\/a><\/li>\n<\/ul>\n<p><\/p>","protected":false},"excerpt":{"rendered":"<p>Regulamento do Programa de P\u00f3s-Gradua\u00e7\u00e3o em Doen\u00e7as Infecciosas e Parasit\u00e1rias Regimento da Comiss\u00e3o de P\u00f3s-Gradua\u00e7\u00e3o [&hellip;]<\/p>\n","protected":false},"author":148,"featured_media":0,"parent":0,"menu_order":0,"comment_status":"closed","ping_status":"closed","template":"","meta":{"footnotes":"","_links_to":"","_links_to_target":""},"class_list":["post-1199","page","type-page","status-publish","hentry"],"_links":{"self":[{"href":"https:\/\/sites.usp.br\/ppgmip\/wp-json\/wp\/v2\/pages\/1199","targetHints":{"allow":["GET"]}}],"collection":[{"href":"https:\/\/sites.usp.br\/ppgmip\/wp-json\/wp\/v2\/pages"}],"about":[{"href":"https:\/\/sites.usp.br\/ppgmip\/wp-json\/wp\/v2\/types\/page"}],"author":[{"embeddable":true,"href":"https:\/\/sites.usp.br\/ppgmip\/wp-json\/wp\/v2\/users\/148"}],"replies":[{"embeddable":true,"href":"https:\/\/sites.usp.br\/ppgmip\/wp-json\/wp\/v2\/comments?post=1199"}],"version-history":[{"count":6,"href":"https:\/\/sites.usp.br\/ppgmip\/wp-json\/wp\/v2\/pages\/1199\/revisions"}],"predecessor-version":[{"id":1900,"href":"https:\/\/sites.usp.br\/ppgmip\/wp-json\/wp\/v2\/pages\/1199\/revisions\/1900"}],"wp:attachment":[{"href":"https:\/\/sites.usp.br\/ppgmip\/wp-json\/wp\/v2\/media?parent=1199"}],"curies":[{"name":"wp","href":"https:\/\/api.w.org\/{rel}","templated":true}]}}