{"id":1213,"date":"2016-08-01T15:41:53","date_gmt":"2016-08-01T18:41:53","guid":{"rendered":"http:\/\/sites.usp.br\/ppgmip\/?page_id=1213"},"modified":"2017-03-03T16:01:19","modified_gmt":"2017-03-03T19:01:19","slug":"laboratorios","status":"publish","type":"page","link":"https:\/\/sites.usp.br\/ppgmip\/laboratorios\/","title":{"rendered":"Infraestrutura"},"content":{"rendered":"<p>LABORAT\u00d3RIOS<\/p>\n<p>O Programa conta com sete laborat\u00f3rios de investiga\u00e7\u00e3o M\u00e9dica (LIM), onde se desenvolvem pesquisas aplicadas \u00e0s Doen\u00e7as Infecciosas e Parasit\u00e1rias nas \u00e1reas de Imunologia, Virologia, Bacteriologia, Parasitologia, Protozoologia, Hepatites e Esquistossomose. Todos estes LIMs Situam-se em amplas \u00e1reas f\u00edsicas dos Edif\u00edcios I e II do Instituto de Medicina Tropical, anexo ao pr\u00e9dio central da FMUSP. Sua capacita\u00e7\u00e3o em termos de infraestrutura pode ser considerada de \u00f3timo n\u00edvel e novos equipamentos v\u00eam sendo adquiridos com recursos provenientes de projetos de pesquisa financiados por ag\u00eancias de fomento. A t\u00edtulo de exemplo, relacionamos a seguir a forma de integra\u00e7\u00e3o de alguns desses laborat\u00f3rios com o Programa de P\u00f3s-gradua\u00e7\u00e3o em Doen\u00e7as Infecciosas e Parasit\u00e1rias da FMUSP. O Laborat\u00f3rio de Imunologia envolve-se na investiga\u00e7\u00e3o cient\u00edfica relacionada \u00e0 intera\u00e7\u00e3o parasita-hospedeiro e ao imunodiagn\u00f3stico das doen\u00e7as infecciosas e parasit\u00e1rias. Atualmente participa do Programa de P\u00f3s-gradua\u00e7\u00e3o, contribuindo para as linhas de pesquisa em: Desenvolvimento, padroniza\u00e7\u00e3o e an\u00e1lise de t\u00e9cnicas para identifica\u00e7\u00e3o de agentes infecciosos e Investiga\u00e7\u00e3o dos mecanismos patogen\u00e9ticos das doen\u00e7as infecciosas e parasit\u00e1rias. O Laborat\u00f3rio de Virologia tem uma \u00e1rea de 400m2 com laborat\u00f3rio equipado com n\u00edvel de seguran\u00e7a P3, \u00e1reas espec\u00edficas para t\u00e9cnicas de biologia molecular como PCR e sequenciamento, e \u00e1rea espec\u00edfica para culturas celulares e isolamento de v\u00edrus. Participa do Programa de P\u00f3s-gradua\u00e7\u00e3o no desenvolvimento das linhas de pesquisa relacionadas a Avalia\u00e7\u00e3o da din\u00e2mica de transmiss\u00e3o de agentes infecciosos, Desenvolvimento, padroniza\u00e7\u00e3o e an\u00e1lise de t\u00e9cnicas para identifica\u00e7\u00e3o de agentes infecciosos, Estrat\u00e9gias de interven\u00e7\u00e3o para o manejo, controle e preven\u00e7\u00e3o das doen\u00e7as infecciosas e parasit\u00e1rias e Investiga\u00e7\u00e3o dos mecanismos patogen\u00e9ticos das doen\u00e7as infecciosas e parasit\u00e1rias.O Laborat\u00f3rio de Bacteriologia tem-se envolvido em todas as linhas de pesquisa do Programa de P\u00f3s-gradua\u00e7\u00e3o.\u00a0 O Laborat\u00f3rio de Hepatites trabalha com biologia molecular dos v\u00edrus das hepatites B e C. Destaca-se nessa unidade a infraestrutura para diagn\u00f3stico qualitativo e tipagem viral para o VHC, por t\u00e9cnica de sequenciamento e ELISA, que oferecem suporte para todas as linhas de pesquisa do Programa. O Laborat\u00f3rio de Protozoologia concentra suas atividades cient\u00edficas nas linhas de pesquisa em Desenvolvimento, padroniza\u00e7\u00e3o e an\u00e1lise de t\u00e9cnicas para identifica\u00e7\u00e3o de agentes infecciosos, Avalia\u00e7\u00e3o da din\u00e2mica de transmiss\u00e3o de agentes infecciosos e Investiga\u00e7\u00e3o dos mecanismos patogen\u00e9ticos das doen\u00e7as infecciosas e parasit\u00e1rias. O Laborat\u00f3rio de Imunologia da Esquistossomose tem focado sua atua\u00e7\u00e3o no programa desenvolvendo estudos relacionados ao desenvolvimento, padroniza\u00e7\u00e3o e an\u00e1lise de t\u00e9cnicas para identifica\u00e7\u00e3o de agentes infecciosos. Por fim, o Laborat\u00f3rio de Parasitologia vem apoiando as linhas de pesquisa relacionadas ao Desenvolvimento, padroniza\u00e7\u00e3o e an\u00e1lise de t\u00e9cnicas para identifica\u00e7\u00e3o de agentes infecciosos e \u00e0 Investiga\u00e7\u00e3o dos mecanismos patogen\u00e9ticos das doen\u00e7as infecciosas e parasit\u00e1rias. H\u00e1 alguns anos, o Programa de P\u00f3s-gradua\u00e7\u00e3o em Doen\u00e7as Infecciosas e Parasit\u00e1rias vem atuando em estreita parceria tamb\u00e9m com o Laborat\u00f3rio de Investiga\u00e7\u00e3o M\u00e9dica em Imunologia, ligado \u00e0 disciplina de Alergia e Imunopatologia da Faculdade de Medicina da USP. Tal integra\u00e7\u00e3o estabeleceu-se com a atua\u00e7\u00e3o do Prof. \u00c9sper Kall\u00e1s em nosso Programa de P\u00f3s-gradua\u00e7\u00e3o e a matr\u00edcula de alunos de Doutorado sob sua orienta\u00e7\u00e3o, parceria essa que se mostrou importante para o desenvolvimento de linhas de pesquisa relacionadas \u00e0 investiga\u00e7\u00e3o da resposta imune do hospedeiro nas doen\u00e7as infecciosas e parasit\u00e1rias e tamb\u00e9m na linha de investiga\u00e7\u00e3o em Retrovirologia cl\u00ednica e laboratorial. O Prof. \u00c9sper orienta uma aluna do nosso programa que est\u00e1 realizando doutorado sandu\u00edche na Universidade da California, San Francisco nos EUA.<\/p>\n<p>&nbsp;<\/p>\n<p>Hospital das Cl\u00ednicas<\/p>\n<p>Por sua import\u00e2ncia fundamental para o desenvolvimento das atividades de investiga\u00e7\u00e3o cient\u00edfica do Programa, devem-se enumerar os servi\u00e7os hospitalares, vinculados \u00e0 Divis\u00e3o de Cl\u00ednica de Mol\u00e9stias Infecciosas e Parasit\u00e1rias do Hospital das Cl\u00ednicas da FMUSP, onde atuam nossos discentes na execu\u00e7\u00e3o das pesquisas cl\u00ednicas de interesse para a P\u00f3s-gradua\u00e7\u00e3o. Essa infraestrutura hospitalar compreende 45 leitos de enfermaria, oito leitos de terapia intensiva em Unidade especializada no manejo de pacientes cr\u00edticos com doen\u00e7as infecciosas e parasit\u00e1rias, al\u00e9m de unidades de atendimento ambulatorial. Duas dessas est\u00e3o instaladas no Pr\u00e9dio dos Ambulat\u00f3rios do HC-FMUSP: 1) Unidade de Ambulat\u00f3rio dos Viajantes e Centro de Refer\u00eancia para Imunobiol\u00f3gicos Especiais (CRIE) e 2) Unidade de ambulat\u00f3rio geral e especialidades; enquanto outra se situa em pr\u00e9dio exclusivo para o atendimento de pacientes infectados pelo HIV, atualmente localizado nas proximidades do complexo HC-FMUSP no bairro de Pinheiros, unidade denominada Servi\u00e7o de Extens\u00e3o e Atendimento ao paciente HIV\/AIDS. Nesta \u00faltima uma equipe multiprofissional composta por m\u00e9dicos, enfermeiros, auxiliares de enfermagem, psic\u00f3logos, assistentes sociais e odontol\u00f3gicos se responsabiliza pelo cuidado integral de cerca de 3.500 pacientes adultos vivendo com HIV\/AIDS. Os projetos de pesquisa conduzidos nessas unidades cl\u00ednicas relacionam-se a todas as linhas de pesquisa enumeradas neste relat\u00f3rio. Cabe ainda destacar o envolvimento do N\u00facleo de Medicina Tropical (NUMETROP), localizado em Santar\u00e9m, no estado do Par\u00e1, em atividades relacionadas \u00e0 pesquisa de campo em doen\u00e7as infecciosas e parasit\u00e1rias prevalentes na regi\u00e3o amaz\u00f4nica.<\/p>\n<p>Os servi\u00e7os e comiss\u00e3o de controle de infec\u00e7\u00e3o hospitalar e o servi\u00e7o e comiss\u00e3o de infec\u00e7\u00e3o em pacientes imunodeprimidos do Complexo HC-FMUSP s\u00e3o coordenados por docentes do programa. Estas duas \u00e1reas s\u00e3o um importante campo de pesquisa e atua\u00e7\u00e3o da infectologia e estendem a influ\u00eancia e pesquisa para fora dos servi\u00e7os especializados em doen\u00e7as infecciosas para popula\u00e7\u00f5es assistidas por especialidades diversas como cirurgia, terapia intensiva, oncologia, transplantes, reumatologia, obstetr\u00edcia, etc.<\/p>\n<p>&nbsp;<\/p>\n<p>RECURSOS DE INFORM\u00c1TICA<\/p>\n<p>&nbsp;<\/p>\n<p>O Programa disp\u00f5e de uma sala para seus p\u00f3s-graduandos, localizada no andar t\u00e9rreo do pr\u00e9dio I do Instituto de Medicina Tropical da FMUSP, equipada com 4 microcomputadores,\u00a0 impressoras a laser e a\u00a0 jato de tinta e softwares para pesquisa bibliogr\u00e1fica informatizada. Est\u00e1 conectado \u00e0 Internet por meio de fibras \u00f3pticas ligadas diretamente ao provedor central da Universidade e a uma rede intranet, que interliga a Faculdade de Medicina, o Hospital das Cl\u00ednicas, bem como os sete Laborat\u00f3rios de Investiga\u00e7\u00e3o M\u00e9dica, ligados ao Departamento. O uso do correio eletr\u00f4nico institucional est\u00e1 consolidado entre todos os integrantes do Programa. Al\u00e9m disso, cada laborat\u00f3rio de Investiga\u00e7\u00e3o M\u00e9dica, o Centro de Imuniza\u00e7\u00f5es, o Ambulat\u00f3rio e a Enfermaria, al\u00e9m do Servi\u00e7o de Extens\u00e3o ao atendimento de pacientes com HIV\/AIDS, locais de atua\u00e7\u00e3o dos p\u00f3s-graduandos, disp\u00f5em de microcomputadores e impressora, conectados \u00e0 internet e ligados \u00e0 rede intranet local.<\/p>\n<p>Do ponto de vista de aplicativos de inform\u00e1tica, o Programa coloca \u00e0 disposi\u00e7\u00e3o dos alunos softwares voltados a edi\u00e7\u00e3o de textos e imagens, montagem e manuseio de bancos de dados, gerenciamento de refer\u00eancias bibliogr\u00e1ficas, an\u00e1lise estat\u00edstica e an\u00e1lise filogen\u00e9tica, entre outros.<\/p>\n<p>Est\u00e1 \u00e0 disposi\u00e7\u00e3o na internet um website pr\u00f3prio do Programa de P\u00f3s-gradua\u00e7\u00e3o em Doen\u00e7as infecciosas e Parasit\u00e1rias, seguindo modelo padr\u00e3o de p\u00e1gina eletr\u00f4nica, preparado pela Pr\u00f3-Reitoria de P\u00f3s-gradua\u00e7\u00e3o da USP para utiliza\u00e7\u00e3o no \u00e2mbito da Universidade.\u00a0 A p\u00e1gina foi elaborada e inserida na p\u00e1gina eletr\u00f4nica da Faculdade de Medicina da USP, seguindo-se os links referentes \u00e0 P\u00f3s-gradua\u00e7\u00e3o senso estrito. Com esse ve\u00edculo de comunica\u00e7\u00e3o visa-se promover a divulga\u00e7\u00e3o das atividades acad\u00eamicas desenvolvidas no Programa, detalhando as linhas de pesquisa dos docentes, os projetos atualmente em curso, as disciplinas oferecidas, bem como as normas e procedimentos de sele\u00e7\u00e3o, matr\u00edcula e exig\u00eancias regulamentares do Programa.<\/p>\n<p>&nbsp;<\/p>\n<p>&nbsp;<\/p>\n<p>BIBLIOTECA<\/p>\n<p>&nbsp;<\/p>\n<p>Aos alunos s\u00e3o oferecidos os acervos bibliogr\u00e1ficos (que incluem livros, peri\u00f3dicos, fitas de v\u00eddeo e CD-roms) da Biblioteca do Departamento de Mol\u00e9stias Infecciosas e Parasit\u00e1rias, situada no Instituto Central do Hospital das Cl\u00ednicas, da Biblioteca Central da FMUSP e da Biblioteca do Instituto de Medicina Tropical da USP. No Complexo Universit\u00e1rio do campus da Sa\u00fade da USP encontram-se ainda as Bibliotecas da Faculdade de Sa\u00fade P\u00fablica, Escola de Enfermagem, Instituto da Crian\u00e7a do HC-FMUSP e Instituto do Cora\u00e7\u00e3o do HC-FMUSP, al\u00e9m daquelas existentes nos Institutos Adolfo Lutz e de Infectologia Em\u00edlio Ribas, que colocam recursos bibliogr\u00e1ficos adicionais a disposi\u00e7\u00e3o dos alunos. Por meio de conv\u00eanios pr\u00f3prios da FMUSP ou estabelecidos entre a USP e a CAPES, disponibiliza-se aos p\u00f3s-graduandos o acesso eletr\u00f4nico remoto \u00e0s bases on line de dados bibliogr\u00e1ficos contidas no Portal CAPES de Peri\u00f3dicos Eletr\u00f4nicos e em outras redes contratadas pela Universidade ou pela Faculdade de Medicina. Aos alunos s\u00e3o oferecidos os acervos bibliogr\u00e1ficos (que incluem livros, peri\u00f3dicos, fitas de v\u00eddeo e CD-roms) da Biblioteca do Departamento de Mol\u00e9stias Infecciosas e Parasit\u00e1rias, situada no Instituto Central do Hospital das Cl\u00ednicas, da Biblioteca Central da FMUSP e da Biblioteca do Instituto de Medicina Tropical da USP.<\/p>\n<p>&nbsp;<\/p>\n<p>OUTRAS INFORMA\u00c7\u00d5ES<\/p>\n<p>&nbsp;<\/p>\n<p>NACE\u00a0 NUMETROP<\/p>\n<p>O Departamento tem ampliado sua \u00e1rea de atua\u00e7\u00e3o, o que tem contribu\u00eddo para aumentar a abrang\u00eancia das atividades de ensino e pesquisa. Desde 2001 t\u00eam sido desenvolvidas atividades entre o Departamento e a Secretaria Municipal de Sa\u00fade de Santar\u00e9m, com vistas \u00e0 implementa\u00e7\u00e3o de a\u00e7\u00f5es de sa\u00fade voltadas ao manejo, preven\u00e7\u00e3o e controle das doen\u00e7as infecciosas e parasit\u00e1rias em Santar\u00e9m, no Par\u00e1, a serem executadas em servi\u00e7os p\u00fablicos de sa\u00fade, em regime ambulatorial ou de interna\u00e7\u00e3o hospitalar. Em 2010 foi aprovado, na Universidade de S\u00e3o Paulo, o pedido de cria\u00e7\u00e3o do N\u00facleo de Apoio \u00e0s Atividades de Cultura e Extens\u00e3o\u00a0 N\u00facleo de Extens\u00e3o em Medicina Tropical (NACE NUMETROP), com sede no munic\u00edpio de Santar\u00e9m (PA). O desenvolvimento dessas atividades tem sido bem avaliado pelos gestores locais de aten\u00e7\u00e3o \u00e0 sa\u00fade e pelos usu\u00e1rios do servi\u00e7o, com interesse em sua expans\u00e3o.<\/p>\n<p>O N\u00facleo de Apoio \u00e0s Atividades de Cultura e Extens\u00e3o (NACE-NUMETROP) conta com a participa\u00e7\u00e3o, em seu Conselho, de 5 Docentes do Departamento, sendo que 4 ministram Disciplinas e s\u00e3o orientadores do Programa e que tamb\u00e9m desenvolvem, regularmente, atividades de Ensino e Pesquisa em Santar\u00e9m. Desse trabalho j\u00e1 resultaram disserta\u00e7\u00e3o de Mestrado e tese de Doutorado, al\u00e9m de diversas publica\u00e7\u00f5es cient\u00edficas divulgadas em peri\u00f3dicos de circula\u00e7\u00e3o internacional. Atualmente, h\u00e1 uma aluna de Doutorado do Programa realizando seu trabalho em Santar\u00e9m, com apoio deste N\u00facleo. Pretende-se utilizar a experi\u00eancia de recursos humanos do Departamento para aprofundar este interc\u00e2mbio com as Institui\u00e7\u00f5es de Sa\u00fade da regi\u00e3o (Universidades e Faculdades de Medicina e Enfermagem da UEPA) e contribuir n\u00e3o s\u00f3 no estabelecimento de trabalhos para aprofundar o conhecimento sobre as enfermidades tropicais de maior preval\u00eancia na regi\u00e3o Oeste do Par\u00e1. Prop\u00f5e-se, ainda, a realiza\u00e7\u00e3o de estrat\u00e9gias de interven\u00e7\u00e3o voltadas a agravos infecciosos relevantes, e a capacita\u00e7\u00e3o e aprimoramento t\u00e9cnico. Ademais, tem sido prioridade, a forma\u00e7\u00e3o de profissionais de sa\u00fade locais, respons\u00e1veis pela assist\u00eancia a usu\u00e1rios do Sistema de Sa\u00fade, e do Ensino nas Institui\u00e7\u00f5es superiores de sa\u00fade de Santar\u00e9m, por meio da forma\u00e7\u00e3o de Mestres e Doutores.<\/p>\n<p>&nbsp;<\/p>\n<p>Projeto Regi\u00e3o Oeste<\/p>\n<p>Este Projeto \u00e9 coordenado pela Faculdade de Medicina da USP\/Funda\u00e7\u00e3o Faculdade de Medicina da USP e \u00e9 respons\u00e1vel pelas atividades de Assist\u00eancia, Ensino e Pesquisa na Aten\u00e7\u00e3o Prim\u00e1ria em Sa\u00fade em v\u00e1rias Unidades de Sa\u00fade situadas na Regi\u00e3o Oeste da cidade de S\u00e3o Paulo. Neste \u00e2mbito s\u00e3o conduzidas atividades de Ensino envolvendo graduandos de Medicina e P\u00f3s-graduandos senso lato (Resid\u00eancia M\u00e9dica) em Medicina de Fam\u00edlia e Comunidade (MFC) da FMUSP, por meio da Estrat\u00e9gia de Sa\u00fade da Fam\u00edlia. Tem como prop\u00f3sito oferecer forma\u00e7\u00e3o especializada na abordagem integral e resolutiva em aten\u00e7\u00e3o prim\u00e1ria. O Departamento de Mol\u00e9stias Infecciosas e Parasit\u00e1rias est\u00e1 engajado no Projeto e faz parte, como convidado, do Conselho Diretivo e do Ensino aos Residentes de MFC das Doen\u00e7as Infecciosas e Parasit\u00e1rias. O Departamento tem envidado esfor\u00e7os para a produ\u00e7\u00e3o de pesquisas na \u00c1rea da Aten\u00e7\u00e3o Prim\u00e1ria em Doen\u00e7as Infecciosas e estimulado os Residentes de MFC a desenvolverem projetos de pesquisa e ingressarem no Programa de P\u00f3s Gradua\u00e7\u00e3o.\u00a0 H\u00e1 no momento um docente do programa dedicado integralmente ao projeto de aten\u00e7\u00e3o prim\u00e1ria. Em conson\u00e2ncia \u00e0s pol\u00edticas p\u00fablicas que objetivam o desenvolvimento do Sistema \u00danico de Sa\u00fade, atividades conjuntas s\u00e3o continuamente desenvolvidas, tendo em vista a melhoria da qualidade assistencial. Para tanto, busca-se incentivar a\u00e7\u00f5es preventivas e resolutivas dos problemas de sa\u00fade da popula\u00e7\u00e3o nos planos individual, familiar e coletivo, de maneira a estimular tamb\u00e9m as a\u00e7\u00f5es de promo\u00e7\u00e3o da sa\u00fade.<\/p>\n<p>&nbsp;<\/p>\n<p>Projeto Vale do Ribeira:<\/p>\n<p>Foi firmado o Protocolo de Inten\u00e7\u00f5es entre a Secretaria de Estado da Sa\u00fade e a Faculdade de Medicina da Universidade para atua\u00e7\u00e3o no Vale do Ribeira (SP). O Protocolo tem por objeto a coopera\u00e7\u00e3o t\u00e9cnica, cient\u00edfica, educacional e cultural entre os part\u00edcipes, visando o desenvolvimento e a execu\u00e7\u00e3o conjunta de programas e projetos, o interc\u00e2mbio em assuntos educacionais, culturais, cient\u00edficos e tecnol\u00f3gicos, e a forma\u00e7\u00e3o de Recursos Humanos na regi\u00e3o, incluindo a P\u00f3s Gradua\u00e7\u00e3o Senso Estrito. O Departamento de Mol\u00e9stias Infecciosas e Parasit\u00e1rias da Faculdade de Medicina da Universidade de S\u00e3o Paulo participa deste Projeto e tem como uma de suas prioridades a forma\u00e7\u00e3o dos recursos humanos que atuam nesta regi\u00e3o, vinculando-os, futuramente, ao Mestrado e ao Doutorado do Programa de P\u00f3s Gradua\u00e7\u00e3o, particularmente na \u00c1rea da Aten\u00e7\u00e3o Prim\u00e1ria em Doen\u00e7as Infecciosas.<\/p>","protected":false},"excerpt":{"rendered":"<p>LABORAT\u00d3RIOS O Programa conta com sete laborat\u00f3rios de investiga\u00e7\u00e3o M\u00e9dica (LIM), onde se desenvolvem pesquisas [&hellip;]<\/p>\n","protected":false},"author":148,"featured_media":0,"parent":0,"menu_order":0,"comment_status":"closed","ping_status":"closed","template":"","meta":{"footnotes":"","_links_to":"","_links_to_target":""},"class_list":["post-1213","page","type-page","status-publish","hentry"],"_links":{"self":[{"href":"https:\/\/sites.usp.br\/ppgmip\/wp-json\/wp\/v2\/pages\/1213","targetHints":{"allow":["GET"]}}],"collection":[{"href":"https:\/\/sites.usp.br\/ppgmip\/wp-json\/wp\/v2\/pages"}],"about":[{"href":"https:\/\/sites.usp.br\/ppgmip\/wp-json\/wp\/v2\/types\/page"}],"author":[{"embeddable":true,"href":"https:\/\/sites.usp.br\/ppgmip\/wp-json\/wp\/v2\/users\/148"}],"replies":[{"embeddable":true,"href":"https:\/\/sites.usp.br\/ppgmip\/wp-json\/wp\/v2\/comments?post=1213"}],"version-history":[{"count":5,"href":"https:\/\/sites.usp.br\/ppgmip\/wp-json\/wp\/v2\/pages\/1213\/revisions"}],"predecessor-version":[{"id":1917,"href":"https:\/\/sites.usp.br\/ppgmip\/wp-json\/wp\/v2\/pages\/1213\/revisions\/1917"}],"wp:attachment":[{"href":"https:\/\/sites.usp.br\/ppgmip\/wp-json\/wp\/v2\/media?parent=1213"}],"curies":[{"name":"wp","href":"https:\/\/api.w.org\/{rel}","templated":true}]}}