{"id":1237,"date":"2016-08-02T11:17:23","date_gmt":"2016-08-02T14:17:23","guid":{"rendered":"http:\/\/sites.usp.br\/ppgmip\/?page_id=1237"},"modified":"2016-08-30T18:04:21","modified_gmt":"2016-08-30T21:04:21","slug":"producao-cientifica","status":"publish","type":"page","link":"https:\/\/sites.usp.br\/ppgmip\/producao-cientifica\/","title":{"rendered":"Produ\u00e7\u00e3o Cient\u00edfica"},"content":{"rendered":"<p><\/p>\n<h4><span style=\"color: #ff6600\">Produ\u00e7\u00e3o Cient\u00edfica<\/span><\/h4>\n<h4><strong>PUBLICA\u00c7\u00d5ES \u2013<\/strong><strong>TRI\u00caNIO 2007\/2009<\/strong><\/h4>\n<table border=\"1\" width=\"90%\" align=\"center\">\n<tbody>\n<tr>\n<td bgcolor=\"#99ccff\" width=\"54\">ANO<\/td>\n<td bgcolor=\"#99ccff\" width=\"29\">A1<\/td>\n<td bgcolor=\"#99ccff\" width=\"29\">A2<\/td>\n<td bgcolor=\"#99ccff\" width=\"29\">B1<\/td>\n<td bgcolor=\"#99ccff\" width=\"29\">B2<\/td>\n<td bgcolor=\"#99ccff\" width=\"29\">B3<\/td>\n<td bgcolor=\"#99ccff\" width=\"29\">B4<\/td>\n<td bgcolor=\"#99ccff\" width=\"29\">B5<\/td>\n<td bgcolor=\"#99ccff\" width=\"29\">C<\/td>\n<td bgcolor=\"#99ccff\" width=\"57\">\n<div>TOTAL<\/div>\n<\/td>\n<\/tr>\n<tr>\n<td bgcolor=\"#99ccff\">2007<\/td>\n<td>3<\/td>\n<td>9<\/td>\n<td>5<\/td>\n<td>27<\/td>\n<td>2<\/td>\n<td>5<\/td>\n<td>5<\/td>\n<td>0<\/td>\n<td>\n<div>56<\/div>\n<\/td>\n<\/tr>\n<tr>\n<td bgcolor=\"#99ccff\">2008<\/td>\n<td>8<\/td>\n<td>4<\/td>\n<td>9<\/td>\n<td>50<\/td>\n<td>2<\/td>\n<td>1<\/td>\n<td>0<\/td>\n<td>1<\/td>\n<td>\n<div>75<\/div>\n<\/td>\n<\/tr>\n<tr>\n<td bgcolor=\"#99ccff\">2009<\/td>\n<td>10<\/td>\n<td>11<\/td>\n<td>19<\/td>\n<td>26<\/td>\n<td>4<\/td>\n<td>5<\/td>\n<td>1<\/td>\n<td>0<\/td>\n<td>\n<div>76<\/div>\n<\/td>\n<\/tr>\n<tr>\n<td bgcolor=\"#99ccff\">TOTAL<\/td>\n<td>21<\/td>\n<td>24<\/td>\n<td>33<\/td>\n<td>103<\/td>\n<td>8<\/td>\n<td>11<\/td>\n<td>6<\/td>\n<td>0<\/td>\n<td>\n<div>207<\/div>\n<\/td>\n<\/tr>\n<\/tbody>\n<\/table>\n<h4>PUBLICA\u00c7\u00d5ES \u2013TRI\u00caNIO 2010\/2012<\/h4>\n<table border=\"1\" width=\"90%\" align=\"center\">\n<tbody>\n<tr>\n<td bgcolor=\"#99ccff\" width=\"54\">ANO<\/td>\n<td bgcolor=\"#99ccff\" width=\"29\">A1<\/td>\n<td bgcolor=\"#99ccff\" width=\"29\">A2<\/td>\n<td bgcolor=\"#99ccff\" width=\"29\">B1<\/td>\n<td bgcolor=\"#99ccff\" width=\"29\">B2<\/td>\n<td bgcolor=\"#99ccff\" width=\"29\">B3<\/td>\n<td bgcolor=\"#99ccff\" width=\"29\">B4<\/td>\n<td bgcolor=\"#99ccff\" width=\"29\">B5<\/td>\n<td bgcolor=\"#99ccff\" width=\"29\">C<\/td>\n<td bgcolor=\"#99ccff\" width=\"57\">\n<div>TOTAL<\/div>\n<\/td>\n<\/tr>\n<tr>\n<td bgcolor=\"#99ccff\">2010<\/td>\n<td>11<\/td>\n<td>11<\/td>\n<td>12<\/td>\n<td>15<\/td>\n<td>6<\/td>\n<td>0<\/td>\n<td>0<\/td>\n<td>0<\/td>\n<td>\n<div>55<\/div>\n<\/td>\n<\/tr>\n<tr>\n<td bgcolor=\"#99ccff\">2011<\/td>\n<td>8<\/td>\n<td>28<\/td>\n<td>13<\/td>\n<td>15<\/td>\n<td>5<\/td>\n<td>6<\/td>\n<td>1<\/td>\n<td>0<\/td>\n<td>\n<div>76<\/div>\n<\/td>\n<\/tr>\n<tr>\n<td bgcolor=\"#99ccff\">2012<\/td>\n<td>7<\/td>\n<td>13<\/td>\n<td>17<\/td>\n<td>12<\/td>\n<td>9<\/td>\n<td>0<\/td>\n<td>0<\/td>\n<td>0<\/td>\n<td>\n<div>\u00a058<\/div>\n<\/td>\n<\/tr>\n<tr>\n<td bgcolor=\"#99ccff\">TOTAL<\/td>\n<td>26<\/td>\n<td>52<\/td>\n<td>42<\/td>\n<td>42<\/td>\n<td>20<\/td>\n<td>6<\/td>\n<td>1<\/td>\n<td>0<\/td>\n<td>\n<div>189<\/div>\n<\/td>\n<\/tr>\n<\/tbody>\n<\/table>\n<p><\/p>","protected":false},"excerpt":{"rendered":"<p>Produ\u00e7\u00e3o Cient\u00edfica PUBLICA\u00c7\u00d5ES \u2013TRI\u00caNIO 2007\/2009 ANO A1 A2 B1 B2 B3 B4 B5 C TOTAL [&hellip;]<\/p>\n","protected":false},"author":148,"featured_media":0,"parent":0,"menu_order":0,"comment_status":"closed","ping_status":"closed","template":"","meta":{"footnotes":"","_links_to":"","_links_to_target":""},"class_list":["post-1237","page","type-page","status-publish","hentry"],"_links":{"self":[{"href":"https:\/\/sites.usp.br\/ppgmip\/wp-json\/wp\/v2\/pages\/1237","targetHints":{"allow":["GET"]}}],"collection":[{"href":"https:\/\/sites.usp.br\/ppgmip\/wp-json\/wp\/v2\/pages"}],"about":[{"href":"https:\/\/sites.usp.br\/ppgmip\/wp-json\/wp\/v2\/types\/page"}],"author":[{"embeddable":true,"href":"https:\/\/sites.usp.br\/ppgmip\/wp-json\/wp\/v2\/users\/148"}],"replies":[{"embeddable":true,"href":"https:\/\/sites.usp.br\/ppgmip\/wp-json\/wp\/v2\/comments?post=1237"}],"version-history":[{"count":4,"href":"https:\/\/sites.usp.br\/ppgmip\/wp-json\/wp\/v2\/pages\/1237\/revisions"}],"predecessor-version":[{"id":1502,"href":"https:\/\/sites.usp.br\/ppgmip\/wp-json\/wp\/v2\/pages\/1237\/revisions\/1502"}],"wp:attachment":[{"href":"https:\/\/sites.usp.br\/ppgmip\/wp-json\/wp\/v2\/media?parent=1237"}],"curies":[{"name":"wp","href":"https:\/\/api.w.org\/{rel}","templated":true}]}}