{"id":1260,"date":"2016-08-02T11:34:20","date_gmt":"2016-08-02T14:34:20","guid":{"rendered":"http:\/\/sites.usp.br\/ppgmip\/?page_id=1260"},"modified":"2019-08-21T16:03:59","modified_gmt":"2019-08-21T19:03:59","slug":"comissao-coordenadora","status":"publish","type":"page","link":"https:\/\/sites.usp.br\/ppgmip\/en\/comissao-coordenadora\/","title":{"rendered":"Graduate Comittee"},"content":{"rendered":"<p><\/p>\n<h4><span style=\"color: #ff9900\"><strong>Composi\u00e7\u00e3o da Comiss\u00e3o Coordenadora<\/strong><\/span><\/h4>\n<p><strong>Coordenador<\/strong><\/p>\n<p>Professora\u00a0Associada Anna Sara Levin<\/p>\n<p><strong>Suplente<\/strong><\/p>\n<p>Professora Associada Silvia Figueiredo Costa<\/p>\n<p><strong>Membros<\/strong><\/p>\n<p>Professor Titular Aluisio Augusto Cotrim Segurado<\/p>\n<p>Professora Doutora Ana Marli Christovam Sartori<\/p>\n<p>Professor Doutor Edson Abdala<\/p>\n<p>Professor Associado Francisco Oscar de Siqueira Fran\u00e7a<\/p>\n<p>Professora Associada Maria C\u00e1ssia Jacintho Mendes Correa<\/p>\n<p>Professor Associado Ronaldo C\u00e9sar Borges Gryschek<\/p>\n<p><strong>Representante Discente<\/strong><\/p>\n<p>Gabriela Rodrigues e Fonseca<\/p>\n<p>Marcelo Andreetta Corral<\/p>\n<p><strong>Mandato<\/strong><\/p>\n<p>In\u00edcio: setembro\/2015<\/p>\n<p>T\u00e9rmino: setembro\/2017<\/p>","protected":false},"excerpt":{"rendered":"<p>Composi\u00e7\u00e3o da Comiss\u00e3o Coordenadora Coordenador Professora\u00a0Associada Anna Sara Levin Suplente Professora Associada Silvia Figueiredo Costa [&hellip;]<\/p>\n","protected":false},"author":148,"featured_media":1152,"parent":0,"menu_order":0,"comment_status":"closed","ping_status":"closed","template":"","meta":{"footnotes":"","_links_to":"","_links_to_target":""},"class_list":["post-1260","page","type-page","status-publish","has-post-thumbnail","hentry"],"_links":{"self":[{"href":"https:\/\/sites.usp.br\/ppgmip\/en\/wp-json\/wp\/v2\/pages\/1260","targetHints":{"allow":["GET"]}}],"collection":[{"href":"https:\/\/sites.usp.br\/ppgmip\/en\/wp-json\/wp\/v2\/pages"}],"about":[{"href":"https:\/\/sites.usp.br\/ppgmip\/en\/wp-json\/wp\/v2\/types\/page"}],"author":[{"embeddable":true,"href":"https:\/\/sites.usp.br\/ppgmip\/en\/wp-json\/wp\/v2\/users\/148"}],"replies":[{"embeddable":true,"href":"https:\/\/sites.usp.br\/ppgmip\/en\/wp-json\/wp\/v2\/comments?post=1260"}],"version-history":[{"count":4,"href":"https:\/\/sites.usp.br\/ppgmip\/en\/wp-json\/wp\/v2\/pages\/1260\/revisions"}],"predecessor-version":[{"id":1933,"href":"https:\/\/sites.usp.br\/ppgmip\/en\/wp-json\/wp\/v2\/pages\/1260\/revisions\/1933"}],"wp:featuredmedia":[{"embeddable":true,"href":"https:\/\/sites.usp.br\/ppgmip\/en\/wp-json\/wp\/v2\/media\/1152"}],"wp:attachment":[{"href":"https:\/\/sites.usp.br\/ppgmip\/en\/wp-json\/wp\/v2\/media?parent=1260"}],"curies":[{"name":"wp","href":"https:\/\/api.w.org\/{rel}","templated":true}]}}