{"id":1291,"date":"2016-08-03T11:18:18","date_gmt":"2016-08-03T14:18:18","guid":{"rendered":"http:\/\/sites.usp.br\/ppgmip\/?page_id=1291"},"modified":"2019-08-21T15:58:55","modified_gmt":"2019-08-21T18:58:55","slug":"defesa","status":"publish","type":"page","link":"https:\/\/sites.usp.br\/ppgmip\/defesa\/","title":{"rendered":"Defesas"},"content":{"rendered":"<p>A tese dever\u00e1 ser apresentada em uma l\u00edngua que poder\u00e1 ser portugu\u00eas, ingl\u00eas ou espanhol.<\/p>\n<p>Poder\u00e1 ser na forma tradicional (veja item XII do regulamento CCP), ou sob forma de compila\u00e7\u00e3o de artigos aceitos para publica\u00e7\u00e3o (1 artigo para Mestrado Acad\u00eamico ou 2 artigos para Doutorado). Neste caso o aluno dever\u00e1 ser o primeiro autor dos artigos e o orientador deve ser coautor.<\/p>\n<p>O dep\u00f3sito dos exemplares na Comiss\u00e3o de P\u00f3s-Gradua\u00e7\u00e3o ser\u00e1 aceito desde que tenham impresso a ficha catalogr\u00e1fica, elaborada pelo Servi\u00e7o de Acesso \u00e0 Informa\u00e7\u00e3o (SAI) da Biblioteca da FMUSP, do seguinte modo:<\/p>\n<p>Encaminhar e-mail para referencia@biblioteca.fm.usp.br com os itens abaixo (necess\u00e1rios para a elabora\u00e7\u00e3o da ficha):<\/p>\n<ul>\n<li>Folha de rosto;<\/li>\n<li>T\u00edtulo e resumo da tese\/disserta\u00e7\u00e3o em portugu\u00eas e ingl\u00eas;<\/li>\n<li>Sugest\u00e3o de, no m\u00ednimo, 6 descritores (sugerimos ustilizar o Dec\u00b4s: http:\/\/decs.bvs.br);<\/li>\n<li>Ficha do aluno &#8211; que se encontra no Sistema Janus (utilizar o comando &#8220;Preparar para imprimir&#8221;);<\/li>\n<li>Informar telefone para contato e data do dep\u00f3sito.<\/li>\n<\/ul>\n<p>Para normalizar\/padronizar seu material, consulte o Guia de Apresenta\u00e7\u00e3o de disserta\u00e7\u00f5es, teses e monografias da FMUSP, dispon\u00edvel em \u00a0<a href=\"http:\/\/www.youblisher.com\/p\/543525-Guia-de-apresentacao-de-Teses-Dissertac-es-e-Monografias\/\" target=\"_blank\" rel=\"noopener noreferrer\">GUIA<\/a><\/p>\n<p><strong>Os exemplares e cds da Disserta\u00e7\u00e3o e\/ou Tese <\/strong>devem ser encaminhados a Secretaria do Programa de P\u00f3s-Gradua\u00e7\u00e3o, com uma carta do orientador afirmando estar ela pronta para ser apresentada. Sendo :<\/p>\n<ul>\n<li>Mestrado Regimento 7493 \/ 2018: 8 exemplares e 2 cds<\/li>\n<li>Doutorado Regimento 7493\/2018: 8 exemplares e 2 cds<\/li>\n<\/ul>\n<ul>\n<li>Dever\u00e1 ainda o aluno entregar \u00e0 Coordena\u00e7\u00e3o do Programa artigo cient\u00edfico com o respectivo comprovante de submiss\u00e3o para publica\u00e7\u00e3o em revista cient\u00edfica arbitrada, relacionado \u00e0 Disserta\u00e7\u00e3o de Mestrado ou Tese de Doutorado. E o formul\u00e1rio de sugest\u00e3o de Membros da banca<\/li>\n<\/ul>\n<p>O aluno se encarregar\u00e1 de entrar em contato com os membros da Comiss\u00e3o Julgadora para marcar a data da defesa e notificar o Servi\u00e7o de P\u00f3s-Gradua\u00e7\u00e3o para oficializa\u00e7\u00e3o da defesa, bem como a Coordena\u00e7\u00e3o do Programa.<\/p>\n<p>O per\u00edodo de tempo decorrente entre a escolha da Banca pela CPG\/FMUSP e a defesa da Disserta\u00e7\u00e3o\/Tese n\u00e3o deve exceder 90 dias.<\/p>\n<p>A defesa da Disserta\u00e7\u00e3o\/Tese dever\u00e1 ser realizada em sess\u00e3o p\u00fablica. O(a) candidato(a) discorrer\u00e1 sobre o tema de seu trabalho, em at\u00e9 sessenta minutos, depois ser\u00e1 arguido pela Comiss\u00e3o Julgadora.<\/p>\n<p>Encerrada a discuss\u00e3o da Disserta\u00e7\u00e3o\/Tese, em sess\u00e3o secreta imediatamente realizada,<\/p>","protected":false},"excerpt":{"rendered":"<p>A tese dever\u00e1 ser apresentada em uma l\u00edngua que poder\u00e1 ser portugu\u00eas, ingl\u00eas ou espanhol. [&hellip;]<\/p>\n","protected":false},"author":148,"featured_media":0,"parent":0,"menu_order":0,"comment_status":"closed","ping_status":"closed","template":"","meta":{"footnotes":"","_links_to":"","_links_to_target":""},"class_list":["post-1291","page","type-page","status-publish","hentry"],"_links":{"self":[{"href":"https:\/\/sites.usp.br\/ppgmip\/wp-json\/wp\/v2\/pages\/1291","targetHints":{"allow":["GET"]}}],"collection":[{"href":"https:\/\/sites.usp.br\/ppgmip\/wp-json\/wp\/v2\/pages"}],"about":[{"href":"https:\/\/sites.usp.br\/ppgmip\/wp-json\/wp\/v2\/types\/page"}],"author":[{"embeddable":true,"href":"https:\/\/sites.usp.br\/ppgmip\/wp-json\/wp\/v2\/users\/148"}],"replies":[{"embeddable":true,"href":"https:\/\/sites.usp.br\/ppgmip\/wp-json\/wp\/v2\/comments?post=1291"}],"version-history":[{"count":4,"href":"https:\/\/sites.usp.br\/ppgmip\/wp-json\/wp\/v2\/pages\/1291\/revisions"}],"predecessor-version":[{"id":1931,"href":"https:\/\/sites.usp.br\/ppgmip\/wp-json\/wp\/v2\/pages\/1291\/revisions\/1931"}],"wp:attachment":[{"href":"https:\/\/sites.usp.br\/ppgmip\/wp-json\/wp\/v2\/media?parent=1291"}],"curies":[{"name":"wp","href":"https:\/\/api.w.org\/{rel}","templated":true}]}}