{"id":1303,"date":"2016-08-03T11:24:10","date_gmt":"2016-08-03T14:24:10","guid":{"rendered":"http:\/\/sites.usp.br\/ppgmip\/?page_id=1303"},"modified":"2016-12-06T16:59:16","modified_gmt":"2016-12-06T18:59:16","slug":"matricula","status":"publish","type":"page","link":"https:\/\/sites.usp.br\/ppgmip\/matricula\/","title":{"rendered":"Manual do Aluno"},"content":{"rendered":"<p>O manual do aluno \u00a0foi elaborado com a finalidade de apresentar aos p\u00f3s-graduandos suas obriga\u00e7\u00f5es e direitos junto ao Programa de P\u00f3s-Gradua\u00e7\u00e3o em Doen\u00e7as Infecciosas e Parasit\u00e1rias da Faculdade de Medicina da Universidade de S\u00e3o Paulo (FMUSP).<\/p>\n<p>Acesse aqui\u00a0<a href=\"http:\/\/sites.usp.br\/ppgmip\/wp-content\/uploads\/sites\/221\/2016\/08\/MANUAL-DO-P\u00d3S-GRADUANDO-2016.pdf\" target=\"_blank\">MANUAL DO P\u00d3S-GRADUANDO 2016<\/a><\/p>","protected":false},"excerpt":{"rendered":"<p>O manual do aluno \u00a0foi elaborado com a finalidade de apresentar aos p\u00f3s-graduandos suas obriga\u00e7\u00f5es [&hellip;]<\/p>\n","protected":false},"author":148,"featured_media":0,"parent":0,"menu_order":0,"comment_status":"closed","ping_status":"closed","template":"","meta":{"footnotes":"","_links_to":"","_links_to_target":""},"class_list":["post-1303","page","type-page","status-publish","hentry"],"_links":{"self":[{"href":"https:\/\/sites.usp.br\/ppgmip\/wp-json\/wp\/v2\/pages\/1303","targetHints":{"allow":["GET"]}}],"collection":[{"href":"https:\/\/sites.usp.br\/ppgmip\/wp-json\/wp\/v2\/pages"}],"about":[{"href":"https:\/\/sites.usp.br\/ppgmip\/wp-json\/wp\/v2\/types\/page"}],"author":[{"embeddable":true,"href":"https:\/\/sites.usp.br\/ppgmip\/wp-json\/wp\/v2\/users\/148"}],"replies":[{"embeddable":true,"href":"https:\/\/sites.usp.br\/ppgmip\/wp-json\/wp\/v2\/comments?post=1303"}],"version-history":[{"count":6,"href":"https:\/\/sites.usp.br\/ppgmip\/wp-json\/wp\/v2\/pages\/1303\/revisions"}],"predecessor-version":[{"id":1858,"href":"https:\/\/sites.usp.br\/ppgmip\/wp-json\/wp\/v2\/pages\/1303\/revisions\/1858"}],"wp:attachment":[{"href":"https:\/\/sites.usp.br\/ppgmip\/wp-json\/wp\/v2\/media?parent=1303"}],"curies":[{"name":"wp","href":"https:\/\/api.w.org\/{rel}","templated":true}]}}