{"id":1314,"date":"2016-08-03T12:00:00","date_gmt":"2016-08-03T15:00:00","guid":{"rendered":"http:\/\/sites.usp.br\/ppgmip\/?page_id=1314"},"modified":"2017-01-04T18:33:37","modified_gmt":"2017-01-04T20:33:37","slug":"para-orientadores","status":"publish","type":"page","link":"https:\/\/sites.usp.br\/ppgmip\/para-orientadores\/","title":{"rendered":"Formul\u00e1rios"},"content":{"rendered":"<p><\/p>\n<ul>\n<li><a href=\"http:\/\/sites.usp.br\/ppgmip\/wp-content\/uploads\/sites\/221\/2016\/08\/Credenciamento-Orientador-FI-2.doc\">Credenciamento Orientador FI (2)<\/a><\/li>\n<li><a href=\"http:\/\/sites.usp.br\/ppgmip\/wp-content\/uploads\/sites\/221\/2016\/08\/Credenciamento-Disciplina_link-CV-2.doc\">Credenciamento Disciplina_link CV (2)<\/a><\/li>\n<li><a href=\"http:\/\/sites.usp.br\/ppgmip\/wp-content\/uploads\/sites\/221\/2016\/08\/Credenciamento-Disciplina_link-CV-2.doc\">Comiss\u00e3o Julgadora Exqua_Dt.Inscri\u00e7\u00e3o (6)<\/a><\/li>\n<li><a href=\"http:\/\/sites.usp.br\/ppgmip\/wp-content\/uploads\/sites\/221\/2016\/08\/Banca_Mestrado.doc\">Banca_Mestrado<\/a><\/li>\n<li><a href=\"http:\/\/sites.usp.br\/ppgmip\/wp-content\/uploads\/sites\/221\/2016\/08\/Banca_Doutorado-4.doc\">Banca_Doutorado (4)<\/a><\/li>\n<li><a href=\"http:\/\/sites.usp.br\/ppgmip\/wp-content\/uploads\/sites\/221\/2016\/08\/Banca_Mestrado-e-Doutorado-NOVO-REGIMENTO-CPG-4.doc\">Banca_Mestrado e Doutorado NOVO REGIMENTO CPG (4)<\/a><\/li>\n<li><a href=\"http:\/\/sites.usp.br\/ppgmip\/wp-content\/uploads\/sites\/221\/2016\/08\/Carta-de-dep\u00f3sito-NOVA-VERS\u00c3O-3.doc\">Carta de dep\u00f3sito NOVA VERS\u00c3O (3)<\/a><\/li>\n<\/ul>\n<p><\/p>","protected":false},"excerpt":{"rendered":"<p>Credenciamento Orientador FI (2) Credenciamento Disciplina_link CV (2) Comiss\u00e3o Julgadora Exqua_Dt.Inscri\u00e7\u00e3o (6) Banca_Mestrado Banca_Doutorado (4) [&hellip;]<\/p>\n","protected":false},"author":148,"featured_media":0,"parent":0,"menu_order":0,"comment_status":"closed","ping_status":"closed","template":"","meta":{"footnotes":"","_links_to":"","_links_to_target":""},"class_list":["post-1314","page","type-page","status-publish","hentry"],"_links":{"self":[{"href":"https:\/\/sites.usp.br\/ppgmip\/wp-json\/wp\/v2\/pages\/1314","targetHints":{"allow":["GET"]}}],"collection":[{"href":"https:\/\/sites.usp.br\/ppgmip\/wp-json\/wp\/v2\/pages"}],"about":[{"href":"https:\/\/sites.usp.br\/ppgmip\/wp-json\/wp\/v2\/types\/page"}],"author":[{"embeddable":true,"href":"https:\/\/sites.usp.br\/ppgmip\/wp-json\/wp\/v2\/users\/148"}],"replies":[{"embeddable":true,"href":"https:\/\/sites.usp.br\/ppgmip\/wp-json\/wp\/v2\/comments?post=1314"}],"version-history":[{"count":6,"href":"https:\/\/sites.usp.br\/ppgmip\/wp-json\/wp\/v2\/pages\/1314\/revisions"}],"predecessor-version":[{"id":1914,"href":"https:\/\/sites.usp.br\/ppgmip\/wp-json\/wp\/v2\/pages\/1314\/revisions\/1914"}],"wp:attachment":[{"href":"https:\/\/sites.usp.br\/ppgmip\/wp-json\/wp\/v2\/media?parent=1314"}],"curies":[{"name":"wp","href":"https:\/\/api.w.org\/{rel}","templated":true}]}}