{"id":1458,"date":"2016-08-17T18:45:46","date_gmt":"2016-08-17T21:45:46","guid":{"rendered":"http:\/\/sites.usp.br\/ppgmip\/?page_id=1458"},"modified":"2017-01-04T18:31:58","modified_gmt":"2017-01-04T20:31:58","slug":"diplomas","status":"publish","type":"page","link":"https:\/\/sites.usp.br\/ppgmip\/diplomas\/","title":{"rendered":"Orienta\u00e7\u00f5es para Qualifica\u00e7\u00e3o"},"content":{"rendered":"<p>O <span style=\"text-decoration: underline\">Exame de Qualifica\u00e7\u00e3o<\/span> (EQ) \u00e9 exig\u00eancia nos cursos de Mestrado e Doutorado. N\u00e3o ser\u00e1 exigido no curso de Mestrado Profissional.<\/p>\n<p>O EQ ter\u00e1 por finalidade avaliar a profici\u00eancia do aluno em conhecimentos dentro do tema relacionado ao seu projeto de Disserta\u00e7\u00e3o\/Tese, bem como contribuir para aprimoramento do projeto de pesquisa.<\/p>\n<p>A inscri\u00e7\u00e3o no exame de qualifica\u00e7\u00e3o \u00e9 de responsabilidade do aluno e dever\u00e1 ser feita na secretaria do Programa considerando as condi\u00e7\u00f5es estabelecidas no Regulamento.<\/p>\n<p>Para inscrever-se voc\u00ea dever\u00e1 entregar:<\/p>\n<ul>\n<li>\u00a0uma c\u00f3pia da vers\u00e3o da sua tese\u00a0contendo introdu\u00e7\u00e3o, objetivos, material e m\u00e9todos e resultados\u00a0parciais,<\/li>\n<li>formul\u00e1rio indicando a Comiss\u00e3o Julgadora, sendo tr\u00eas titulares e dois suplentes, no m\u00ednimo com o t\u00edtulo de doutor\u00a0e resumo das informa\u00e7\u00f5es do Lattes dos indicados.<\/li>\n<\/ul>\n<p>Ap\u00f3s a aprova\u00e7\u00e3o da comiss\u00e3o julgadora pela CCP voc\u00ea dever\u00e1 entregar aos membros titulares o\u00a0\u201cboneco\u201d e marcar entrevistas individuais para\u00a0discuss\u00e3o de sua Tese. (<a href=\"http:\/\/sites.usp.br\/ppgmip\/wp-content\/uploads\/sites\/221\/2016\/08\/RELAT\u00d3RIO-DAS-ENTREVISTAS.doc\" target=\"_blank\">Relat\u00f3rio das entrevistas<\/a>).<\/p>\n<p>A data de realiza\u00e7\u00e3o do EQ deve ser agendada respeitando\u00a0o prazo de at\u00e9 60 dias ap\u00f3s a data de inscri\u00e7\u00e3o no exame de\u00a0qualifica\u00e7\u00e3o, para os alunos matriculados no novo regimento.<\/p>\n<p>Nessa ocasi\u00e3o o(a) p\u00f3s-graduando(a) apresentar\u00e1, em sess\u00e3o p\u00fablica, uma aula expositiva, que dever\u00e1 durar de 30 a 60 minutos, versando sobre seu trabalho de Disserta\u00e7\u00e3o\/Tese e ser\u00e1 arguido pela Banca Julgadora, cabendo 30 minutos para cada arguidor e 30 minutos para que o aluno responda cada arguidor. A avalia\u00e7\u00e3o ser\u00e1 feita pela Banca em sess\u00e3o secreta, ap\u00f3s o t\u00e9rmino da \u00faltima etapa do exame.<\/p>","protected":false},"excerpt":{"rendered":"<p>O Exame de Qualifica\u00e7\u00e3o (EQ) \u00e9 exig\u00eancia nos cursos de Mestrado e Doutorado. N\u00e3o ser\u00e1 [&hellip;]<\/p>\n","protected":false},"author":148,"featured_media":0,"parent":0,"menu_order":0,"comment_status":"closed","ping_status":"closed","template":"","meta":{"footnotes":"","_links_to":"","_links_to_target":""},"class_list":["post-1458","page","type-page","status-publish","hentry"],"_links":{"self":[{"href":"https:\/\/sites.usp.br\/ppgmip\/wp-json\/wp\/v2\/pages\/1458","targetHints":{"allow":["GET"]}}],"collection":[{"href":"https:\/\/sites.usp.br\/ppgmip\/wp-json\/wp\/v2\/pages"}],"about":[{"href":"https:\/\/sites.usp.br\/ppgmip\/wp-json\/wp\/v2\/types\/page"}],"author":[{"embeddable":true,"href":"https:\/\/sites.usp.br\/ppgmip\/wp-json\/wp\/v2\/users\/148"}],"replies":[{"embeddable":true,"href":"https:\/\/sites.usp.br\/ppgmip\/wp-json\/wp\/v2\/comments?post=1458"}],"version-history":[{"count":6,"href":"https:\/\/sites.usp.br\/ppgmip\/wp-json\/wp\/v2\/pages\/1458\/revisions"}],"predecessor-version":[{"id":1913,"href":"https:\/\/sites.usp.br\/ppgmip\/wp-json\/wp\/v2\/pages\/1458\/revisions\/1913"}],"wp:attachment":[{"href":"https:\/\/sites.usp.br\/ppgmip\/wp-json\/wp\/v2\/media?parent=1458"}],"curies":[{"name":"wp","href":"https:\/\/api.w.org\/{rel}","templated":true}]}}