{"id":1604,"date":"2016-10-27T15:06:55","date_gmt":"2016-10-27T17:06:55","guid":{"rendered":"http:\/\/sites.usp.br\/ppgmip\/?page_id=1604"},"modified":"2019-09-03T10:05:35","modified_gmt":"2019-09-03T13:05:35","slug":"aluno-regular","status":"publish","type":"page","link":"https:\/\/sites.usp.br\/ppgmip\/aluno-regular\/","title":{"rendered":"Aluno regular"},"content":{"rendered":"<p><span style=\"color: #ff6600;\"><strong><em>1- MESTRADO ou DOUTORADO ACAD\u00caMICO<\/em><\/strong><\/span><\/p>\n<p>Os candidatos dever\u00e3o apresentar os seguintes documentos para a\u00a0inscri\u00e7\u00e3o\u00a0no\u00a0processo seletivo:<\/p>\n<ul>\n<li>Projeto de pesquisa elaborado pelo candidato, ap\u00f3s contato com um orientador do Programa (<a href=\"http:\/\/sites.usp.br\/ppgmip\/orientadores\/\" target=\"_blank\" rel=\"noopener noreferrer\">orientadores<\/a>)<\/li>\n<li>Formul\u00e1rio de\u00a0inscri\u00e7\u00e3o (<a href=\"http:\/\/www2.fm.usp.br\/gdc\/docs\/posgrad_371_novo_formulario_de_inscricao.pdf\" target=\"_blank\" rel=\"noopener noreferrer\">download<\/a>)<\/li>\n<li>C\u00f3pia de documento de identifica\u00e7\u00e3o (<strong>RG, CPF\u00a0<\/strong>e RNE para estrangeiros);<\/li>\n<li>C\u00f3pia do Diploma de Gradua\u00e7\u00e3o ou declara\u00e7\u00e3o recente de cola\u00e7\u00e3o de grau;<\/li>\n<li>Curr\u00edculo Lattes;<\/li>\n<li>Profici\u00eancia em ingl\u00eas &#8211; R<u>eading Test in English for Candidates for Postgraduate Courses<\/u>, realizado pela Cultura Inglesa, filial Pinheiros &#8211;\u00a0(11) 3032-4888, exclusivamente para a Faculdade de Medicina\u00a0da USP. Pontua\u00e7\u00e3o m\u00ednima para curso de mestrado: 50 pontos; para curso de doutorado: 60 pontos.\u00a0(vide pontua\u00e7\u00e3o\u00a0no\u00a0Edital do\u00a0Programa).Aqui mais informa\u00e7\u00f5es e exemplo de teste:\u00a0<a href=\"http:\/\/www.culturainglesasp.com.br\/wps\/portal\/Internet_New\/p\/cursoscertificados\/certificados\/testesproficiencia\/\" target=\"_blank\" rel=\"noopener noreferrer\">LINK<\/a>\u00a0ou\u00a0<u>Toefl internet-based Test<\/u>, com pontua\u00e7\u00e3o m\u00ednima de 40 pontos ou\u00a0\u00a0<u>Toefl Computer-based Test<\/u>, com pontua\u00e7\u00e3o m\u00ednima de 120 pontos para o curso de mestrado e 173 pontos para o curso de Doutorado ou<strong><u>\u00a0<\/u><\/strong><u>Toefl Paper-based Test<\/u>, com pontua\u00e7\u00e3o m\u00ednima de 433 pontos para o curso de mestrado e 500 pontos para o curso de Doutorado.<\/li>\n<li>Comprovante do pagamento de taxa de inscri\u00e7\u00e3o (R$ 200,00) (<em><u>guia de recolhimento\u00a0emitida pela\u00a0secretaria de p\u00f3s gradua\u00e7\u00e3o\u00a0ap\u00f3s confer\u00eancia e paga\u00a0na\u00a0Tesouraria da Faculdade)<\/u><\/em><\/li>\n<\/ul>\n<p>Os candidatos ser\u00e3o avaliados, em car\u00e1ter\u00a0eliminat\u00f3rio, pelo seu Curriculum Lattes, e pelo m\u00e9rito do projeto \u00a0e participar\u00e3o de uma argui\u00e7\u00e3o sobre os conhecimentos do projeto de pesquisa que ser\u00e1 desenvolvido e sobre a linha de pesquisa em geral<\/p>\n<p>A\u00a0nota final ser\u00e1 calculada atrav\u00e9s da m\u00e9dia entre as\u00a0notas obtidas\u00a0na\u00a0argui\u00e7\u00e3o,\u00a0no\u00a0projeto de pesquisa e\u00a0no\u00a0curr\u00edculo. Ser\u00e3o aceitos\u00a0no\u00a0programa, mediante disponibilidade de orienta\u00e7\u00e3o, os candidatos que obtiverem\u00a0nota igual ou superior a 7 (sete).<\/p>\n<p>&nbsp;<\/p>\n<p>&nbsp;<\/p>\n<p><span style=\"color: #ff6600;\"><strong><em>2- MESTRADO PROFISSIONAL<\/em><\/strong><\/span><\/p>\n<p>Mestrado Profissional em Infec\u00e7\u00f5es relacionadas \u00e0 assist\u00eancia \u00e0 sa\u00fade (IRAS) &#8211; mestrado profissional pela FMUSP equivalente ao Mestrado Acad\u00eamico para ingresso em Doutorado.<\/p>\n<p>Inscri\u00e7\u00f5es:\u00a0<strong>2019<\/strong><\/p>\n<p>Inicio: Mar\u00e7o de 2020<\/p>\n<p>Dura\u00e7\u00e3o: 18 a 36 meses<\/p>\n<p>10 vagas.<\/p>\n<p>Os candidatos dever\u00e3o apresentar os seguintes documentos para a\u00a0inscri\u00e7\u00e3o\u00a0no\u00a0processo seletivo:<\/p>\n<ul>\n<li>Formul\u00e1rio de\u00a0inscri\u00e7\u00e3o\u00a0(<a href=\"http:\/\/www2.fm.usp.br\/gdc\/docs\/posgrad_371_novo_formulario_de_inscricao.pdf\" target=\"_blank\" rel=\"noopener noreferrer\">download<\/a>)<\/li>\n<li>C\u00f3pia de documento de identifica\u00e7\u00e3o (<strong>RG, CPF\u00a0<\/strong>e RNE para estrangeiros);<\/li>\n<li>C\u00f3pia do Diploma de Gradua\u00e7\u00e3o ou declara\u00e7\u00e3o recente de cola\u00e7\u00e3o de grau;<\/li>\n<li>Curr\u00edculo Lattes;<\/li>\n<li>Profici\u00eancia em ingl\u00eas &#8211; R<u>eading Test in English for Candidates for Postgraduate Courses<\/u>, realizado pela Cultura Inglesa, filial Pinheiros &#8211;\u00a0(11) 3032-4888, exclusivamente para a Faculdade de Medicina\u00a0da USP. Pontua\u00e7\u00e3o m\u00ednima para curso de mestrado: 50 pontos. Aqui mais informa\u00e7\u00f5es e exemplo de teste:\u00a0<a href=\"http:\/\/www.culturainglesasp.com.br\/wps\/portal\/Internet_New\/p\/cursoscertificados\/certificados\/testesproficiencia\/\" target=\"_blank\" rel=\"noopener noreferrer\">LINK<\/a>\u00a0ou\u00a0<u>Toefl internet-based Test<\/u>, com pontua\u00e7\u00e3o m\u00ednima de 40 pontos ou\u00a0\u00a0<u>Toefl Computer-based Test<\/u>, com pontua\u00e7\u00e3o m\u00ednima de 120 pontos para o curso de mestrado ou<strong><u>\u00a0<\/u><\/strong><u>Toefl Paper-based Test<\/u>, com pontua\u00e7\u00e3o m\u00ednima de 433 pontos para o curso de mestrado.<\/li>\n<li>Comprovante do pagamento de taxa de inscri\u00e7\u00e3o, R$200,00 (<em><u>guia de recolhimento\u00a0emitida pela\u00a0secretaria de p\u00f3s gradua\u00e7\u00e3o\u00a0ap\u00f3s confer\u00eancia e paga\u00a0na\u00a0Tesouraria da Faculdade)<\/u><\/em><\/li>\n<\/ul>\n<p>Os candidatos ser\u00e3o avaliados\u00a0pelo seu Curriculum Lattes (peso 5), e trajet\u00f3ria profissional (peso 5). e participar\u00e3o de uma argui\u00e7\u00e3o oral com\u00a0nota m\u00e1xima de 10 pontos, em que ser\u00e3o consideradas: capacidades de express\u00e3o verbal, consist\u00eancia de argumenta\u00e7\u00e3o, coer\u00eancia de ideias e defesa da proposta de estudo.<\/p>\n<p>A\u00a0nota final ser\u00e1 obtida pela m\u00e9dia\u00a0aritm\u00e9tica\u00a0\u00a0relativas \u00e0s analises os Curriculos Lattes e da\u00a0nota da\u00a0argui\u00e7\u00e3o. Sendo considerados aprovados os candidatos com\u00a0nota final minima de 7 (sete).<\/p>\n<p>&nbsp;<\/p>\n<p><span style=\"color: #ff6600;\"><strong><em>\r\n\t<div class=\"slideshow_container slideshow_container_style-light\" style=\"height: 200px; \" data-slideshow-id=\"1097\" data-style-name=\"style-light\" data-style-version=\"2.3.1\" >\r\n\r\n\t\t\t\t\t<div class=\"slideshow_loading_icon\"><\/div>\r\n\t\t\r\n\t\t<div class=\"slideshow_content\" style=\"display: none;\">\r\n\r\n\t\t\t<div class=\"slideshow_view\">\t<div style=\"clear: both;\"><\/div><\/div><div class=\"slideshow_view\">\t<div style=\"clear: both;\"><\/div><\/div><div class=\"slideshow_view\">\t<div style=\"clear: both;\"><\/div><\/div><div class=\"slideshow_view\">\t<div style=\"clear: both;\"><\/div><\/div><div class=\"slideshow_view\">\t<div style=\"clear: both;\"><\/div><\/div><div class=\"slideshow_view\">\t<div style=\"clear: both;\"><\/div><\/div>\r\n\t\t<\/div>\r\n\r\n\t\t<div class=\"slideshow_controlPanel slideshow_transparent\" style=\"display: none;\"><ul><li class=\"slideshow_togglePlay\" data-play-text=\"Acionar\" data-pause-text=\"Pausar\"><\/li><\/ul><\/div>\r\n\r\n\t\t<div class=\"slideshow_button slideshow_previous slideshow_transparent\" role=\"button\" data-previous-text=\"Anterior\" style=\"display: none;\"><\/div>\r\n\t\t<div class=\"slideshow_button slideshow_next slideshow_transparent\" role=\"button\" data-next-text=\"Pr\u00f3ximo\" style=\"display: none;\"><\/div>\r\n\r\n\t\t<div class=\"slideshow_pagination\" style=\"display: none;\" data-go-to-text=\"Ir para o slide\"><div class=\"slideshow_pagination_center\"><\/div><\/div>\r\n\r\n\t\t<!-- WordPress Slideshow Version 2.3.1 -->\r\n\r\n\t\t\t<\/div>\r\n\r\n[download id=&#8221;1952&#8243;]<\/em><\/strong><\/span><\/p>\n<p><a href=\"https:\/\/sites.usp.br\/ppgmip\/wp-content\/uploads\/sites\/221\/2019\/09\/Mestrado-Profissional-2020-1.pdf\">Mestrado Profissional &#8211; 2020<\/a><\/p>","protected":false},"excerpt":{"rendered":"<p>1- MESTRADO ou DOUTORADO ACAD\u00caMICO Os candidatos dever\u00e3o apresentar os seguintes documentos para a\u00a0inscri\u00e7\u00e3o\u00a0no\u00a0processo seletivo: [&hellip;]<\/p>\n","protected":false},"author":148,"featured_media":0,"parent":0,"menu_order":0,"comment_status":"closed","ping_status":"closed","template":"","meta":{"footnotes":"","_links_to":"","_links_to_target":""},"class_list":["post-1604","page","type-page","status-publish","hentry"],"_links":{"self":[{"href":"https:\/\/sites.usp.br\/ppgmip\/wp-json\/wp\/v2\/pages\/1604","targetHints":{"allow":["GET"]}}],"collection":[{"href":"https:\/\/sites.usp.br\/ppgmip\/wp-json\/wp\/v2\/pages"}],"about":[{"href":"https:\/\/sites.usp.br\/ppgmip\/wp-json\/wp\/v2\/types\/page"}],"author":[{"embeddable":true,"href":"https:\/\/sites.usp.br\/ppgmip\/wp-json\/wp\/v2\/users\/148"}],"replies":[{"embeddable":true,"href":"https:\/\/sites.usp.br\/ppgmip\/wp-json\/wp\/v2\/comments?post=1604"}],"version-history":[{"count":4,"href":"https:\/\/sites.usp.br\/ppgmip\/wp-json\/wp\/v2\/pages\/1604\/revisions"}],"predecessor-version":[{"id":1963,"href":"https:\/\/sites.usp.br\/ppgmip\/wp-json\/wp\/v2\/pages\/1604\/revisions\/1963"}],"wp:attachment":[{"href":"https:\/\/sites.usp.br\/ppgmip\/wp-json\/wp\/v2\/media?parent=1604"}],"curies":[{"name":"wp","href":"https:\/\/api.w.org\/{rel}","templated":true}]}}