{"id":1608,"date":"2016-10-27T15:08:36","date_gmt":"2016-10-27T17:08:36","guid":{"rendered":"http:\/\/sites.usp.br\/ppgmip\/?page_id=1608"},"modified":"2016-12-07T15:28:12","modified_gmt":"2016-12-07T17:28:12","slug":"aluno-especial","status":"publish","type":"page","link":"https:\/\/sites.usp.br\/ppgmip\/aluno-especial\/","title":{"rendered":"Aluno especial"},"content":{"rendered":"<p><\/p>\n<h1 class=\"page-title\"><\/h1>\n<div class=\"region region-content\">\n<div id=\"block-system-main\" class=\"block block-system\">\n<div class=\"content\">\n<div class=\"content node-pagina\">\n<div class=\"field field-name-body field-type-text-with-summary field-label-hidden\">\n<div class=\"field-items\">\n<div class=\"field-item even\">\n<p>1. Aluno sem v\u00ednculo com a p\u00f3s-gradua\u00e7\u00e3o da USP ou aluno regularmente matriculado em programa de p\u00f3s-gradua\u00e7\u00e3o de outras Institui\u00e7\u00f5es de Ensino Superior.<\/p>\n<p>2. A matr\u00edcula em disciplina como aluno especial pode ser realizada at\u00e9 a data do in\u00edcio da disciplina de interesse.<\/p>\n<p>3. Os documentos necess\u00e1rios para a inscri\u00e7\u00e3o como aluno(a) especial s\u00e3o:<\/p>\n<p><i><b>1) <\/b>c\u00f3pia leg\u00edvel do RG ou documento do Conselho Regional da Profiss\u00e3o, ou Carteira Nacional de Habilita\u00e7\u00e3o.<br \/>\n<b>2) <\/b>c\u00f3pia leg\u00edvel do CPF<br \/>\n<b>3) <\/b>c\u00f3pia leg\u00edvel do diploma de gradua\u00e7\u00e3o (frente e verso), com registro do MEC. Na falta do diploma, apresentar declara\u00e7\u00e3o da institui\u00e7\u00e3o de origem, com data recente (\u00faltimos 3 meses), constanto a data em que ocorreu a cola\u00e7\u00e3o de grau.<br \/>\n<b>4) <\/b>formul\u00e1rio de matr\u00edcula em disciplina preenchido com a(s) sigla(s) da(s) disciplina(s) e ci\u00eancia do(s) professor(es) respons\u00e1vel(eis) pela(s) mesma(s).<br \/>\n<b>5) <\/b><a href=\"http:\/\/www2.fm.usp.br\/gdc\/docs\/posgrad_1_MatriculadeAlunoEspecial.doc\" target=\"_blank\">formul\u00e1rio de matr\u00edcula em disciplina<\/a>.<\/i><\/p>\n<p><span style=\"color: #000080;font-family: 'Century Gothic';font-size: small\">T<\/span><span style=\"font-family: 'Century Gothic';font-size: small\">axa no valor de R$ 150,00 para matr\u00edcula, por disciplina, para aluno especial, a ser paga na Tesouraria da Faculdade de Medicina da USP, ap\u00f3s preenchimento da guia de recolhimento pelo Servi\u00e7o de P\u00f3s-gradua\u00e7\u00e3o. <\/span><\/p>\n<p>A matr\u00edcula dever\u00e1 ser realizada no Servi\u00e7o de P\u00f3s-Gradua\u00e7\u00e3o da FMUSP das 9h00 \u00e0s 15h30.<\/p>\n<\/div>\n<\/div>\n<\/div>\n<\/div>\n<\/div>\n<\/div>\n<\/div>\n<p><\/p>","protected":false},"excerpt":{"rendered":"<p>1. Aluno sem v\u00ednculo com a p\u00f3s-gradua\u00e7\u00e3o da USP ou aluno regularmente matriculado em programa [&hellip;]<\/p>\n","protected":false},"author":148,"featured_media":0,"parent":0,"menu_order":0,"comment_status":"closed","ping_status":"closed","template":"page-full.php","meta":{"footnotes":"","_links_to":"","_links_to_target":""},"class_list":["post-1608","page","type-page","status-publish","hentry"],"_links":{"self":[{"href":"https:\/\/sites.usp.br\/ppgmip\/wp-json\/wp\/v2\/pages\/1608","targetHints":{"allow":["GET"]}}],"collection":[{"href":"https:\/\/sites.usp.br\/ppgmip\/wp-json\/wp\/v2\/pages"}],"about":[{"href":"https:\/\/sites.usp.br\/ppgmip\/wp-json\/wp\/v2\/types\/page"}],"author":[{"embeddable":true,"href":"https:\/\/sites.usp.br\/ppgmip\/wp-json\/wp\/v2\/users\/148"}],"replies":[{"embeddable":true,"href":"https:\/\/sites.usp.br\/ppgmip\/wp-json\/wp\/v2\/comments?post=1608"}],"version-history":[{"count":7,"href":"https:\/\/sites.usp.br\/ppgmip\/wp-json\/wp\/v2\/pages\/1608\/revisions"}],"predecessor-version":[{"id":1927,"href":"https:\/\/sites.usp.br\/ppgmip\/wp-json\/wp\/v2\/pages\/1608\/revisions\/1927"}],"wp:attachment":[{"href":"https:\/\/sites.usp.br\/ppgmip\/wp-json\/wp\/v2\/media?parent=1608"}],"curies":[{"name":"wp","href":"https:\/\/api.w.org\/{rel}","templated":true}]}}