{"id":1068,"date":"2020-08-19T13:47:49","date_gmt":"2020-08-19T16:47:49","guid":{"rendered":"http:\/\/sites.usp.br\/ppgmus\/?page_id=1068"},"modified":"2022-01-22T15:06:41","modified_gmt":"2022-01-22T18:06:41","slug":"regimentos-e-normas","status":"publish","type":"page","link":"https:\/\/sites.usp.br\/ppgmus\/regimentos-e-normas\/","title":{"rendered":"Regimentos e Normas"},"content":{"rendered":"<p><strong>Normas v\u00e1lidas para ingressantes a partir de 2022:<\/strong><\/p>\n<p>&#8211; <strong><a href=\"https:\/\/sites.usp.br\/ppgmus\/wp-content\/uploads\/sites\/116\/2022\/01\/Regulamento-NOVO-PPGMus-2022.pdf\"><em>Regulamento do Programa de P\u00f3s-Gradua\u00e7\u00e3o Interunidades em Museologia<\/em><\/a><\/strong><\/p>\n<p>&#8211; <a href=\"https:\/\/sites.usp.br\/ppgmus\/wp-content\/uploads\/sites\/116\/2022\/01\/Regimento-PPGMus-NOVO-2022.pdf\"><em><strong>Regimento da Comiss\u00e3o de P\u00f3s-Gradua\u00e7\u00e3o do Programa Interunidades em Museologia<\/strong><\/em><\/a><\/p>\n<p>&#8211;<strong> <a href=\"http:\/\/www.leginf.usp.br\/?resolucao=resolucao-no-7493-de-27-de-marco-de-2018\"><em>Regimento de P\u00f3s-Gradua\u00e7\u00e3o da Universidade de S\u00e3o Paulo<\/em><\/a><\/strong><\/p>\n<p>&nbsp;<\/p>\n<p><strong>Normas Anteriores:<\/strong><\/p>\n<p>&#8211;<strong> <a href=\"http:\/\/www.leginf.usp.br\/?resolucao=resolucao-copgr-no-7926-de-19-de-fevereiro-de-2020\"><em>Regulamento PPGMus<\/em><\/a><\/strong><\/p>\n<p>&#8211; <a href=\"http:\/\/www.leginf.usp.br\/?resolucao=resolucao-copgr-no-7925-de-19-de-fevereiro-de-2020\"><em><strong>Regimento CPG-PPGMus<\/strong><\/em><\/a><\/p>\n<h4><\/h4>\n","protected":false},"excerpt":{"rendered":"<p>Normas v\u00e1lidas para ingressantes a partir de 2022: &#8211; Regulamento do Programa de P\u00f3s-Gradua\u00e7\u00e3o Interunidades [&hellip;]<\/p>\n","protected":false},"author":205,"featured_media":0,"parent":0,"menu_order":0,"comment_status":"closed","ping_status":"closed","template":"","meta":{"_monsterinsights_skip_tracking":false,"_monsterinsights_sitenote_active":false,"_monsterinsights_sitenote_note":"","_monsterinsights_sitenote_category":0,"footnotes":"","_links_to":"","_links_to_target":""},"class_list":["post-1068","page","type-page","status-publish","hentry"],"_links":{"self":[{"href":"https:\/\/sites.usp.br\/ppgmus\/wp-json\/wp\/v2\/pages\/1068","targetHints":{"allow":["GET"]}}],"collection":[{"href":"https:\/\/sites.usp.br\/ppgmus\/wp-json\/wp\/v2\/pages"}],"about":[{"href":"https:\/\/sites.usp.br\/ppgmus\/wp-json\/wp\/v2\/types\/page"}],"author":[{"embeddable":true,"href":"https:\/\/sites.usp.br\/ppgmus\/wp-json\/wp\/v2\/users\/205"}],"replies":[{"embeddable":true,"href":"https:\/\/sites.usp.br\/ppgmus\/wp-json\/wp\/v2\/comments?post=1068"}],"version-history":[{"count":6,"href":"https:\/\/sites.usp.br\/ppgmus\/wp-json\/wp\/v2\/pages\/1068\/revisions"}],"predecessor-version":[{"id":1601,"href":"https:\/\/sites.usp.br\/ppgmus\/wp-json\/wp\/v2\/pages\/1068\/revisions\/1601"}],"wp:attachment":[{"href":"https:\/\/sites.usp.br\/ppgmus\/wp-json\/wp\/v2\/media?parent=1068"}],"curies":[{"name":"wp","href":"https:\/\/api.w.org\/{rel}","templated":true}]}}