{"id":1187,"date":"2020-09-10T11:38:38","date_gmt":"2020-09-10T14:38:38","guid":{"rendered":"http:\/\/sites.usp.br\/ppgmus\/?page_id=1187"},"modified":"2021-10-18T12:54:13","modified_gmt":"2021-10-18T15:54:13","slug":"ivsinpem_menu","status":"publish","type":"page","link":"https:\/\/sites.usp.br\/ppgmus\/ivsinpem_menu\/","title":{"rendered":"SInPeM"},"content":{"rendered":"<h3 class=\"with-subtitle\" style=\"text-align: center;\"><strong>IV Simp\u00f3sio Internacional de Pesquisa em Museologia<\/strong><\/h3>\n<h4 class=\"with-subtitle\" style=\"text-align: center;\"><em>Resili\u00eancia Cient\u00edfica: A\u00e7\u00f5es Museol\u00f3gico-Curatoriais<\/em><\/h4>\n<p align=\"justify\">A inten\u00e7\u00e3o deste evento \u00e9 discutir os contornos e as especificidades dos processos curatoriais museol\u00f3gicos e os respectivos estudos acad\u00eamicos, a partir de abordagens que evidenciem as caracter\u00edsticas das interlocu\u00e7\u00f5es interdisciplinares, tratem das especificidades de ensino e pesquisa neste contexto e, especialmente, problematizem as urg\u00eancias contempor\u00e2neas no que diz respeito \u00e0 proposi\u00e7\u00e3o e \u00e0 consolida\u00e7\u00e3o de museus e processos museol\u00f3gicos.<\/p>\n<p align=\"justify\">A partir do enfoque central do evento foram selecionados tr\u00eas subtemas para abordagens espec\u00edficas e pormenorizadas:<\/p>\n<p><strong>1. Museologia e Interdisciplinaridade: resili\u00eancias metodol\u00f3gicas<\/strong><\/p>\n<p align=\"justify\">A quest\u00e3o das metodologias de pesquisa e de trabalho t\u00e9cnico no contexto de a\u00e7\u00f5es museol\u00f3gico-curatoriais tem despontado como uma quest\u00e3o essencial referente a novas abordagens para a constru\u00e7\u00e3o das interfaces entre a Museologia e outros campos de conhecimento.<\/p>\n<p><strong>2. Museologia: ensino e pesquisa<\/strong><\/p>\n<p align=\"justify\">A expressiva amplia\u00e7\u00e3o dos cursos de gradua\u00e7\u00e3o e o crescente cen\u00e1rio dos programas de p\u00f3s-gradua\u00e7\u00e3o no pa\u00eds no campo da Museologia e \u00e1reas afins evidenciam a necessidade de discuss\u00f5es sobre a forma\u00e7\u00e3o profissional e a inser\u00e7\u00e3o dos egressos em diferentes \u00e1reas de trabalho e, em especial, nos dom\u00ednios acad\u00eamicos.<\/p>\n<p><strong>3. Novas Fronteiras Museol\u00f3gicas: a urg\u00eancia do presente<\/strong><\/p>\n<p align=\"justify\">Os desafios do presente que atingem os museus e os processos museol\u00f3gicos trazem novas demandas socioculturais que t\u00eam levado \u00e0 experimenta\u00e7\u00e3o de novos modelos de gest\u00e3o, ao tratamento de quest\u00f5es decoloniais, \u00e0 revis\u00e3o de seus acervos, \u00e0s distintas dimens\u00f5es da acessibilidade, entre muitos outros temas que exigem abordagens urgentes.<\/p>\n<p><b>Datas:<br \/>\n<\/b>&#8211; at\u00e9 21\/8\/21: inscri\u00e7\u00f5es<br \/>\n&#8211; 22\/8 a 18\/10: divulga\u00e7\u00e3o dos aprovados<br \/>\n&#8211; 16 a 19\/11: IV SInPeM<\/p>\n<p><a href=\"https:\/\/sites.usp.br\/ppgmus\/wp-content\/uploads\/sites\/116\/2021\/10\/Trabalhos-Aprovados-IV-SInPeM-1.xlsx\"><strong>Lista de Trabalhos Aprovados<\/strong><\/a><br \/>\n<strong><a href=\"https:\/\/sites.usp.br\/ppgmus\/wp-content\/uploads\/sites\/116\/2021\/10\/Template-Apresentacao-IV-SInPeM.pptx\">Modelo de Apresenta\u00e7\u00e3o<\/a><\/strong><\/p>\n<p>&nbsp;<\/p>\n<p>Mais informa\u00e7\u00f5es: <a href=\"https:\/\/www.even3.com.br\/ivsinpem2021\/\">https:\/\/www.even3.com.br\/ivsinpem2021\/<\/a><\/p>\n<p>Facebook: <a href=\"https:\/\/www.facebook.com\/ppgmus.usp\">https:\/\/www.facebook.com\/ppgmus.usp<\/a><\/p>\n","protected":false},"excerpt":{"rendered":"<p>IV Simp\u00f3sio Internacional de Pesquisa em Museologia Resili\u00eancia Cient\u00edfica: A\u00e7\u00f5es Museol\u00f3gico-Curatoriais A inten\u00e7\u00e3o deste evento [&hellip;]<\/p>\n","protected":false},"author":205,"featured_media":0,"parent":0,"menu_order":0,"comment_status":"closed","ping_status":"closed","template":"","meta":{"_monsterinsights_skip_tracking":false,"_monsterinsights_sitenote_active":false,"_monsterinsights_sitenote_note":"","_monsterinsights_sitenote_category":0,"footnotes":"","_links_to":"","_links_to_target":""},"class_list":["post-1187","page","type-page","status-publish","hentry"],"_links":{"self":[{"href":"https:\/\/sites.usp.br\/ppgmus\/wp-json\/wp\/v2\/pages\/1187","targetHints":{"allow":["GET"]}}],"collection":[{"href":"https:\/\/sites.usp.br\/ppgmus\/wp-json\/wp\/v2\/pages"}],"about":[{"href":"https:\/\/sites.usp.br\/ppgmus\/wp-json\/wp\/v2\/types\/page"}],"author":[{"embeddable":true,"href":"https:\/\/sites.usp.br\/ppgmus\/wp-json\/wp\/v2\/users\/205"}],"replies":[{"embeddable":true,"href":"https:\/\/sites.usp.br\/ppgmus\/wp-json\/wp\/v2\/comments?post=1187"}],"version-history":[{"count":5,"href":"https:\/\/sites.usp.br\/ppgmus\/wp-json\/wp\/v2\/pages\/1187\/revisions"}],"predecessor-version":[{"id":1560,"href":"https:\/\/sites.usp.br\/ppgmus\/wp-json\/wp\/v2\/pages\/1187\/revisions\/1560"}],"wp:attachment":[{"href":"https:\/\/sites.usp.br\/ppgmus\/wp-json\/wp\/v2\/media?parent=1187"}],"curies":[{"name":"wp","href":"https:\/\/api.w.org\/{rel}","templated":true}]}}