{"id":1518,"date":"2021-08-10T11:23:59","date_gmt":"2021-08-10T14:23:59","guid":{"rendered":"https:\/\/sites.usp.br\/ppgmus\/?page_id=1518"},"modified":"2022-09-16T16:09:10","modified_gmt":"2022-09-16T19:09:10","slug":"defesas-qualificacoes","status":"publish","type":"page","link":"https:\/\/sites.usp.br\/ppgmus\/defesas-qualificacoes\/","title":{"rendered":"Defesas\/Qualifica\u00e7\u00f5es"},"content":{"rendered":"<p><strong>Calend\u00e1rio de defesas e qualifica\u00e7\u00f5es do Programa de P\u00f3s-Gradua\u00e7\u00e3o Interunidades em Museologia (PPGMus-USP):<\/strong><\/p>\n<p><iframe loading=\"lazy\" src=\"https:\/\/docs.google.com\/spreadsheets\/d\/e\/2PACX-1vSoTNNjEoAvfaaizx9fp0oPzOy_Eng3rngJGzogdcmxEJxCZ5ZwPCrh7l9OAdMDdc6HKFsEbQus9XoF\/pubhtml?widget=true&amp;headers=false\" width=\"1080\" height=\"480\"><\/iframe><\/p>\n<p><a href=\"https:\/\/docs.google.com\/spreadsheets\/d\/e\/2PACX-1vSoTNNjEoAvfaaizx9fp0oPzOy_Eng3rngJGzogdcmxEJxCZ5ZwPCrh7l9OAdMDdc6HKFsEbQus9XoF\/pubhtml\">Link Original<\/a><\/p>\n<p>&nbsp;<\/p>\n","protected":false},"excerpt":{"rendered":"<p>Calend\u00e1rio de defesas e qualifica\u00e7\u00f5es do Programa de P\u00f3s-Gradua\u00e7\u00e3o Interunidades em Museologia (PPGMus-USP): Link Original [&hellip;]<\/p>\n","protected":false},"author":828,"featured_media":0,"parent":0,"menu_order":0,"comment_status":"closed","ping_status":"closed","template":"","meta":{"_monsterinsights_skip_tracking":false,"_monsterinsights_sitenote_active":false,"_monsterinsights_sitenote_note":"","_monsterinsights_sitenote_category":0,"footnotes":"","_links_to":"","_links_to_target":""},"class_list":["post-1518","page","type-page","status-publish","hentry"],"_links":{"self":[{"href":"https:\/\/sites.usp.br\/ppgmus\/wp-json\/wp\/v2\/pages\/1518","targetHints":{"allow":["GET"]}}],"collection":[{"href":"https:\/\/sites.usp.br\/ppgmus\/wp-json\/wp\/v2\/pages"}],"about":[{"href":"https:\/\/sites.usp.br\/ppgmus\/wp-json\/wp\/v2\/types\/page"}],"author":[{"embeddable":true,"href":"https:\/\/sites.usp.br\/ppgmus\/wp-json\/wp\/v2\/users\/828"}],"replies":[{"embeddable":true,"href":"https:\/\/sites.usp.br\/ppgmus\/wp-json\/wp\/v2\/comments?post=1518"}],"version-history":[{"count":4,"href":"https:\/\/sites.usp.br\/ppgmus\/wp-json\/wp\/v2\/pages\/1518\/revisions"}],"predecessor-version":[{"id":1787,"href":"https:\/\/sites.usp.br\/ppgmus\/wp-json\/wp\/v2\/pages\/1518\/revisions\/1787"}],"wp:attachment":[{"href":"https:\/\/sites.usp.br\/ppgmus\/wp-json\/wp\/v2\/media?parent=1518"}],"curies":[{"name":"wp","href":"https:\/\/api.w.org\/{rel}","templated":true}]}}