{"id":1745,"date":"2022-06-20T11:09:05","date_gmt":"2022-06-20T14:09:05","guid":{"rendered":"https:\/\/sites.usp.br\/ppgmus\/?page_id=1745"},"modified":"2025-12-19T11:52:51","modified_gmt":"2025-12-19T14:52:51","slug":"resultado-final","status":"publish","type":"page","link":"https:\/\/sites.usp.br\/ppgmus\/resultado-final\/","title":{"rendered":"Resultados"},"content":{"rendered":"<h3>Resultados do Processo Seletivo de 2025<\/h3>\n<p><span style=\"text-decoration: underline; color: #ff0000;\"><strong>ENTREGA DE DOCUMENTA\u00c7\u00c3O<\/strong><\/span><br \/>\nInformamos que o per\u00edodo de entrega de documenta\u00e7\u00e3o para o ingresso no programa de Museologia ser\u00e1 de <strong>05\/01\/2026<\/strong> a <strong>15\/01\/2026<\/strong>. A documenta\u00e7\u00e3o dever\u00e1 ser entregue pessoalmente no balc\u00e3o de atendimento da se\u00e7\u00e3o acad\u00eamica do MAE ou entregue por correio, com data de postagem dentro do prazo da entrega.<\/p>\n<p>&nbsp;<\/p>\n<p><span style=\"color: #ff0000;\"><strong>Retifica\u00e7\u00e3o<\/strong><\/span><span style=\"color: #333333;\">: I<\/span>nformamos que o documento com os resultados finais publicados no dia 08\/12\/2025 foi retificado e substitu\u00eddo, pois, em confer\u00eancia com o edital do processo seletivo, foram encontradas inconsist\u00eancias devido \u00e0s reprova\u00e7\u00f5es ocorridas na Fase 2.<br \/>\nEsclarecemos que as m\u00e9dias obtidas em ambas as fases do processo seletivo s\u00e3o eliminat\u00f3rias se estiverem abaixo de 7,0.<\/p>\n<ul>\n<li><strong><a href=\"https:\/\/sites.usp.br\/ppgmus\/wp-content\/uploads\/sites\/116\/2025\/12\/Resultado-Final-Classificacao-Processo-Seletivo-PPGMus-2025.pdf\">Resultado Homologado com Classifica\u00e7\u00e3o<\/a><\/strong><\/li>\n<li><a href=\"https:\/\/sites.usp.br\/ppgmus\/wp-content\/uploads\/sites\/116\/2025\/12\/Processo-Seletivo-PPGMus-Resultado-Final-2025-1.pdf\">Resultado Final<\/a><\/li>\n<li><strong>FASE 2 \u2014 <\/strong><a href=\"https:\/\/sites.usp.br\/ppgmus\/wp-content\/uploads\/sites\/116\/2025\/12\/Processo-Seletivo-PPGMus-Resultado-Fase-2-2025.pdf\">Resultado<\/a><\/li>\n<li><b>FASE 1 \u2014 <\/b><a href=\"https:\/\/sites.usp.br\/ppgmus\/wp-content\/uploads\/sites\/116\/2025\/11\/Resultado-Fase-1-PPGMus-2025.pdf\">Primeiro Resultado<\/a>, <a href=\"https:\/\/sites.usp.br\/ppgmus\/wp-content\/uploads\/sites\/116\/2025\/11\/Resultado-FINAL-Fase-1-2025.pdf\">Resultado P\u00f3s-Recursos<\/a><\/li>\n<li><a href=\"https:\/\/sites.usp.br\/ppgmus\/wp-content\/uploads\/sites\/116\/2025\/10\/lista-de-candidatos-habilitados-para-a-prova-ppgmus-2025.pdf\">Habilitados para a Fase 1<\/a><\/li>\n<li><a href=\"https:\/\/sites.usp.br\/ppgmus\/wp-content\/uploads\/sites\/116\/2025\/11\/Parecer_Heteroidentificacao_PPGMus_2025_assinado_assinado_assinado.pdf\">Parecer da Comiss\u00e3o de Heteroidentifica\u00e7\u00e3o<\/a><\/li>\n<\/ul>\n<p>&nbsp;<\/p>\n<p><span style=\"color: #ff0000;\"><strong>Aviso<\/strong><\/span>: Todas as inscri\u00e7\u00f5es foram avaliadas pela banca julgadora. Nomes que n\u00e3o constam na lista n\u00e3o foram aprovados.<\/p>\n<p>&nbsp;<\/p>\n<p>&nbsp;<\/p>\n<hr \/>\n<p>&nbsp;<\/p>\n<h3>Resultados do Processo Seletivo de 2024<\/h3>\n<ul>\n<li><a href=\"https:\/\/sites.usp.br\/ppgmus\/wp-content\/uploads\/sites\/116\/2024\/12\/Resultado-Final-2024.pdf\">Resultado Final<\/a><\/li>\n<li><a href=\"https:\/\/sites.usp.br\/ppgmus\/wp-content\/uploads\/sites\/116\/2024\/12\/Resultado-Fase-2-RECURSO-2024.pdf\">Resultado dos Recursos (Fase 2)<\/a><\/li>\n<li><a href=\"https:\/\/sites.usp.br\/ppgmus\/wp-content\/uploads\/sites\/116\/2024\/11\/Resultado-Fase-2-2024.pdf\">Resultado Fase 2<\/a><\/li>\n<li><a href=\"https:\/\/sites.usp.br\/ppgmus\/wp-content\/uploads\/sites\/116\/2024\/11\/Resultado-Fase-1-RECURSO-2024-1.pdf\">Resultado dos Recursos (Fase 1)<\/a><\/li>\n<li><a href=\"https:\/\/sites.usp.br\/ppgmus\/wp-content\/uploads\/sites\/116\/2024\/11\/Resultado-Fase-1-2024.pdf\">Resultado Fase 1<\/a><\/li>\n<li><a href=\"https:\/\/sites.usp.br\/ppgmus\/wp-content\/uploads\/sites\/116\/2024\/10\/lista_habilitados_prova_conhecimentos_PS_PPGMus_20241002.pdf\">Habilitados p\/ Fase 1<\/a><\/li>\n<\/ul>\n<p>&nbsp;<\/p>\n<h3>Resultados das provas de profici\u00eancia realizadas no Centro Interdepartamental de L\u00ednguas &#8211; FFLCH\/USP.<\/h3>\n<ul>\n<li><strong>Resultados 2308 &#8211; Espanhol<\/strong> &#8211; (Prova realizada em 10\/08\/2023) <a href=\"https:\/\/sites.usp.br\/ppgmus\/wp-content\/uploads\/sites\/116\/2023\/08\/Processo-Seletivo-Proficiencia-Resultados-2308-Espanhol.pdf\">PDF<\/a><\/li>\n<\/ul>\n<ul>\n<li><strong>Resultados 2308 &#8211; Ingl\u00eas<\/strong> &#8211; (Prova realizada em 23\/08\/2023) <a href=\"https:\/\/sites.usp.br\/ppgmus\/wp-content\/uploads\/sites\/116\/2023\/08\/Processo-Seletivo-Proficiencia-Resultados-2308-Ingles.pdf\">PDF<\/a><\/li>\n<\/ul>\n<ul>\n<li><strong>Resultados 2308 &#8211; Franc\u00eas<\/strong>&#8211; (Prova realizada em 30\/08\/2023) <a href=\"https:\/\/sites.usp.br\/ppgmus\/wp-content\/uploads\/sites\/116\/2023\/09\/Processo-Seletivo-Proficiencia-Resultados-2308-Frances.pdf\">PDF<\/a><\/li>\n<\/ul>\n","protected":false},"excerpt":{"rendered":"<p>Resultados do Processo Seletivo de 2025 ENTREGA DE DOCUMENTA\u00c7\u00c3O Informamos que o per\u00edodo de entrega [&hellip;]<\/p>\n","protected":false},"author":828,"featured_media":0,"parent":0,"menu_order":0,"comment_status":"closed","ping_status":"closed","template":"","meta":{"_monsterinsights_skip_tracking":false,"_monsterinsights_sitenote_active":false,"_monsterinsights_sitenote_note":"","_monsterinsights_sitenote_category":0,"footnotes":"","_links_to":"","_links_to_target":""},"class_list":["post-1745","page","type-page","status-publish","hentry"],"_links":{"self":[{"href":"https:\/\/sites.usp.br\/ppgmus\/wp-json\/wp\/v2\/pages\/1745","targetHints":{"allow":["GET"]}}],"collection":[{"href":"https:\/\/sites.usp.br\/ppgmus\/wp-json\/wp\/v2\/pages"}],"about":[{"href":"https:\/\/sites.usp.br\/ppgmus\/wp-json\/wp\/v2\/types\/page"}],"author":[{"embeddable":true,"href":"https:\/\/sites.usp.br\/ppgmus\/wp-json\/wp\/v2\/users\/828"}],"replies":[{"embeddable":true,"href":"https:\/\/sites.usp.br\/ppgmus\/wp-json\/wp\/v2\/comments?post=1745"}],"version-history":[{"count":4,"href":"https:\/\/sites.usp.br\/ppgmus\/wp-json\/wp\/v2\/pages\/1745\/revisions"}],"predecessor-version":[{"id":2505,"href":"https:\/\/sites.usp.br\/ppgmus\/wp-json\/wp\/v2\/pages\/1745\/revisions\/2505"}],"wp:attachment":[{"href":"https:\/\/sites.usp.br\/ppgmus\/wp-json\/wp\/v2\/media?parent=1745"}],"curies":[{"name":"wp","href":"https:\/\/api.w.org\/{rel}","templated":true}]}}