{"id":324,"date":"2016-08-04T10:40:15","date_gmt":"2016-08-04T13:40:15","guid":{"rendered":"http:\/\/sites.usp.br\/ppgmus\/?page_id=324"},"modified":"2016-08-04T15:47:34","modified_gmt":"2016-08-04T18:47:34","slug":"museu-paulista-usp","status":"publish","type":"page","link":"https:\/\/sites.usp.br\/ppgmus\/institucional\/museu-paulista-usp\/","title":{"rendered":"Museu Paulista &#8211; MP\/USP"},"content":{"rendered":"<div class=\"node\">\n<div class=\"content\">\n<p style=\"text-align: center\"><em>O Museu Paulista \u00e9 uma institui\u00e7\u00e3o cient\u00edfica, cultural e educacional com atua\u00e7\u00e3o no campo da Hist\u00f3ria e cujas atividades t\u00eam, como refer\u00eancia permanente, um acervo. O conjunto articulado dessas atividades \u00e9 a curadoria. Envolve a forma\u00e7\u00e3o e amplia\u00e7\u00e3o de cole\u00e7\u00f5es (por interm\u00e9dio de doa\u00e7\u00f5es, aquisi\u00e7\u00f5es ou coleta de campo), sua conserva\u00e7\u00e3o f\u00edsica, seu estudo e documenta\u00e7\u00e3o bem como a comunica\u00e7\u00e3o, seja do acervo, seja do conhecimento que ele permite gerar, atrav\u00e9s de exposi\u00e7\u00f5es, cursos, programas educativos e publica\u00e7\u00f5es.<\/em><\/p>\n<p style=\"text-align: center\"><em>Como \u00f3rg\u00e3o da Universidade de S\u00e3o Paulo, a ela integrado desde 1963, exerce pesquisa, ensino e extens\u00e3o. O Plano Diretor de 1990 definiu como \u00e1rea de especialidade institucional a Hist\u00f3ria da Cultura Material. Neste campo, instituiu tr\u00eas linhas de pesquisa: Cotidiano e Sociedade; Universo do Trabalho; Hist\u00f3ria do Imagin\u00e1rio, em fun\u00e7\u00e3o das quais t\u00eam sido ampliados e reorientados os acervos e as exposi\u00e7\u00f5es do Museu.<\/em><\/p>\n<p style=\"text-align: center\"><em><a href=\"http:\/\/www.mp.usp.br\">http:\/\/www.mp.usp.br<\/a><\/em><\/p>\n<p style=\"text-align: center\"><a href=\"https:\/\/sites.usp.br\/ppgmus\/wp-content\/uploads\/sites\/116\/2016\/08\/mp1.jpeg\"><img loading=\"lazy\" decoding=\"async\" class=\"alignnone  wp-image-349\" src=\"https:\/\/sites.usp.br\/ppgmus\/wp-content\/uploads\/sites\/116\/2016\/08\/mp1-300x199.jpeg\" alt=\"mp1\" width=\"405\" height=\"268\" \/><\/a><\/p>\n<p style=\"text-align: center\"><a href=\"https:\/\/sites.usp.br\/ppgmus\/wp-content\/uploads\/sites\/116\/2016\/08\/mp2.jpg\"><img loading=\"lazy\" decoding=\"async\" class=\"alignnone  wp-image-350\" src=\"https:\/\/sites.usp.br\/ppgmus\/wp-content\/uploads\/sites\/116\/2016\/08\/mp2-300x146.jpg\" alt=\"mp2\" width=\"407\" height=\"198\" srcset=\"https:\/\/sites.usp.br\/ppgmus\/wp-content\/uploads\/sites\/116\/2016\/08\/mp2-300x146.jpg 300w, https:\/\/sites.usp.br\/ppgmus\/wp-content\/uploads\/sites\/116\/2016\/08\/mp2-400x195.jpg 400w, https:\/\/sites.usp.br\/ppgmus\/wp-content\/uploads\/sites\/116\/2016\/08\/mp2.jpg 615w\" sizes=\"auto, (max-width: 407px) 100vw, 407px\" \/><\/a><\/p>\n<p style=\"text-align: center\">\n<\/div>\n<\/div>\n","protected":false},"excerpt":{"rendered":"<p>O Museu Paulista \u00e9 uma institui\u00e7\u00e3o cient\u00edfica, cultural e educacional com atua\u00e7\u00e3o no campo da [&hellip;]<\/p>\n","protected":false},"author":205,"featured_media":0,"parent":89,"menu_order":0,"comment_status":"closed","ping_status":"closed","template":"","meta":{"_monsterinsights_skip_tracking":false,"_monsterinsights_sitenote_active":false,"_monsterinsights_sitenote_note":"","_monsterinsights_sitenote_category":0,"footnotes":"","_links_to":"","_links_to_target":""},"class_list":["post-324","page","type-page","status-publish","hentry"],"_links":{"self":[{"href":"https:\/\/sites.usp.br\/ppgmus\/wp-json\/wp\/v2\/pages\/324","targetHints":{"allow":["GET"]}}],"collection":[{"href":"https:\/\/sites.usp.br\/ppgmus\/wp-json\/wp\/v2\/pages"}],"about":[{"href":"https:\/\/sites.usp.br\/ppgmus\/wp-json\/wp\/v2\/types\/page"}],"author":[{"embeddable":true,"href":"https:\/\/sites.usp.br\/ppgmus\/wp-json\/wp\/v2\/users\/205"}],"replies":[{"embeddable":true,"href":"https:\/\/sites.usp.br\/ppgmus\/wp-json\/wp\/v2\/comments?post=324"}],"version-history":[{"count":6,"href":"https:\/\/sites.usp.br\/ppgmus\/wp-json\/wp\/v2\/pages\/324\/revisions"}],"predecessor-version":[{"id":370,"href":"https:\/\/sites.usp.br\/ppgmus\/wp-json\/wp\/v2\/pages\/324\/revisions\/370"}],"up":[{"embeddable":true,"href":"https:\/\/sites.usp.br\/ppgmus\/wp-json\/wp\/v2\/pages\/89"}],"wp:attachment":[{"href":"https:\/\/sites.usp.br\/ppgmus\/wp-json\/wp\/v2\/media?parent=324"}],"curies":[{"name":"wp","href":"https:\/\/api.w.org\/{rel}","templated":true}]}}