{"id":375,"date":"2016-08-04T16:03:40","date_gmt":"2016-08-04T19:03:40","guid":{"rendered":"http:\/\/sites.usp.br\/ppgmus\/?page_id=375"},"modified":"2020-06-08T19:26:53","modified_gmt":"2020-06-08T22:26:53","slug":"alunos","status":"publish","type":"page","link":"https:\/\/sites.usp.br\/ppgmus\/alunos\/","title":{"rendered":"Alunos"},"content":{"rendered":"<p style=\"text-align: center;\"><strong><em>Diretrizes USP para disserta\u00e7\u00f5es e teses:<\/em><\/strong><\/p>\n<p style=\"text-align: center;\"><a href=\"http:\/\/www.teses.usp.br\/index.php?option=com_content&amp;view=article&amp;id=52&amp;Itemid=67\">Diretrizes para confec\u00e7\u00e3o de disserta\u00e7\u00f5es e teses da USP<\/a><\/p>\n<p style=\"text-align: center;\">___<\/p>\n<p style=\"text-align: center;\"><em><strong>Ficha Catalogr\u00e1fica (obrigat\u00f3ria para todas as disserta\u00e7\u00f5es e teses):<\/strong><\/em><\/p>\n<p style=\"text-align: center;\">Ficha Catalogr\u00e1fica dispon\u00edvel em:<\/p>\n<p style=\"text-align: center;\">http:\/\/fichacatalografica.rf.gd\/ficha\/src\/ficha.php?i=1<\/p>\n<p style=\"text-align: center;\">___<\/p>\n<p style=\"text-align: center;\"><strong><em>Orienta\u00e7\u00f5es Disserta\u00e7\u00f5es PPGMus:<\/em><\/strong><\/p>\n<p style=\"text-align: center;\"><a href=\"\/\/sites.usp.br\/ppgmus\/wp-content\/uploads\/sites\/116\/2016\/08\/Orienta%C3%A7%C3%B5es-Disserta%C3%A7%C3%B5es-PPGMus.pdf\">Orienta\u00e7\u00f5es Disserta\u00e7\u00f5es PPGMus<\/a><\/p>\n<p style=\"text-align: center;\">_______________________________________________________________________________<\/p>\n","protected":false},"excerpt":{"rendered":"<p>Diretrizes USP para disserta\u00e7\u00f5es e teses: Diretrizes para confec\u00e7\u00e3o de disserta\u00e7\u00f5es e teses da USP [&hellip;]<\/p>\n","protected":false},"author":205,"featured_media":0,"parent":0,"menu_order":0,"comment_status":"closed","ping_status":"closed","template":"","meta":{"_monsterinsights_skip_tracking":false,"_monsterinsights_sitenote_active":false,"_monsterinsights_sitenote_note":"","_monsterinsights_sitenote_category":0,"footnotes":"","_links_to":"","_links_to_target":""},"class_list":["post-375","page","type-page","status-publish","hentry"],"_links":{"self":[{"href":"https:\/\/sites.usp.br\/ppgmus\/wp-json\/wp\/v2\/pages\/375","targetHints":{"allow":["GET"]}}],"collection":[{"href":"https:\/\/sites.usp.br\/ppgmus\/wp-json\/wp\/v2\/pages"}],"about":[{"href":"https:\/\/sites.usp.br\/ppgmus\/wp-json\/wp\/v2\/types\/page"}],"author":[{"embeddable":true,"href":"https:\/\/sites.usp.br\/ppgmus\/wp-json\/wp\/v2\/users\/205"}],"replies":[{"embeddable":true,"href":"https:\/\/sites.usp.br\/ppgmus\/wp-json\/wp\/v2\/comments?post=375"}],"version-history":[{"count":5,"href":"https:\/\/sites.usp.br\/ppgmus\/wp-json\/wp\/v2\/pages\/375\/revisions"}],"predecessor-version":[{"id":1020,"href":"https:\/\/sites.usp.br\/ppgmus\/wp-json\/wp\/v2\/pages\/375\/revisions\/1020"}],"wp:attachment":[{"href":"https:\/\/sites.usp.br\/ppgmus\/wp-json\/wp\/v2\/media?parent=375"}],"curies":[{"name":"wp","href":"https:\/\/api.w.org\/{rel}","templated":true}]}}