{"id":390,"date":"2016-08-04T16:23:06","date_gmt":"2016-08-04T19:23:06","guid":{"rendered":"http:\/\/sites.usp.br\/ppgmus\/?page_id=390"},"modified":"2023-11-09T08:52:38","modified_gmt":"2023-11-09T11:52:38","slug":"orientacoes-dissertacao","status":"publish","type":"page","link":"https:\/\/sites.usp.br\/ppgmus\/alunos\/orientacoes-dissertacao\/","title":{"rendered":"Orienta\u00e7\u00f5es &#8211; Disserta\u00e7\u00e3o"},"content":{"rendered":"<p style=\"text-align: center;\"><span style=\"color: #000000;\"><strong><em>Diretrizes USP para disserta\u00e7\u00f5es e teses:<\/em><\/strong><\/span><\/p>\n<p style=\"text-align: center;\"><span style=\"color: #0000ff;\"><a style=\"color: #0000ff;\" href=\"http:\/\/www.teses.usp.br\/index.php?option=com_content&amp;view=article&amp;id=52&amp;Itemid=67\">Diretrizes para confec\u00e7\u00e3o de disserta\u00e7\u00f5es e teses da USP<\/a><\/span><\/p>\n<p>&nbsp;<\/p>\n<p style=\"text-align: center;\"><span style=\"color: #000000;\"><em><strong>Ficha Catalogr\u00e1fica (obrigat\u00f3ria para todas as disserta\u00e7\u00f5es e teses):<\/strong><\/em><\/span><\/p>\n<p style=\"text-align: center;\"><span style=\"color: #000000;\">Dispon\u00edvel em:<a href=\"https:\/\/sbd.mae.usp.br\/ficha.php\"> https:\/\/sbd.mae.usp.br\/ficha.php<\/a><\/span><\/p>\n<p>&nbsp;<\/p>\n<p style=\"text-align: center;\"><span style=\"color: #000000;\"><strong><em>Informa\u00e7\u00f5es sobre confec\u00e7\u00e3o de disserta\u00e7\u00e3o PPGMus:<\/em><\/strong><\/span><\/p>\n<p style=\"text-align: center;\"><span style=\"color: #0000ff;\"><a style=\"color: #0000ff;\" href=\"\/\/sites.usp.br\/ppgmus\/wp-content\/uploads\/sites\/116\/2016\/08\/Orienta\u00e7\u00f5es-Disserta\u00e7\u00f5es-PPGMus.pdf\">Orienta\u00e7\u00f5es Disserta\u00e7\u00f5es PPGMus<\/a><\/span><\/p>\n","protected":false},"excerpt":{"rendered":"<p>Diretrizes USP para disserta\u00e7\u00f5es e teses: Diretrizes para confec\u00e7\u00e3o de disserta\u00e7\u00f5es e teses da USP [&hellip;]<\/p>\n","protected":false},"author":205,"featured_media":0,"parent":375,"menu_order":0,"comment_status":"closed","ping_status":"closed","template":"","meta":{"_monsterinsights_skip_tracking":false,"_monsterinsights_sitenote_active":false,"_monsterinsights_sitenote_note":"","_monsterinsights_sitenote_category":0,"footnotes":"","_links_to":"","_links_to_target":""},"class_list":["post-390","page","type-page","status-publish","hentry"],"_links":{"self":[{"href":"https:\/\/sites.usp.br\/ppgmus\/wp-json\/wp\/v2\/pages\/390","targetHints":{"allow":["GET"]}}],"collection":[{"href":"https:\/\/sites.usp.br\/ppgmus\/wp-json\/wp\/v2\/pages"}],"about":[{"href":"https:\/\/sites.usp.br\/ppgmus\/wp-json\/wp\/v2\/types\/page"}],"author":[{"embeddable":true,"href":"https:\/\/sites.usp.br\/ppgmus\/wp-json\/wp\/v2\/users\/205"}],"replies":[{"embeddable":true,"href":"https:\/\/sites.usp.br\/ppgmus\/wp-json\/wp\/v2\/comments?post=390"}],"version-history":[{"count":4,"href":"https:\/\/sites.usp.br\/ppgmus\/wp-json\/wp\/v2\/pages\/390\/revisions"}],"predecessor-version":[{"id":2090,"href":"https:\/\/sites.usp.br\/ppgmus\/wp-json\/wp\/v2\/pages\/390\/revisions\/2090"}],"up":[{"embeddable":true,"href":"https:\/\/sites.usp.br\/ppgmus\/wp-json\/wp\/v2\/pages\/375"}],"wp:attachment":[{"href":"https:\/\/sites.usp.br\/ppgmus\/wp-json\/wp\/v2\/media?parent=390"}],"curies":[{"name":"wp","href":"https:\/\/api.w.org\/{rel}","templated":true}]}}