{"id":442,"date":"2016-08-05T12:02:07","date_gmt":"2016-08-05T15:02:07","guid":{"rendered":"http:\/\/sites.usp.br\/ppgmus\/?page_id=442"},"modified":"2022-03-08T22:17:06","modified_gmt":"2022-03-09T01:17:06","slug":"disciplinas","status":"publish","type":"page","link":"https:\/\/sites.usp.br\/ppgmus\/disciplinas\/","title":{"rendered":"Disciplinas"},"content":{"rendered":"<h2 style=\"text-align: center;\"><strong>Disciplinas Credenciadas Ativas<\/strong><\/h2>\n<p><a href=\"https:\/\/uspdigital.usp.br\/janus\/componente\/catalogoDisciplinasInicial.jsf?action=3&amp;sgldis=EHA5727\">EHA5727 &#8211; Espa\u00e7os da Arte: Hist\u00f3ria das Exposi\u00e7\u00f5es e Arquitetura de Museus<\/a><\/p>\n<p><a href=\"https:\/\/uspdigital.usp.br\/janus\/componente\/catalogoDisciplinasInicial.jsf?action=3&amp;sgldis=IMU5001\">IMU5001 &#8211; Planejamento Museol\u00f3gico: da Museologia Tradicional \u00e0 Sociomuseologia<\/a><\/p>\n<p><a href=\"https:\/\/uspdigital.usp.br\/janus\/componente\/catalogoDisciplinasInicial.jsf?action=3&amp;sgldis=IMU5002\">IMU5002 &#8211; Educa\u00e7\u00e3o em Museus: Aspectos Te\u00f3ricos e Metodol\u00f3gicos<\/a><\/p>\n<p><a href=\"https:\/\/uspdigital.usp.br\/janus\/componente\/catalogoDisciplinasInicial.jsf?action=3&amp;sgldis=IMU5006\">IMU5006 &#8211; Museus de Hist\u00f3ria Natural: Origens, Hist\u00f3rico e Fun\u00e7\u00f5es<\/a><\/p>\n<p><a href=\"https:\/\/uspdigital.usp.br\/janus\/componente\/catalogoDisciplinasInicial.jsf?action=3&amp;sgldis=IMU5007\">IMU5007 &#8211; Cole\u00e7\u00f5es, Patrim\u00f4nio e Museus de Arte<\/a><\/p>\n<p><a href=\"https:\/\/uspdigital.usp.br\/janus\/componente\/catalogoDisciplinasInicial.jsf?action=3&amp;sgldis=IMU5009\">IMU5009 &#8211; Museus de Hist\u00f3ria: Espa\u00e7os de Reflex\u00e3o sobre a Escrita da Hist\u00f3ria, o Of\u00edcio do Historiador e a Mem\u00f3ria Hist\u00f3rica<\/a><\/p>\n<p><a href=\"https:\/\/uspdigital.usp.br\/janus\/componente\/catalogoDisciplinasInicial.jsf?action=3&amp;sgldis=IMU5010\">IMU5010 &#8211; Museologia: Princ\u00edpios Te\u00f3rico-Metodol\u00f3gicos<\/a><\/p>\n<p><a href=\"https:\/\/uspdigital.usp.br\/janus\/componente\/catalogoDisciplinasInicial.jsf?action=3&amp;sgldis=IMU5011\">IMU5011 &#8211; Hist\u00f3ria dos Museus e da Museologia<\/a><\/p>\n<p><a href=\"https:\/\/uspdigital.usp.br\/janus\/componente\/catalogoDisciplinasInicial.jsf?action=3&amp;sgldis=IMU5012\">IMU5012 &#8211; Museus de Hist\u00f3ria no Ocidente: Trajet\u00f3rias, Tipologias, Desafios Contempor\u00e2neos<\/a><\/p>\n<p><a href=\"https:\/\/uspdigital.usp.br\/janus\/componente\/catalogoDisciplinasInicial.jsf?action=3&amp;sgldis=IMU5014\">IMU5014 &#8211; Hist\u00f3ria dos Processos Museol\u00f3gicos, Cole\u00e7\u00f5es e Acervos<\/a><\/p>\n<p><a href=\"https:\/\/uspdigital.usp.br\/janus\/componente\/catalogoDisciplinasInicial.jsf?action=3&amp;sgldis=IMU5016\">IMU5016 &#8211; F\u00edsica Aplicada ao Estudo de Objetos do Patrim\u00f4nio Cultural: M\u00e9todos e T\u00e9cnicas<\/a><\/p>\n<p><a href=\"https:\/\/uspdigital.usp.br\/janus\/componente\/catalogoDisciplinasInicial.jsf?action=3&amp;sgldis=IMU5017\">IMU5017 &#8211; Os Museus e os Estudos Sociais das Ci\u00eancias e Tecnologias<\/a><\/p>\n<p><a href=\"https:\/\/uspdigital.usp.br\/janus\/componente\/catalogoDisciplinasInicial.jsf?action=3&amp;sgldis=IMU5019\">IMU5019 &#8211; Patrim\u00f4nio Material: Composi\u00e7\u00e3o e Reatividade<\/a><\/p>\n<p><a href=\"https:\/\/uspdigital.usp.br\/janus\/componente\/catalogoDisciplinasInicial.jsf?action=3&amp;sgldis=IMU5020\">IMU5020 &#8211; Pr\u00e1ticas Curatoriais de Acervos Ind\u00edgenas<\/a><\/p>\n<p><a href=\"https:\/\/uspdigital.usp.br\/janus\/componente\/catalogoDisciplinasInicial.jsf?action=3&amp;sgldis=IMU5023\">IMU5023 &#8211; Mem\u00f3ria e Identidade na Am\u00e9rica Latina: o Papel dos Museus<\/a><\/p>\n<p><a href=\"https:\/\/uspdigital.usp.br\/janus\/componente\/catalogoDisciplinasInicial.jsf?action=3&amp;sgldis=IMU5025\">IMU5025 &#8211; Pesquisa em Arte: Conhecimento e Visualidade<\/a><\/p>\n<p><a href=\"https:\/\/uspdigital.usp.br\/janus\/componente\/catalogoDisciplinasInicial.jsf?action=3&amp;sgldis=IMU5028\">IMU5028 &#8211; A Fotografia nos Museus: Usos e Fun\u00e7\u00f5es<\/a><\/p>\n<p><a href=\"https:\/\/uspdigital.usp.br\/janus\/componente\/catalogoDisciplinasInicial.jsf?action=3&amp;sgldis=IMU5029\">IMU5029 &#8211; Planos de Seguran\u00e7a e Emerg\u00eancia como Estrat\u00e9gias de Conserva\u00e7\u00e3o Preventiva<\/a><\/p>\n<p><a href=\"https:\/\/uspdigital.usp.br\/janus\/componente\/catalogoDisciplinasInicial.jsf?action=3&amp;sgldis=IMU5034\">IMU5034 &#8211; Museologia Social, Participa\u00e7\u00e3o e Processos Colaborativos em Museus<\/a><\/p>\n<h2 style=\"text-align: center;\"><strong>Disciplinas Obrigat\u00f3rias<\/strong><\/h2>\n<p><a href=\"https:\/\/uspdigital.usp.br\/janus\/componente\/catalogoDisciplinasInicial.jsf?action=3&amp;sgldis=IMU5010\">IMU5010 &#8211; Museologia: Princ\u00edpios Te\u00f3rico-Metodol\u00f3gicos<\/a><\/p>\n<p><a href=\"https:\/\/uspdigital.usp.br\/janus\/componente\/catalogoDisciplinasInicial.jsf?action=3&amp;sgldis=IMU5014\">IMU5014 &#8211; Hist\u00f3ria dos Processos Museol\u00f3gicos, Cole\u00e7\u00f5es e Acervos<\/a><\/p>\n","protected":false},"excerpt":{"rendered":"<p>Disciplinas Credenciadas Ativas EHA5727 &#8211; Espa\u00e7os da Arte: Hist\u00f3ria das Exposi\u00e7\u00f5es e Arquitetura de Museus [&hellip;]<\/p>\n","protected":false},"author":205,"featured_media":0,"parent":0,"menu_order":0,"comment_status":"closed","ping_status":"closed","template":"","meta":{"_monsterinsights_skip_tracking":false,"_monsterinsights_sitenote_active":false,"_monsterinsights_sitenote_note":"","_monsterinsights_sitenote_category":0,"footnotes":"","_links_to":"","_links_to_target":""},"class_list":["post-442","page","type-page","status-publish","hentry"],"_links":{"self":[{"href":"https:\/\/sites.usp.br\/ppgmus\/wp-json\/wp\/v2\/pages\/442","targetHints":{"allow":["GET"]}}],"collection":[{"href":"https:\/\/sites.usp.br\/ppgmus\/wp-json\/wp\/v2\/pages"}],"about":[{"href":"https:\/\/sites.usp.br\/ppgmus\/wp-json\/wp\/v2\/types\/page"}],"author":[{"embeddable":true,"href":"https:\/\/sites.usp.br\/ppgmus\/wp-json\/wp\/v2\/users\/205"}],"replies":[{"embeddable":true,"href":"https:\/\/sites.usp.br\/ppgmus\/wp-json\/wp\/v2\/comments?post=442"}],"version-history":[{"count":6,"href":"https:\/\/sites.usp.br\/ppgmus\/wp-json\/wp\/v2\/pages\/442\/revisions"}],"predecessor-version":[{"id":1631,"href":"https:\/\/sites.usp.br\/ppgmus\/wp-json\/wp\/v2\/pages\/442\/revisions\/1631"}],"wp:attachment":[{"href":"https:\/\/sites.usp.br\/ppgmus\/wp-json\/wp\/v2\/media?parent=442"}],"curies":[{"name":"wp","href":"https:\/\/api.w.org\/{rel}","templated":true}]}}