{"id":611,"date":"2017-10-18T11:09:37","date_gmt":"2017-10-18T13:09:37","guid":{"rendered":"http:\/\/sites.usp.br\/ppgmus\/?page_id=611"},"modified":"2017-10-18T11:11:55","modified_gmt":"2017-10-18T13:11:55","slug":"alumni-usp","status":"publish","type":"page","link":"https:\/\/sites.usp.br\/ppgmus\/alumni-usp\/","title":{"rendered":"Alumni USP"},"content":{"rendered":"<div class=\"sow-features-feature \">\n<div class=\"textwidget\">\n<h5><a href=\"http:\/\/www.alumni.usp.br\/\"><img loading=\"lazy\" decoding=\"async\" class=\"alignnone wp-image-612\" src=\"https:\/\/sites.usp.br\/ppgmus\/wp-content\/uploads\/sites\/116\/2017\/10\/alumni_marcador-1024x618-1024x618-300x181.jpg\" alt=\"\" width=\"471\" height=\"284\" srcset=\"https:\/\/sites.usp.br\/ppgmus\/wp-content\/uploads\/sites\/116\/2017\/10\/alumni_marcador-1024x618-1024x618-300x181.jpg 300w, https:\/\/sites.usp.br\/ppgmus\/wp-content\/uploads\/sites\/116\/2017\/10\/alumni_marcador-1024x618-1024x618-768x464.jpg 768w, https:\/\/sites.usp.br\/ppgmus\/wp-content\/uploads\/sites\/116\/2017\/10\/alumni_marcador-1024x618-1024x618.jpg 1024w, https:\/\/sites.usp.br\/ppgmus\/wp-content\/uploads\/sites\/116\/2017\/10\/alumni_marcador-1024x618-1024x618-400x241.jpg 400w\" sizes=\"auto, (max-width: 471px) 100vw, 471px\" \/><\/a><\/h5>\n<h5>Contatos<\/h5>\n<p>O Alumni possibilita o contato com milhares de ex-alunos da USP. \u00c9 a chance perfeita para encontrar parcerias profissionais ou acad\u00eamicas para sua carreira.<\/p>\n<\/div>\n<\/div>\n<div class=\"sow-features-feature \">\n<div class=\"textwidget\">\n<h5>Colegas<\/h5>\n<p>Voc\u00ea pode pesquisar todos os ex-alunos formados pela USP. Com isso, \u00e9 poss\u00edvel encontrar e comunicar-se com seus antigos colegas de faculdade com facilidade.<\/p>\n<\/div>\n<\/div>\n<div class=\"sow-features-feature \">\n<div class=\"textwidget\">\n<h5>Oportunidades Profissionais<\/h5>\n<p>O balc\u00e3o de oportunidades possibilitar\u00e1 an\u00fancios e procura por vagas de emprego, disponibilizadas pelos pr\u00f3prios ex-alunos dentro da plataforma.<\/p>\n<\/div>\n<\/div>\n<div class=\"sow-features-feature \">\n<div class=\"textwidget\">\n<h5>Mentoria<\/h5>\n<p>Mentores e mentorados ser\u00e3o aproximados de acordo com o perfil e interesses de cada um para compartilhar experi\u00eancias acad\u00eamicas e profissionais.<\/p>\n<\/div>\n<\/div>\n<div class=\"sow-features-feature \">\n<div class=\"textwidget\">\n<h5>E-mail<\/h5>\n<p>Todos os usu\u00e1rios cadastrados na plataforma t\u00eam direito a utilizar um endere\u00e7o de e-mail personalizado @alumni.usp.br<\/p>\n<\/div>\n<\/div>\n<div class=\"sow-features-feature \">\n<div class=\"textwidget\">\n<h5>Acervo Online<\/h5>\n<p>Tenha acesso ao acervo digital da USP do Sistema Integrado de Bibliotecas da faculdade, incluindo os conte\u00fados disponibilizados no Portal Capes.<\/p>\n<\/div>\n<\/div>\n<div class=\"sow-features-feature sow-features-feature-last-row\">\n<div class=\"textwidget\">\n<h5>Localiza\u00e7\u00e3o<\/h5>\n<p>Encontre outros ex-alunos da USP pr\u00f3ximos a voc\u00ea com a ferramenta de localiza\u00e7\u00e3o. Perfeita para se usar durante viagens e congressos pelo mundo.<\/p>\n<\/div>\n<\/div>\n<div class=\"sow-features-feature sow-features-feature-last-row\">\n<div class=\"textwidget\">\n<h5>Diploma Virtual<\/h5>\n<p>Se voc\u00ea \u00e9 formado na gradua\u00e7\u00e3o a partir de 2013 ou na p\u00f3s gradua\u00e7\u00e3o a partir de 2014, poder\u00e1 baixar seu Diploma Virtual Certificado<\/p>\n<\/div>\n<\/div>\n<div class=\"sow-features-feature sow-features-feature-last-row\">\n<div class=\"textwidget\">\n<h5>G-Suite<\/h5>\n<p>A USP desenvolveu uma parceria com a Google para que alunos, docentes, servidores e ex-alunos tenham acesso aos recursos da plataforma G Suite for Education.<\/p>\n<p>Para acessar a plataforma acesse o link: <strong><a href=\"http:\/\/www.alumni.usp.br\/\" target=\"_blank\" rel=\"noopener noreferrer\">http:\/\/www.alumni.usp.br\/<\/a><\/strong><\/p>\n<\/div>\n<\/div>\n","protected":false},"excerpt":{"rendered":"<p>Contatos O Alumni possibilita o contato com milhares de ex-alunos da USP. \u00c9 a chance [&hellip;]<\/p>\n","protected":false},"author":362,"featured_media":612,"parent":0,"menu_order":0,"comment_status":"closed","ping_status":"closed","template":"","meta":{"_monsterinsights_skip_tracking":false,"_monsterinsights_sitenote_active":false,"_monsterinsights_sitenote_note":"","_monsterinsights_sitenote_category":0,"footnotes":"","_links_to":"","_links_to_target":""},"class_list":["post-611","page","type-page","status-publish","has-post-thumbnail","hentry"],"_links":{"self":[{"href":"https:\/\/sites.usp.br\/ppgmus\/wp-json\/wp\/v2\/pages\/611","targetHints":{"allow":["GET"]}}],"collection":[{"href":"https:\/\/sites.usp.br\/ppgmus\/wp-json\/wp\/v2\/pages"}],"about":[{"href":"https:\/\/sites.usp.br\/ppgmus\/wp-json\/wp\/v2\/types\/page"}],"author":[{"embeddable":true,"href":"https:\/\/sites.usp.br\/ppgmus\/wp-json\/wp\/v2\/users\/362"}],"replies":[{"embeddable":true,"href":"https:\/\/sites.usp.br\/ppgmus\/wp-json\/wp\/v2\/comments?post=611"}],"version-history":[{"count":3,"href":"https:\/\/sites.usp.br\/ppgmus\/wp-json\/wp\/v2\/pages\/611\/revisions"}],"predecessor-version":[{"id":617,"href":"https:\/\/sites.usp.br\/ppgmus\/wp-json\/wp\/v2\/pages\/611\/revisions\/617"}],"wp:featuredmedia":[{"embeddable":true,"href":"https:\/\/sites.usp.br\/ppgmus\/wp-json\/wp\/v2\/media\/612"}],"wp:attachment":[{"href":"https:\/\/sites.usp.br\/ppgmus\/wp-json\/wp\/v2\/media?parent=611"}],"curies":[{"name":"wp","href":"https:\/\/api.w.org\/{rel}","templated":true}]}}