{"id":653,"date":"2018-03-19T17:24:07","date_gmt":"2018-03-19T20:24:07","guid":{"rendered":"http:\/\/sites.usp.br\/ppgmus\/?page_id=653"},"modified":"2024-12-13T15:18:56","modified_gmt":"2024-12-13T18:18:56","slug":"formularios","status":"publish","type":"page","link":"https:\/\/sites.usp.br\/ppgmus\/formularios\/","title":{"rendered":"Formul\u00e1rios"},"content":{"rendered":"<h3><strong>Clique sobre o \u00edcone para acessar o documento desejado:<\/strong><\/h3>\n<p>&nbsp;<\/p>\n<h3 style=\"text-align: center;\">Processo Seletivo:<\/h3>\n<p>\u21d2 \u00a0 <a href=\"https:\/\/sites.usp.br\/ppgmus\/wp-content\/uploads\/sites\/116\/2020\/09\/formulario-processo-seletivo-1-OK.pdf\">Formul\u00e1rio de inscri\u00e7\u00e3o processo seletivo<\/a><\/p>\n<p>\u21d2 \u00a0 <a href=\"https:\/\/sites.usp.br\/ppgmus\/wp-content\/uploads\/sites\/116\/2024\/12\/Formulario-de-matricula-PPGMus.docx\">Formul\u00e1rio de matr\u00edcula<\/a><\/p>\n<hr \/>\n<h3><\/h3>\n<h3 style=\"text-align: center;\">Dep\u00f3sito para Qualifica\u00e7\u00e3o:<\/h3>\n<p>\u21d2 \u00a0\u00a0<a href=\"https:\/\/sites.usp.br\/ppgmus\/wp-content\/uploads\/sites\/116\/2020\/09\/Sugest.-de-Banca-Quali-ME-PPGMus.doc\" target=\"_blank\" rel=\"noopener noreferrer\">Sugest\u00e3o de Banca Qualifica\u00e7\u00e3o\u00a0<\/a><\/p>\n<p>\u21d2 \u00a0\u00a0<a href=\"https:\/\/sites.usp.br\/ppgmus\/wp-content\/uploads\/sites\/116\/2022\/01\/Guia-de-Encam.-de-Qualif.-PPGMus.doc\">Guia de Encaminhamento de Qualifica\u00e7\u00e3o<\/a><\/p>\n<hr \/>\n<h3><\/h3>\n<h3 style=\"text-align: center;\">Dep\u00f3sito de Disserta\u00e7\u00e3o e Tese:<\/h3>\n<p>\u21d2 \u00a0\u00a0<a href=\"https:\/\/sites.usp.br\/ppgmus\/wp-content\/uploads\/sites\/116\/2018\/03\/Guia-de-Encam.-de-DISSERTA\u00c7\u00c3O-PPGMus-1.doc\" target=\"_blank\" rel=\"noopener noreferrer\">Guia de Encaminhamento de Disserta\u00e7\u00e3o<\/a><\/p>\n<p>\u21d2 \u00a0\u00a0<a href=\"https:\/\/sites.usp.br\/ppgmus\/wp-content\/uploads\/sites\/116\/2018\/03\/Sugest.-de-Banca-ME-PPGMus.doc\" target=\"_blank\" rel=\"noopener noreferrer\">Sugest\u00e3o de Banca &#8211; Mestrado<\/a><\/p>\n<p>\u21d2 \u00a0\u00a0<a href=\"https:\/\/sites.usp.br\/ppgmus\/wp-content\/uploads\/sites\/116\/2022\/04\/Formulario-sugestao-de-banca-2022-Normas-novas-ATUALIZADO.pdf\">Sugest\u00e3o de Banca &#8211; Mestrado<\/a> <strong><em>(Nova Norma &#8211; Ingressantes a partir de 2022 \/ Alunos que optaram por Novo Regimento)<\/em><\/strong><\/p>\n<p>\u21d2 \u00a0\u00a0<a href=\"https:\/\/sites.usp.br\/ppgmus\/wp-content\/uploads\/sites\/116\/2018\/03\/Cadastro-Participante-de-Banca-ME-PPGMus.doc\" target=\"_blank\" rel=\"noopener noreferrer\">Cadastro Participante de Banca &#8211; Mestrado<\/a><\/p>\n<p>\u21d2 \u00a0\u00a0<a href=\"https:\/\/sites.usp.br\/ppgmus\/wp-content\/uploads\/sites\/116\/2018\/03\/Formul\u00e1rio-de-Autorizacao-Tese-Digital.pdf\" target=\"_blank\" rel=\"noopener noreferrer\">Formul\u00e1rio de Autorizacao &#8211; Disserta\u00e7\u00e3o Digital<\/a><\/p>\n<p>\u21d2 \u00a0\u00a0<a href=\"https:\/\/sites.usp.br\/ppgmus\/wp-content\/uploads\/sites\/116\/2018\/03\/Formul\u00e1rio-de-Dados-Tese-Digital.pdf\" target=\"_blank\" rel=\"noopener noreferrer\">Formul\u00e1rio de Dados &#8211; Disserta\u00e7\u00e3o Digital<\/a><\/p>\n<hr \/>\n<h3><\/h3>\n<h3 style=\"text-align: center;\">Transfer\u00eancia de orienta\u00e7\u00e3o:<\/h3>\n<p>\u21d2 \u00a0\u00a0<a href=\"https:\/\/sites.usp.br\/ppgmus\/wp-content\/uploads\/sites\/116\/2020\/09\/Transferencia-de-orienta\u00e7\u00e3o-PPGMus.doc\">Formul\u00e1rio de transfer\u00eancia de orienta\u00e7\u00e3o<\/a><\/p>\n<hr \/>\n<p>&nbsp;<\/p>\n<p>&nbsp;<\/p>\n<p>&nbsp;<\/p>\n<p>&nbsp;<\/p>\n","protected":false},"excerpt":{"rendered":"<p>Clique sobre o \u00edcone para acessar o documento desejado: &nbsp; Processo Seletivo: \u21d2 \u00a0 Formul\u00e1rio [&hellip;]<\/p>\n","protected":false},"author":362,"featured_media":0,"parent":0,"menu_order":0,"comment_status":"closed","ping_status":"closed","template":"","meta":{"_monsterinsights_skip_tracking":false,"_monsterinsights_sitenote_active":false,"_monsterinsights_sitenote_note":"","_monsterinsights_sitenote_category":0,"footnotes":"","_links_to":"","_links_to_target":""},"class_list":["post-653","page","type-page","status-publish","hentry"],"_links":{"self":[{"href":"https:\/\/sites.usp.br\/ppgmus\/wp-json\/wp\/v2\/pages\/653","targetHints":{"allow":["GET"]}}],"collection":[{"href":"https:\/\/sites.usp.br\/ppgmus\/wp-json\/wp\/v2\/pages"}],"about":[{"href":"https:\/\/sites.usp.br\/ppgmus\/wp-json\/wp\/v2\/types\/page"}],"author":[{"embeddable":true,"href":"https:\/\/sites.usp.br\/ppgmus\/wp-json\/wp\/v2\/users\/362"}],"replies":[{"embeddable":true,"href":"https:\/\/sites.usp.br\/ppgmus\/wp-json\/wp\/v2\/comments?post=653"}],"version-history":[{"count":5,"href":"https:\/\/sites.usp.br\/ppgmus\/wp-json\/wp\/v2\/pages\/653\/revisions"}],"predecessor-version":[{"id":2323,"href":"https:\/\/sites.usp.br\/ppgmus\/wp-json\/wp\/v2\/pages\/653\/revisions\/2323"}],"wp:attachment":[{"href":"https:\/\/sites.usp.br\/ppgmus\/wp-json\/wp\/v2\/media?parent=653"}],"curies":[{"name":"wp","href":"https:\/\/api.w.org\/{rel}","templated":true}]}}