{"id":672,"date":"2018-04-27T08:56:13","date_gmt":"2018-04-27T11:56:13","guid":{"rendered":"http:\/\/sites.usp.br\/ppgmus\/?page_id=672"},"modified":"2025-09-26T15:50:45","modified_gmt":"2025-09-26T18:50:45","slug":"resultados","status":"publish","type":"page","link":"https:\/\/sites.usp.br\/ppgmus\/resultados\/","title":{"rendered":"Editais &#8211; PPGMus"},"content":{"rendered":"<h3 style=\"text-align: center;\"><strong>Edital para Elei\u00e7\u00e3o da Presid\u00eancia do <span class=\"tit-usp font-noto\">PPGMus<\/span><\/strong><\/h3>\n<p>&nbsp;<\/p>\n<ul>\n<li>19\/12\/2023 &#8211; Publica\u00e7\u00e3o do resultado oficial &#8211; <a href=\"https:\/\/sites.usp.br\/ppgmus\/wp-content\/uploads\/sites\/116\/2023\/12\/Resultado-Final-Edital-para-Eleicao-da-Presidencia-e-Vice-presidencia-do-PPGMus2023-Documentos-Google.pdf\">PDF<\/a><\/li>\n<\/ul>\n<p>&nbsp;<\/p>\n<ul>\n<li>13\/12\/2023 &#8211; Resultado final das chapas &#8211; <a href=\"https:\/\/sites.usp.br\/ppgmus\/wp-content\/uploads\/sites\/116\/2023\/12\/Chapas-Final-Edital-para-Eleicao-da-Presidencia-e-Vice-presidencia-do-PPGMus2023-Documentos-Google.pdf\">PDF<\/a><\/li>\n<\/ul>\n<p>&nbsp;<\/p>\n<ul>\n<li>28\/11\/2023 &#8211; Divulga\u00e7\u00e3o das chapas inscritas &#8211; <a href=\"https:\/\/sites.usp.br\/ppgmus\/wp-content\/uploads\/sites\/116\/2023\/11\/Chapas-Edital-para-Eleicao-da-Presidencia-e-Vice-presidencia-do-PPGMus2023-Documentos-Google.pdf\">PDF<\/a><\/li>\n<\/ul>\n<p>&nbsp;<\/p>\n<ul>\n<li>16\/11\/2023 &#8211; Portaria <strong>CPG-IMU 01 <\/strong>&#8211; <a href=\"https:\/\/sites.usp.br\/ppgmus\/wp-content\/uploads\/sites\/116\/2023\/11\/Eleicoes-Presidentes-e-Vices-CPG-Mus-2023-Final.pdf\">PDF<\/a><\/li>\n<\/ul>\n<h3 style=\"tab-stops: 425.2pt; margin: 0cm -35.5pt .0001pt -35.45pt;\"><\/h3>\n","protected":false},"excerpt":{"rendered":"<p>Edital para Elei\u00e7\u00e3o da Presid\u00eancia do PPGMus &nbsp; 19\/12\/2023 &#8211; Publica\u00e7\u00e3o do resultado oficial &#8211; [&hellip;]<\/p>\n","protected":false},"author":205,"featured_media":0,"parent":0,"menu_order":0,"comment_status":"closed","ping_status":"closed","template":"","meta":{"_monsterinsights_skip_tracking":false,"_monsterinsights_sitenote_active":false,"_monsterinsights_sitenote_note":"","_monsterinsights_sitenote_category":0,"footnotes":"","_links_to":"","_links_to_target":""},"class_list":["post-672","page","type-page","status-publish","hentry"],"_links":{"self":[{"href":"https:\/\/sites.usp.br\/ppgmus\/wp-json\/wp\/v2\/pages\/672","targetHints":{"allow":["GET"]}}],"collection":[{"href":"https:\/\/sites.usp.br\/ppgmus\/wp-json\/wp\/v2\/pages"}],"about":[{"href":"https:\/\/sites.usp.br\/ppgmus\/wp-json\/wp\/v2\/types\/page"}],"author":[{"embeddable":true,"href":"https:\/\/sites.usp.br\/ppgmus\/wp-json\/wp\/v2\/users\/205"}],"replies":[{"embeddable":true,"href":"https:\/\/sites.usp.br\/ppgmus\/wp-json\/wp\/v2\/comments?post=672"}],"version-history":[{"count":5,"href":"https:\/\/sites.usp.br\/ppgmus\/wp-json\/wp\/v2\/pages\/672\/revisions"}],"predecessor-version":[{"id":2455,"href":"https:\/\/sites.usp.br\/ppgmus\/wp-json\/wp\/v2\/pages\/672\/revisions\/2455"}],"wp:attachment":[{"href":"https:\/\/sites.usp.br\/ppgmus\/wp-json\/wp\/v2\/media?parent=672"}],"curies":[{"name":"wp","href":"https:\/\/api.w.org\/{rel}","templated":true}]}}