{"id":89,"date":"2014-04-23T11:34:25","date_gmt":"2014-04-23T14:34:25","guid":{"rendered":"http:\/\/sites.usp.brprp\/?page_id=89"},"modified":"2025-09-26T15:58:34","modified_gmt":"2025-09-26T18:58:34","slug":"institucional","status":"publish","type":"page","link":"https:\/\/sites.usp.br\/ppgmus\/institucional\/","title":{"rendered":"Institucional"},"content":{"rendered":"<p><strong>MISS\u00c3O <\/strong><\/p>\n<p>O PPGMus-USP tem como miss\u00e3o a forma\u00e7\u00e3o profissional e a pesquisa em Museologia, ancoradas nas responsabilidades museol\u00f3gico-curatoriais referentes \u00e0s m\u00faltiplas esferas do repert\u00f3rio patrimonial, com vistas a contribuir para o empoderamento, emancipa\u00e7\u00e3o e inclus\u00e3o sociais referentes \u00e0 produ\u00e7\u00e3o de conhecimento, \u00e0 educa\u00e7\u00e3o para o patrim\u00f4nio e ao exerc\u00edcio da cidadania.<\/p>\n<p><strong>\u00a0<\/strong><\/p>\n<p><strong>OBJETIVOS <\/strong><\/p>\n<p>O PPGMus-USP tem como objetivo geral contribuir com a constru\u00e7\u00e3o de conhecimento em Museologia, reconhecendo e valorizando o car\u00e1ter deste campo de conhecimento, a diversidade de contribui\u00e7\u00f5es acad\u00eamicas e o delineamento dos estudos e das a\u00e7\u00f5es museol\u00f3gico-curatoriais. Caracteriza-se pela \u00eanfase nas diversas especificidades e especialidades reconhecidas e em emerg\u00eancia no cen\u00e1rio museal, como tamb\u00e9m, pela intera\u00e7\u00e3o com outras \u00e1reas de conhecimento. Pretende-se projetar a Museologia para o universo da salvaguarda de bens tang\u00edveis e intang\u00edveis e para a din\u00e2mica de suas potencialidades comunicacionais e educacionais, com vistas \u00e0 reverbera\u00e7\u00e3o dos indicadores da heran\u00e7a cultural e, ainda, para o cumprimento de seus compromissos de planejamento institucional e gest\u00e3o dos bens patrimoniais no contexto de pol\u00edticas p\u00fablicas e do exerc\u00edcio da cidadania.<\/p>\n<p>&nbsp;<\/p>\n<p><strong>HIST\u00d3RICO<\/strong><\/p>\n<p>O Programa de P\u00f3s-Gradua\u00e7\u00e3o Interunidades em Museologia da Universidade de S\u00e3o Paulo (PPGMus-USP) foi criado pela iniciativa dos e articula\u00e7\u00e3o entre os ent\u00e3o quatro Diretores dos museus estatut\u00e1rios da USP, com a lideran\u00e7a do Prof. Dr. Jos\u00e9 Luiz de Morais, Profa. Dra. Cec\u00edlia Helena Salles Oliveira, Prof. Dr. Domingos Tadeu Chiarelli e Prof. Dr. Prof. Dr. Hussam El Dine Zaher. Inaugurado em 2012, re\u00fane docentes dos quatro museus da USP \u2013 Museu de Arqueologia e Etnologia \u2013 MAE, Museu de Arte Contempor\u00e2nea \u2013 MAC, Museu Paulista \u2013 MP e Museu de Zoologia \u2013 MZ. \u00c9 essa reuni\u00e3o de institui\u00e7\u00f5es, com suas caracter\u00edsticas e potencialidades espec\u00edficas, e quadros de pesquisadores do campo da Museologia que d\u00e1 corpo e forma ao PPGMus-USP. Dessa forma, o curso de mestrado se estrutura em uma vis\u00e3o plural e ampliada da Museologia, contemplando diversas contribui\u00e7\u00f5es e permitindo, ainda, o exerc\u00edcio da interdisciplinaridade e as trocas com outros campos de conhecimento com os quais a Museologia deve interagir para sua constitui\u00e7\u00e3o.O vi\u00e9s conceitual que constitui o PPGMus-USP \u00e9 a curadoria como conjunto de a\u00e7\u00f5es em torno do objeto museol\u00f3gico\/acervo de museu.<\/p>\n","protected":false},"excerpt":{"rendered":"<p>MISS\u00c3O O PPGMus-USP tem como miss\u00e3o a forma\u00e7\u00e3o profissional e a pesquisa em Museologia, ancoradas [&hellip;]<\/p>\n","protected":false},"author":13,"featured_media":0,"parent":0,"menu_order":0,"comment_status":"closed","ping_status":"closed","template":"","meta":{"_monsterinsights_skip_tracking":false,"_monsterinsights_sitenote_active":false,"_monsterinsights_sitenote_note":"","_monsterinsights_sitenote_category":0,"footnotes":"","_links_to":"","_links_to_target":""},"class_list":["post-89","page","type-page","status-publish","hentry"],"_links":{"self":[{"href":"https:\/\/sites.usp.br\/ppgmus\/wp-json\/wp\/v2\/pages\/89","targetHints":{"allow":["GET"]}}],"collection":[{"href":"https:\/\/sites.usp.br\/ppgmus\/wp-json\/wp\/v2\/pages"}],"about":[{"href":"https:\/\/sites.usp.br\/ppgmus\/wp-json\/wp\/v2\/types\/page"}],"author":[{"embeddable":true,"href":"https:\/\/sites.usp.br\/ppgmus\/wp-json\/wp\/v2\/users\/13"}],"replies":[{"embeddable":true,"href":"https:\/\/sites.usp.br\/ppgmus\/wp-json\/wp\/v2\/comments?post=89"}],"version-history":[{"count":4,"href":"https:\/\/sites.usp.br\/ppgmus\/wp-json\/wp\/v2\/pages\/89\/revisions"}],"predecessor-version":[{"id":2456,"href":"https:\/\/sites.usp.br\/ppgmus\/wp-json\/wp\/v2\/pages\/89\/revisions\/2456"}],"wp:attachment":[{"href":"https:\/\/sites.usp.br\/ppgmus\/wp-json\/wp\/v2\/media?parent=89"}],"curies":[{"name":"wp","href":"https:\/\/api.w.org\/{rel}","templated":true}]}}