{"id":1088,"date":"2019-12-03T15:26:27","date_gmt":"2019-12-03T18:26:27","guid":{"rendered":"https:\/\/sites.usp.br\/ppgog\/?page_id=1088"},"modified":"2021-09-20T14:56:50","modified_gmt":"2021-09-20T17:56:50","slug":"producao-cientifica","status":"publish","type":"page","link":"https:\/\/sites.usp.br\/ppgog\/producao-cientifica\/","title":{"rendered":"Produ\u00e7\u00e3o Cient\u00edfica"},"content":{"rendered":"<p><strong><a href=\"https:\/\/sites.usp.br\/ppgog\/producao-cientifica\/publicacoes\/\">Publica\u00e7\u00f5es<\/a><\/strong><\/p>\n<p><strong><a href=\"https:\/\/sites.usp.br\/ppgog\/producao-cientifica\/teses-e-dissertacoes\/\">Teses e Disserta\u00e7\u00f5es<\/a><\/strong><\/p>\n","protected":false},"excerpt":{"rendered":"<p>Publica\u00e7\u00f5es Teses e Disserta\u00e7\u00f5es<\/p>\n","protected":false},"author":1126,"featured_media":0,"parent":0,"menu_order":0,"comment_status":"closed","ping_status":"closed","template":"","meta":{"_monsterinsights_skip_tracking":false,"_monsterinsights_sitenote_active":false,"_monsterinsights_sitenote_note":"","_monsterinsights_sitenote_category":0,"footnotes":"","_links_to":"","_links_to_target":""},"class_list":["post-1088","page","type-page","status-publish","hentry"],"_links":{"self":[{"href":"https:\/\/sites.usp.br\/ppgog\/wp-json\/wp\/v2\/pages\/1088","targetHints":{"allow":["GET"]}}],"collection":[{"href":"https:\/\/sites.usp.br\/ppgog\/wp-json\/wp\/v2\/pages"}],"about":[{"href":"https:\/\/sites.usp.br\/ppgog\/wp-json\/wp\/v2\/types\/page"}],"author":[{"embeddable":true,"href":"https:\/\/sites.usp.br\/ppgog\/wp-json\/wp\/v2\/users\/1126"}],"replies":[{"embeddable":true,"href":"https:\/\/sites.usp.br\/ppgog\/wp-json\/wp\/v2\/comments?post=1088"}],"version-history":[{"count":4,"href":"https:\/\/sites.usp.br\/ppgog\/wp-json\/wp\/v2\/pages\/1088\/revisions"}],"predecessor-version":[{"id":1705,"href":"https:\/\/sites.usp.br\/ppgog\/wp-json\/wp\/v2\/pages\/1088\/revisions\/1705"}],"wp:attachment":[{"href":"https:\/\/sites.usp.br\/ppgog\/wp-json\/wp\/v2\/media?parent=1088"}],"curies":[{"name":"wp","href":"https:\/\/api.w.org\/{rel}","templated":true}]}}