{"id":1091,"date":"2019-12-03T15:28:01","date_gmt":"2019-12-03T18:28:01","guid":{"rendered":"https:\/\/sites.usp.br\/ppgog\/?page_id=1091"},"modified":"2019-12-17T15:39:28","modified_gmt":"2019-12-17T18:39:28","slug":"publicacoes","status":"publish","type":"page","link":"https:\/\/sites.usp.br\/ppgog\/producao-cientifica\/publicacoes\/","title":{"rendered":"Publica\u00e7\u00f5es"},"content":{"rendered":"<p><a href=\"https:\/\/sites.usp.br\/ppgog\/producao-cientifica\/publicacoes\/publicacoes-com-alunos\/\">Publica\u00e7\u00f5es com Alunos<\/a><\/p>\n<p><a href=\"https:\/\/sites.usp.br\/ppgog\/producao-cientifica\/publicacoes\/publicacoes-dos-orientadores\/\">Publica\u00e7\u00f5es dos Orientadores<\/a><\/p>\n<p>&nbsp;<\/p>\n","protected":false},"excerpt":{"rendered":"<p>Publica\u00e7\u00f5es com Alunos Publica\u00e7\u00f5es dos Orientadores &nbsp;<\/p>\n","protected":false},"author":1126,"featured_media":0,"parent":1088,"menu_order":0,"comment_status":"closed","ping_status":"closed","template":"","meta":{"_monsterinsights_skip_tracking":false,"_monsterinsights_sitenote_active":false,"_monsterinsights_sitenote_note":"","_monsterinsights_sitenote_category":0,"footnotes":"","_links_to":"","_links_to_target":""},"class_list":["post-1091","page","type-page","status-publish","hentry"],"_links":{"self":[{"href":"https:\/\/sites.usp.br\/ppgog\/wp-json\/wp\/v2\/pages\/1091","targetHints":{"allow":["GET"]}}],"collection":[{"href":"https:\/\/sites.usp.br\/ppgog\/wp-json\/wp\/v2\/pages"}],"about":[{"href":"https:\/\/sites.usp.br\/ppgog\/wp-json\/wp\/v2\/types\/page"}],"author":[{"embeddable":true,"href":"https:\/\/sites.usp.br\/ppgog\/wp-json\/wp\/v2\/users\/1126"}],"replies":[{"embeddable":true,"href":"https:\/\/sites.usp.br\/ppgog\/wp-json\/wp\/v2\/comments?post=1091"}],"version-history":[{"count":4,"href":"https:\/\/sites.usp.br\/ppgog\/wp-json\/wp\/v2\/pages\/1091\/revisions"}],"predecessor-version":[{"id":1457,"href":"https:\/\/sites.usp.br\/ppgog\/wp-json\/wp\/v2\/pages\/1091\/revisions\/1457"}],"up":[{"embeddable":true,"href":"https:\/\/sites.usp.br\/ppgog\/wp-json\/wp\/v2\/pages\/1088"}],"wp:attachment":[{"href":"https:\/\/sites.usp.br\/ppgog\/wp-json\/wp\/v2\/media?parent=1091"}],"curies":[{"name":"wp","href":"https:\/\/api.w.org\/{rel}","templated":true}]}}