{"id":1161,"date":"2019-12-10T09:13:34","date_gmt":"2019-12-10T12:13:34","guid":{"rendered":"https:\/\/sites.usp.br\/ppgog\/?page_id=1161"},"modified":"2021-10-27T16:47:52","modified_gmt":"2021-10-27T19:47:52","slug":"infraestrutura","status":"publish","type":"page","link":"https:\/\/sites.usp.br\/ppgog\/programa\/infraestrutura\/","title":{"rendered":"Infraestrutura"},"content":{"rendered":"<p><u>Laborat\u00f3rios<\/u><\/p>\n<p>O Programa conta com 2 (dois) laborat\u00f3rios de investiga\u00e7\u00e3o de investiga\u00e7\u00e3o m\u00e9dica &#8211; LIM\/57 \u2013 Laborat\u00f3rio de Fisiologia Obst\u00e9trica e LIM\/58 \u2013 Laborat\u00f3rio de Ginecologia Estrutural e Molecular &#8211; que t\u00eam por objetivo a pesquisa translacional com integra\u00e7\u00e3o da pesquisa cl\u00ednica e b\u00e1sica.\u00a0 Os laborat\u00f3rios disp\u00f5em de infraestrutura para an\u00e1lises de histomorfologia, histomorfometria, imunoistoqu\u00edmica, biologia molecular, sequenciamento gen\u00e9tico e imunofluoresc\u00eancia. Disp\u00f5em, ainda, de infraestrutura para cultura de c\u00e9lulas e biot\u00e9rio para experimenta\u00e7\u00e3o com pequenos animais.<\/p>\n<p><u>Hospital das Cl\u00ednicas da Faculdade de Medicina da USP<\/u><\/p>\n<p>O Programa de P\u00f3s-Gradua\u00e7\u00e3o em Obstetr\u00edcia e Ginecologia conta com dois hospitais universit\u00e1rios um secund\u00e1rio (HU- Hospital Universit\u00e1rio) e outro terci\u00e1rio\/quatern\u00e1rio de alta complexidade (HCFMUSP), que presta atendimento ao SUS, e disp\u00f5e de uma \u00e1rea reestruturada e modernizada. A Obstetr\u00edcia e a Ginecologia est\u00e3o inseridas neste complexo hospitalar com funcionamento 24 horas\/dia no qual atuam profissionais de enfermagem, docentes, m\u00e9dicos contratados, residentes, alunos de Gradua\u00e7\u00e3o e P\u00f3s-Gradua\u00e7\u00e3o, al\u00e9m de estagi\u00e1rios. Essa estrutura hospitalar constitui infraestrutura dispon\u00edvel para as atividades do Programa, especialmente aquelas voltadas \u00e0 pesquisa cl\u00ednica.<\/p>\n<p>Importa referir que a Divis\u00e3o de Cl\u00ednica Obst\u00e9trica do HCFMUSP possui setores especializados nas \u00e1reas de Pr\u00e9-Natal, Medicina Fetal, Gesta\u00e7\u00e3o de Alto Risco compreendendo Cardiopatias, Endocrinopatias, Hemopatias, Doen\u00e7a Trofobl\u00e1stica, Hipertens\u00e3o, Trombofilias, Colagenoses, HIV na Gesta\u00e7\u00e3o, Tumor na Gesta\u00e7\u00e3o, Gesta\u00e7\u00e3o na Adolesc\u00eancia, Gesta\u00e7\u00e3o Gemelar, Gesta\u00e7\u00e3o de Baixo Peso, Prematuridade, Aborto Habitual, Plano de Parto e GAI (Grupo de Apoio Integral \u00e0s gestantes e familiares de fetos com malforma\u00e7\u00e3o). E, a Divis\u00e3o de Cl\u00ednica Ginecol\u00f3gica compreende os setores especializados de Reprodu\u00e7\u00e3o Humana, Uroginecologia, Ginecologia End\u00f3crina, Climat\u00e9rio, Oncologia Ginecol\u00f3gica, Patologias do Trato Genital Inferior, Endoscopia Ginecol\u00f3gica, Ultrassom em Ginecologia, Ginecologia baseada em Evid\u00eancias, Mastologia, Sexualidade, Ginecologia da Inf\u00e2ncia e Adolesc\u00eancia e Endometriose. Esta ampla estrutura cl\u00ednica em conjunto com os Laborat\u00f3rios de Investiga\u00e7\u00e3o M\u00e9dica (LIMs 57 e 58) s\u00e3o a base que suporta o desenvolvimento da pesquisa translacional deste Programa.<\/p>\n<p><u>Recursos de Inform\u00e1tica<\/u><\/p>\n<p>O programa conta com mais de 150 computadores, ligados em rede com acesso \u00e0 internet e que facilitam muito a utiliza\u00e7\u00e3o de bancos de dados para coleta de dados da pesquisa cl\u00ednica. H\u00e1 ainda setor especializado em inform\u00e1tica que auxilia na cria\u00e7\u00e3o e orienta\u00e7\u00e3o dos alunos quanto aos bancos de dados.<\/p>\n<p>O acesso aos peri\u00f3dicos pode ser feito por meio do portal peri\u00f3dicos CAPES e UpToDate, Bireme e OVDI.<\/p>\n<p><u>Biblioteca<\/u><\/p>\n<p>As duas Disciplinas (Obstetr\u00edcia e Ginecologia) possuem bibliotecas com livros e computadores \u00e0 disposi\u00e7\u00e3o para consulta de banco de dados Online. Al\u00e9m disso, os p\u00f3s-graduandos disp\u00f5em da Biblioteca Central da FMUSP e Biblioteca da USP que contam com acervo pr\u00f3prio. A USP disponibiliza ainda uma biblioteca virtual, \u00fatil para a consulta de trabalhos e revistas nacionais e internacionais.<\/p>\n","protected":false},"excerpt":{"rendered":"<p>Laborat\u00f3rios O Programa conta com 2 (dois) laborat\u00f3rios de investiga\u00e7\u00e3o de investiga\u00e7\u00e3o m\u00e9dica &#8211; LIM\/57 \u2013 Laborat\u00f3rio de Fisiologia Obst\u00e9trica e LIM\/58 \u2013 Laborat\u00f3rio de Ginecologia Estrutural e Molecular &#8211; que t\u00eam por objetivo a pesquisa translacional com integra\u00e7\u00e3o da pesquisa cl\u00ednica e b\u00e1sica.\u00a0 Os laborat\u00f3rios disp\u00f5em de infraestrutura para an\u00e1lises de histomorfologia, histomorfometria, imunoistoqu\u00edmica, biologia molecular, sequenciamento gen\u00e9tico e imunofluoresc\u00eancia. Disp\u00f5em, ainda, de infraestrutura para cultura de c\u00e9lulas e biot\u00e9rio para experimenta\u00e7\u00e3o com pequenos animais. Hospital das Cl\u00ednicas da Faculdade de Medicina da USP O Programa de P\u00f3s-Gradua\u00e7\u00e3o em Obstetr\u00edcia e Ginecologia conta com dois hospitais universit\u00e1rios um secund\u00e1rio (HU- Hospital Universit\u00e1rio) e outro terci\u00e1rio\/quatern\u00e1rio de alta complexidade (HCFMUSP), que presta atendimento ao SUS, e disp\u00f5e de uma \u00e1rea reestruturada e modernizada. A Obstetr\u00edcia e a Ginecologia est\u00e3o inseridas neste complexo hospitalar com funcionamento 24 horas\/dia no qual atuam profissionais de enfermagem, docentes, m\u00e9dicos contratados, residentes, alunos de Gradua\u00e7\u00e3o e P\u00f3s-Gradua\u00e7\u00e3o, al\u00e9m de estagi\u00e1rios. Essa estrutura hospitalar constitui infraestrutura dispon\u00edvel para as atividades do Programa, especialmente aquelas voltadas \u00e0 pesquisa cl\u00ednica. Importa referir que a Divis\u00e3o de Cl\u00ednica Obst\u00e9trica do HCFMUSP possui setores especializados nas \u00e1reas de Pr\u00e9-Natal, Medicina Fetal, Gesta\u00e7\u00e3o de Alto Risco compreendendo Cardiopatias, Endocrinopatias, Hemopatias, Doen\u00e7a [&#8230;]<\/p>\n","protected":false},"author":1126,"featured_media":0,"parent":900,"menu_order":0,"comment_status":"closed","ping_status":"closed","template":"","meta":{"_monsterinsights_skip_tracking":false,"_monsterinsights_sitenote_active":false,"_monsterinsights_sitenote_note":"","_monsterinsights_sitenote_category":0,"footnotes":"","_links_to":"","_links_to_target":""},"class_list":["post-1161","page","type-page","status-publish","hentry"],"_links":{"self":[{"href":"https:\/\/sites.usp.br\/ppgog\/wp-json\/wp\/v2\/pages\/1161","targetHints":{"allow":["GET"]}}],"collection":[{"href":"https:\/\/sites.usp.br\/ppgog\/wp-json\/wp\/v2\/pages"}],"about":[{"href":"https:\/\/sites.usp.br\/ppgog\/wp-json\/wp\/v2\/types\/page"}],"author":[{"embeddable":true,"href":"https:\/\/sites.usp.br\/ppgog\/wp-json\/wp\/v2\/users\/1126"}],"replies":[{"embeddable":true,"href":"https:\/\/sites.usp.br\/ppgog\/wp-json\/wp\/v2\/comments?post=1161"}],"version-history":[{"count":4,"href":"https:\/\/sites.usp.br\/ppgog\/wp-json\/wp\/v2\/pages\/1161\/revisions"}],"predecessor-version":[{"id":1735,"href":"https:\/\/sites.usp.br\/ppgog\/wp-json\/wp\/v2\/pages\/1161\/revisions\/1735"}],"up":[{"embeddable":true,"href":"https:\/\/sites.usp.br\/ppgog\/wp-json\/wp\/v2\/pages\/900"}],"wp:attachment":[{"href":"https:\/\/sites.usp.br\/ppgog\/wp-json\/wp\/v2\/media?parent=1161"}],"curies":[{"name":"wp","href":"https:\/\/api.w.org\/{rel}","templated":true}]}}