{"id":1163,"date":"2019-12-10T09:13:43","date_gmt":"2019-12-10T12:13:43","guid":{"rendered":"https:\/\/sites.usp.br\/ppgog\/?page_id=1163"},"modified":"2019-12-12T15:21:22","modified_gmt":"2019-12-12T18:21:22","slug":"avaliacao-capes","status":"publish","type":"page","link":"https:\/\/sites.usp.br\/ppgog\/programa\/avaliacao-capes\/","title":{"rendered":"Avalia\u00e7\u00e3o CAPES"},"content":{"rendered":"<p>&nbsp;<\/p>\n<ul>\n<li><a href=\"https:\/\/sites.usp.br\/ppgog\/wp-content\/uploads\/sites\/593\/2019\/12\/PPGOG_FICHA_AVALIACAO_QUADRIENIO_2013_2016.pdf\" target=\"_blank\" rel=\"noopener noreferrer\">Avalia\u00e7\u00e3o Quadrienal 2017 (2013 a 2016) &#8211; Conceito 5<\/a><\/li>\n<\/ul>\n<ul>\n<li><a href=\"https:\/\/sites.usp.br\/ppgog\/wp-content\/uploads\/sites\/593\/2019\/12\/PPGOG_FICHA_AVALIACAO_TRIENIO_2010_2012.pdf\" target=\"_blank\" rel=\"noopener noreferrer\">Avalia\u00e7\u00e3o Trienal 2013 (2010 a 2012) &#8211; Conceito 4<\/a><\/li>\n<\/ul>\n<ul>\n<li><a href=\"https:\/\/sites.usp.br\/ppgog\/wp-content\/uploads\/sites\/593\/2019\/12\/PPGOG_FICHA_AVALIACAO_TRIENIO_2007_2009.pdf\" target=\"_blank\" rel=\"noopener noreferrer\">Avalia\u00e7\u00e3o Trienal 2010 (2007 a 2009) &#8211; Conceito 4<\/a><\/li>\n<\/ul>\n","protected":false},"excerpt":{"rendered":"<p>&nbsp; Avalia\u00e7\u00e3o Quadrienal 2017 (2013 a 2016) &#8211; Conceito 5 Avalia\u00e7\u00e3o Trienal 2013 (2010 a 2012) &#8211; Conceito 4 Avalia\u00e7\u00e3o Trienal 2010 (2007 a 2009) &#8211; Conceito 4<\/p>\n","protected":false},"author":1126,"featured_media":0,"parent":900,"menu_order":0,"comment_status":"closed","ping_status":"closed","template":"","meta":{"_monsterinsights_skip_tracking":false,"_monsterinsights_sitenote_active":false,"_monsterinsights_sitenote_note":"","_monsterinsights_sitenote_category":0,"footnotes":"","_links_to":"","_links_to_target":""},"class_list":["post-1163","page","type-page","status-publish","hentry"],"_links":{"self":[{"href":"https:\/\/sites.usp.br\/ppgog\/wp-json\/wp\/v2\/pages\/1163","targetHints":{"allow":["GET"]}}],"collection":[{"href":"https:\/\/sites.usp.br\/ppgog\/wp-json\/wp\/v2\/pages"}],"about":[{"href":"https:\/\/sites.usp.br\/ppgog\/wp-json\/wp\/v2\/types\/page"}],"author":[{"embeddable":true,"href":"https:\/\/sites.usp.br\/ppgog\/wp-json\/wp\/v2\/users\/1126"}],"replies":[{"embeddable":true,"href":"https:\/\/sites.usp.br\/ppgog\/wp-json\/wp\/v2\/comments?post=1163"}],"version-history":[{"count":5,"href":"https:\/\/sites.usp.br\/ppgog\/wp-json\/wp\/v2\/pages\/1163\/revisions"}],"predecessor-version":[{"id":1265,"href":"https:\/\/sites.usp.br\/ppgog\/wp-json\/wp\/v2\/pages\/1163\/revisions\/1265"}],"up":[{"embeddable":true,"href":"https:\/\/sites.usp.br\/ppgog\/wp-json\/wp\/v2\/pages\/900"}],"wp:attachment":[{"href":"https:\/\/sites.usp.br\/ppgog\/wp-json\/wp\/v2\/media?parent=1163"}],"curies":[{"name":"wp","href":"https:\/\/api.w.org\/{rel}","templated":true}]}}