{"id":1653,"date":"2021-06-07T12:19:52","date_gmt":"2021-06-07T15:19:52","guid":{"rendered":"https:\/\/sites.usp.br\/ppgog\/?page_id=1653"},"modified":"2021-06-07T15:23:37","modified_gmt":"2021-06-07T18:23:37","slug":"fellowships","status":"publish","type":"page","link":"https:\/\/sites.usp.br\/ppgog\/alunos\/fellowships\/","title":{"rendered":"Fellowships"},"content":{"rendered":"<p>&nbsp;<\/p>\n<p><a href=\"https:\/\/sites.usp.br\/ppgog\/alunos\/bolsas\/\"><img loading=\"lazy\" decoding=\"async\" class=\"wp-image-1569 alignright\" src=\"https:\/\/sites.usp.br\/ppgog\/wp-content\/uploads\/sites\/593\/2019\/12\/cropped-Brazil-icon.png\" alt=\"\" width=\"47\" height=\"28\" data-id=\"1569\" \/><\/a><\/p>\n<p>&#8211; The Graduate Program in Obstetrics and Gynecology of the School of Medicine of the University of S\u00e3o Paulo (<em>Programa de P\u00f3s-Gradua\u00e7\u00e3o em Obstetr\u00edcia e Ginecologia da FMUSP<\/em>) is supported by the national development agencies for Research Projects and human resource training, namely Coordination for the Improvement of Higher Education Personnel (CAPES<em>, Coordena\u00e7\u00e3o de Aperfei\u00e7oamento de Pessoal de N\u00edvel Superior<\/em>), the National Council for Scientific and\u00a0 Technological Development (CNPq<em>,<\/em> <em>Conselho Nacional de Desenvolvimento Cient\u00edfico e Tecnol\u00f3gico<\/em>), and the S\u00e3o Paulo Research Foundation (FAPESP<em>,<\/em> <em>Funda\u00e7\u00e3o de Amparo \u00e0 Pesquisa do Estado de S\u00e3o Paulo<\/em>). These agencies make fellowships available to Graduate Students.<\/p>\n<p>&nbsp;<\/p>\n<p>&#8211; At present, the Program holds 11(eleven) fellowships awarded by CAPES within the Social Demand Program (<em>Programa Demanda Social<\/em>), 4 (four) of which are for the Master\u2019s Program and 7 (seven) for the Doctoral Program. A Student\u2019s application for a CAPES fellowship is submitted by the Student\u2019s Advisor to the Program\u2019s Fellowship Committee.<\/p>\n<p>&nbsp;<\/p>\n<p>&#8211; The Program\u2019s Fellowship Committee is responsible for selecting, awarding, and monitoring the CAPES fellowship recipients. The eligibility and classification criteria for the Fellowships are contingent on the strict bearing of the workload demanded by the Program, the Student\u2019s socioeconomic status, and the Student\u2019s final score on the selection exam. The number of recipients depends on the number of available Fellowships.<\/p>\n<p>&#8211; The Fellowships made available by FAPESP are awarded directly to the Student upon request from the Advisor (<a href=\"http:\/\/www.fapesp.br\/bolsas\/\">http:\/\/www.fapesp.br\/bolsas\/<\/a>).<\/p>\n<p>&nbsp;<\/p>\n<p>&#8211; In 2020, the CNPq changed the distribution system of the Master\u2019s and Doctoral Fellowships, which are now offered through Public Notices\/Calls and are awarded directly to the Student upon request from the Advisor (<a href=\"http:\/\/www.cnpq.br\/web\/guest\/pagina-inicial\">http:\/\/www.cnpq.br\/web\/guest\/pagina-inicial<\/a>)<\/p>\n","protected":false},"excerpt":{"rendered":"<p>&nbsp; &#8211; The Graduate Program in Obstetrics and Gynecology of the School of Medicine of the University of S\u00e3o Paulo (Programa de P\u00f3s-Gradua\u00e7\u00e3o em Obstetr\u00edcia e Ginecologia da FMUSP) is supported by the national development agencies for Research Projects and human resource training, namely Coordination for the Improvement of Higher Education Personnel (CAPES, Coordena\u00e7\u00e3o de Aperfei\u00e7oamento de Pessoal de N\u00edvel Superior), the National Council for Scientific and\u00a0 Technological Development (CNPq, Conselho Nacional de Desenvolvimento Cient\u00edfico e Tecnol\u00f3gico), and the S\u00e3o Paulo Research Foundation (FAPESP, Funda\u00e7\u00e3o de Amparo \u00e0 Pesquisa do Estado de S\u00e3o Paulo). These agencies make fellowships available to Graduate Students. &nbsp; &#8211; At present, the Program holds 11(eleven) fellowships awarded by CAPES within the Social Demand Program (Programa Demanda Social), 4 (four) of which are for the Master\u2019s Program and 7 (seven) for the Doctoral Program. A Student\u2019s application for a CAPES fellowship is submitted by the Student\u2019s Advisor to the Program\u2019s Fellowship Committee. &nbsp; &#8211; The Program\u2019s Fellowship Committee is responsible for selecting, awarding, and monitoring the CAPES fellowship recipients. The eligibility and classification criteria for the Fellowships are contingent on the strict bearing of the workload demanded by the Program, the Student\u2019s socioeconomic status, and the [&#8230;]<\/p>\n","protected":false},"author":1126,"featured_media":0,"parent":916,"menu_order":0,"comment_status":"closed","ping_status":"closed","template":"","meta":{"_monsterinsights_skip_tracking":false,"_monsterinsights_sitenote_active":false,"_monsterinsights_sitenote_note":"","_monsterinsights_sitenote_category":0,"footnotes":"","_links_to":"","_links_to_target":""},"class_list":["post-1653","page","type-page","status-publish","hentry"],"_links":{"self":[{"href":"https:\/\/sites.usp.br\/ppgog\/wp-json\/wp\/v2\/pages\/1653","targetHints":{"allow":["GET"]}}],"collection":[{"href":"https:\/\/sites.usp.br\/ppgog\/wp-json\/wp\/v2\/pages"}],"about":[{"href":"https:\/\/sites.usp.br\/ppgog\/wp-json\/wp\/v2\/types\/page"}],"author":[{"embeddable":true,"href":"https:\/\/sites.usp.br\/ppgog\/wp-json\/wp\/v2\/users\/1126"}],"replies":[{"embeddable":true,"href":"https:\/\/sites.usp.br\/ppgog\/wp-json\/wp\/v2\/comments?post=1653"}],"version-history":[{"count":1,"href":"https:\/\/sites.usp.br\/ppgog\/wp-json\/wp\/v2\/pages\/1653\/revisions"}],"predecessor-version":[{"id":1654,"href":"https:\/\/sites.usp.br\/ppgog\/wp-json\/wp\/v2\/pages\/1653\/revisions\/1654"}],"up":[{"embeddable":true,"href":"https:\/\/sites.usp.br\/ppgog\/wp-json\/wp\/v2\/pages\/916"}],"wp:attachment":[{"href":"https:\/\/sites.usp.br\/ppgog\/wp-json\/wp\/v2\/media?parent=1653"}],"curies":[{"name":"wp","href":"https:\/\/api.w.org\/{rel}","templated":true}]}}